{"id":23334,"date":"2023-01-13T14:13:45","date_gmt":"2023-01-13T14:13:45","guid":{"rendered":"https:\/\/www.mysexualfantasy.eu\/?post_type=product&#038;p=23334"},"modified":"2023-12-06T17:26:27","modified_gmt":"2023-12-06T17:26:27","slug":"obsessive-wonderia-3-pieces-set-s-m","status":"publish","type":"product","link":"https:\/\/www.mysexualfantasy.eu\/en\/product\/obsessive-wonderia-3-pieces-set-s-m\/","title":{"rendered":"OBSESSIVE &#8211; WONDERIA 3 PIECES SET S\/M"},"content":{"rendered":"<p>Espectacular dise\u00f1o, increibles bordados, tirantas muy coquetas, adorables lacitos y completamente rebosante de de sexappeal. Wonderia te sentar\u00e1 fenomenal. A\u00f1ade un poco de picante a tus fantas\u00edas. Es simplemente perfecto y t\u00fa estar\u00e1s\u00a0lista para\u00a0otra noche de pasi\u00f3n. Va a estar lleno de dulces momentos entre los dos.\u00a0<\/p>\n<p>Caracter\u00edsticas.\u00a0<\/p>\n<ul>\n<li>Sensual set de 3 piezas colecci\u00f3n Wonderia<\/li>\n<li>Compuesto por sujetador, liguero y tanga.\u00a0<\/li>\n<li>Realza los pechos.\u00a0<\/li>\n<li>Tirantas regulables y cierre ajustable, muy f\u00e1cil de ajustar.\u00a0<\/li>\n<li>Materiales muy suaves\u00a0<\/li>\n<li>Traviesos lacitos decorativos.\u00a0<\/li>\n<li>Composici\u00f3n: 90% poliamida \/ 10% el\u00e1stano.\u00a0<\/li>\n<li>Talla: S\/M<\/li>\n<\/ul>\n<p 1.5=\"\" color:=\"\" font-size:=\"\" line-height:=\"\" margin-top:=\"\" roboto=\"\" style=\"box-sizing: border-box;\">Obsessive significa inspiraci\u00f3n en la mujer!\u00a0Elegancia, sensualidad, amor a la costura&#8230;.significa mucho para la mujer, pocos son los adjetivos que pueden calificar a Obsessive, donde una labor de a\u00f1os han conseguido unir la mejor relaci\u00f3n calidad-precio.<\/p>\n<p 1.5=\"\" color:=\"\" font-size:=\"\" line-height:=\"\" margin-top:=\"\" roboto=\"\" style=\"box-sizing: border-box;\">\u00a1L\u00edderes mundiales en lencer\u00eda, nadie lo hace mejor!<\/p>\n<p 1.5=\"\" color:=\"\" font-size:=\"\" line-height:=\"\" margin-top:=\"\" roboto=\"\" style=\"box-sizing: border-box; text-align: center;\"><img decoding=\"async\" src=\"https:\/\/store.dreamlove.es\/UserFiles\/images\/SIZES.png\" \/><\/p>\n<p>\u00a0<\/p>","protected":false},"excerpt":{"rendered":"<p>OBSESSIVE &#8211; WONDERIA 3 PIECES SET S\/M<\/p>","protected":false},"featured_media":65966,"comment_status":"open","ping_status":"closed","template":"","meta":{"_monsterinsights_skip_tracking":false,"_monsterinsights_sitenote_active":false,"_monsterinsights_sitenote_note":"","_monsterinsights_sitenote_category":0,"_joinchat":[]},"product_brand":[],"product_cat":[1198,1196,1197,1199,1166,1445],"product_tag":[],"class_list":{"0":"post-23334","1":"product","2":"type-product","3":"status-publish","4":"has-post-thumbnail","6":"product_cat-moda-lencerialenceria-mujerlenceria-picanteconjunto-de-lenceria-sexy","7":"product_cat-moda-lencerialenceria-mujer","8":"product_cat-moda-lencerialenceria-mujerlenceria-picante","9":"product_cat-moda-lencerialenceria-mujerlenceria-sexy","10":"product_cat-moda-lenceria","11":"product_cat-moda-lencerialenceria-mujerlenceria-picantesets-con-liguero","12":"yith_product_brand-obsessive","13":"yith_product_brand-obsessiveobsessive-sets","15":"first","16":"instock","17":"taxable","18":"shipping-taxable","19":"purchasable","20":"product-type-variable"},"aioseo_notices":[],"_links":{"self":[{"href":"https:\/\/www.mysexualfantasy.eu\/en\/wp-json\/wp\/v2\/product\/23334","targetHints":{"allow":["GET"]}}],"collection":[{"href":"https:\/\/www.mysexualfantasy.eu\/en\/wp-json\/wp\/v2\/product"}],"about":[{"href":"https:\/\/www.mysexualfantasy.eu\/en\/wp-json\/wp\/v2\/types\/product"}],"replies":[{"embeddable":true,"href":"https:\/\/www.mysexualfantasy.eu\/en\/wp-json\/wp\/v2\/comments?post=23334"}],"wp:featuredmedia":[{"embeddable":true,"href":"https:\/\/www.mysexualfantasy.eu\/en\/wp-json\/wp\/v2\/media\/65966"}],"wp:attachment":[{"href":"https:\/\/www.mysexualfantasy.eu\/en\/wp-json\/wp\/v2\/media?parent=23334"}],"wp:term":[{"taxonomy":"product_brand","embeddable":true,"href":"https:\/\/www.mysexualfantasy.eu\/en\/wp-json\/wp\/v2\/product_brand?post=23334"},{"taxonomy":"product_cat","embeddable":true,"href":"https:\/\/www.mysexualfantasy.eu\/en\/wp-json\/wp\/v2\/product_cat?post=23334"},{"taxonomy":"product_tag","embeddable":true,"href":"https:\/\/www.mysexualfantasy.eu\/en\/wp-json\/wp\/v2\/product_tag?post=23334"}],"curies":[{"name":"wp","href":"https:\/\/api.w.org\/{rel}","templated":true}]}}