{"id":23599,"date":"2023-04-25T14:11:04","date_gmt":"2023-04-25T14:11:04","guid":{"rendered":"https:\/\/www.mysexualfantasy.eu\/?post_type=product&#038;p=23599"},"modified":"2023-12-06T16:20:20","modified_gmt":"2023-12-06T16:20:20","slug":"satisfyer-men-lubricante-calor-300ml","status":"publish","type":"product","link":"https:\/\/www.mysexualfantasy.eu\/en\/product\/satisfyer-men-lubricante-calor-300ml\/","title":{"rendered":"SATISFYER MEN LUBRICANTE CALOR 300ML"},"content":{"rendered":"<p>El lubricante efecto calor est\u00e1 \u00f3ptimamente adaptado a tu Satisfyer Men e intensifica el placer con el efecto c\u00e1lido que activa la percepci\u00f3n de todo tipo de contacto. El lubricante se puede usar con todos los preservativos y es id\u00f3neo, por eso, para sexo en pareja. El lubricante medicinal libre de aceite y grasa es hipoalerg\u00e9nico y tiene una larga duraci\u00f3n, para que puedas disfrutar del placer hasta el \u00faltimo segundo. El volumen de 300 ml es, por lo tanto, muy duradero.<\/p>\n<ul>\n<li>ideal para el Satisfyer Men<\/li>\n<li>sensual efecto c\u00e1lido<\/li>\n<li>con base acuosa, muy deslizante<\/li>\n<li>compatible con preservativos<\/li>\n<li>sin aceite ni grasa<\/li>\n<\/ul>","protected":false},"excerpt":{"rendered":"<p>PACKAGING DISPONIBLE EN: \/es\/en\/fr\/<\/p>","protected":false},"featured_media":79176,"comment_status":"open","ping_status":"closed","template":"","meta":{"_monsterinsights_skip_tracking":false,"_monsterinsights_sitenote_active":false,"_monsterinsights_sitenote_note":"","_monsterinsights_sitenote_category":0,"_joinchat":[]},"product_brand":[],"product_cat":[1219,1203,1366,1206,1216],"product_tag":[],"class_list":{"0":"post-23599","1":"product","2":"type-product","3":"status-publish","4":"has-post-thumbnail","6":"product_cat-drogueria-para-masajescon-efecto-calor","7":"product_cat-drogueria","8":"product_cat-drogueria-lubricantesefecto-calor","9":"product_cat-drogueria-lubricantes","10":"product_cat-drogueria-para-masajes","11":"yith_product_brand-satisfyer","12":"yith_product_brand-satisfyer-satisfyer-lubricants","14":"first","15":"instock","16":"taxable","17":"shipping-taxable","18":"purchasable","19":"product-type-simple"},"aioseo_notices":[],"_links":{"self":[{"href":"https:\/\/www.mysexualfantasy.eu\/en\/wp-json\/wp\/v2\/product\/23599","targetHints":{"allow":["GET"]}}],"collection":[{"href":"https:\/\/www.mysexualfantasy.eu\/en\/wp-json\/wp\/v2\/product"}],"about":[{"href":"https:\/\/www.mysexualfantasy.eu\/en\/wp-json\/wp\/v2\/types\/product"}],"replies":[{"embeddable":true,"href":"https:\/\/www.mysexualfantasy.eu\/en\/wp-json\/wp\/v2\/comments?post=23599"}],"wp:featuredmedia":[{"embeddable":true,"href":"https:\/\/www.mysexualfantasy.eu\/en\/wp-json\/wp\/v2\/media\/79176"}],"wp:attachment":[{"href":"https:\/\/www.mysexualfantasy.eu\/en\/wp-json\/wp\/v2\/media?parent=23599"}],"wp:term":[{"taxonomy":"product_brand","embeddable":true,"href":"https:\/\/www.mysexualfantasy.eu\/en\/wp-json\/wp\/v2\/product_brand?post=23599"},{"taxonomy":"product_cat","embeddable":true,"href":"https:\/\/www.mysexualfantasy.eu\/en\/wp-json\/wp\/v2\/product_cat?post=23599"},{"taxonomy":"product_tag","embeddable":true,"href":"https:\/\/www.mysexualfantasy.eu\/en\/wp-json\/wp\/v2\/product_tag?post=23599"}],"curies":[{"name":"wp","href":"https:\/\/api.w.org\/{rel}","templated":true}]}}