{"id":23616,"date":"2023-01-13T11:47:02","date_gmt":"2023-01-13T11:47:02","guid":{"rendered":"https:\/\/www.mysexualfantasy.eu\/?post_type=product&#038;p=23616"},"modified":"2023-12-06T15:36:51","modified_gmt":"2023-12-06T15:36:51","slug":"satisfyer-men-manga-lusty-tongues","status":"publish","type":"product","link":"https:\/\/www.mysexualfantasy.eu\/en\/product\/satisfyer-men-manga-lusty-tongues\/","title":{"rendered":"SATISFYER MEN MANGA LUSTY TONGUES"},"content":{"rendered":"<p>Manga interior\u00a0compatible con Satisfyer Men One<\/p>\n<ul>\n<li>Satisfyer Men cabezal opcional<\/li>\n<li>Realista. Sin plastificantes<\/li>\n<li>para el mejor orgasmo<\/li>\n<li>disfruta de la variedad<\/li>\n<li>con lenguas sensuales<\/li>\n<\/ul>\n<p>La manga El Tienta y Complace se traga suavemente su hombr\u00eda en una org\u00eda de labios que abofetean y lamen, despertando su sexo a trav\u00e9s de un v\u00f3rtice de bocas. Satisface su placer como deber\u00eda. Saborea el viaje a medida que alcanzas cada cl\u00edmax salvaje.<\/p>","protected":false},"excerpt":{"rendered":"<p>SATISFYER MEN SLEEVE LUSTY TONGUES<\/p>","protected":false},"featured_media":42942,"comment_status":"open","ping_status":"closed","template":"","meta":{"_monsterinsights_skip_tracking":false,"_monsterinsights_sitenote_active":false,"_monsterinsights_sitenote_note":"","_monsterinsights_sitenote_category":0,"_joinchat":[]},"product_brand":[],"product_cat":[1152,1160,1167,1168],"product_tag":[],"class_list":{"0":"post-23616","1":"product","2":"type-product","3":"status-publish","4":"has-post-thumbnail","6":"product_cat-juguetes-bienestar","7":"product_cat-juguetes-bienestar-juguetes-para-hombres","8":"product_cat-juguetes-bienestar-juguetes-para-hombresmasturbadores-para-ellos","9":"product_cat-juguetes-bienestar-juguetes-para-hombresvaginas-y-anos","10":"yith_product_brand-satisfyer","11":"yith_product_brand-satisfyer-satisfyer-men","13":"first","14":"instock","15":"taxable","16":"shipping-taxable","17":"purchasable","18":"product-type-simple"},"aioseo_notices":[],"_links":{"self":[{"href":"https:\/\/www.mysexualfantasy.eu\/en\/wp-json\/wp\/v2\/product\/23616","targetHints":{"allow":["GET"]}}],"collection":[{"href":"https:\/\/www.mysexualfantasy.eu\/en\/wp-json\/wp\/v2\/product"}],"about":[{"href":"https:\/\/www.mysexualfantasy.eu\/en\/wp-json\/wp\/v2\/types\/product"}],"replies":[{"embeddable":true,"href":"https:\/\/www.mysexualfantasy.eu\/en\/wp-json\/wp\/v2\/comments?post=23616"}],"wp:featuredmedia":[{"embeddable":true,"href":"https:\/\/www.mysexualfantasy.eu\/en\/wp-json\/wp\/v2\/media\/42942"}],"wp:attachment":[{"href":"https:\/\/www.mysexualfantasy.eu\/en\/wp-json\/wp\/v2\/media?parent=23616"}],"wp:term":[{"taxonomy":"product_brand","embeddable":true,"href":"https:\/\/www.mysexualfantasy.eu\/en\/wp-json\/wp\/v2\/product_brand?post=23616"},{"taxonomy":"product_cat","embeddable":true,"href":"https:\/\/www.mysexualfantasy.eu\/en\/wp-json\/wp\/v2\/product_cat?post=23616"},{"taxonomy":"product_tag","embeddable":true,"href":"https:\/\/www.mysexualfantasy.eu\/en\/wp-json\/wp\/v2\/product_tag?post=23616"}],"curies":[{"name":"wp","href":"https:\/\/api.w.org\/{rel}","templated":true}]}}