{"id":23655,"date":"2023-01-13T12:31:10","date_gmt":"2023-01-13T12:31:10","guid":{"rendered":"https:\/\/www.mysexualfantasy.eu\/?post_type=product&#038;p=23655"},"modified":"2023-12-06T17:25:38","modified_gmt":"2023-12-06T17:25:38","slug":"passion-woman-akkie-set-disfraz-enfermera-s-m","status":"publish","type":"product","link":"https:\/\/www.mysexualfantasy.eu\/en\/product\/passion-woman-akkie-set-disfraz-enfermera-s-m\/","title":{"rendered":"PASSION WOMAN AKKIE SET DISFRAZ ENFERMERA S\/M"},"content":{"rendered":"<p>El set de la colecci\u00f3n Akkie\u00a0es una fabuloso set de lencer\u00eda\u00a0con un dise\u00f1o espectacularmente sexy con el que te convertir\u00e1s en una bomba de seducci\u00f3n,\u00a0fabricado por la prestigiosa marca de lencer\u00eda sexy Passion<\/p>\n<ul>\n<li>Set Akkie<\/li>\n<li>Disfraz enfermera<\/li>\n<li style=\"line-height: 20.8px;\">Tanga y gorro a juego incluido<\/li>\n<li>Composici\u00f3n: 90% poliester 10% spandex<\/li>\n<li>Talla S\/M<\/li>\n<\/ul>\n<p><span style=\"line-height: 16.64px;\">Passion es lenceria fabricada en la Union Europea con estrictos controles de calidad, cuidando el maximo detalle tanto en la fabricacion como en sus elementos decorativos, pensado para el mundo actual, personas dinamicas con ganas de innovar y sentirse siempre al dia.<\/span><\/p>\n<p><span style=\"line-height: 16.64px;\"><img decoding=\"async\" alt=\"\" src=\"https:\/\/interno.dreamlove.es\/UserFiles\/images\/banderas.png\" style=\"width: 121px; height: 35px;\" \/><\/span><\/p>","protected":false},"excerpt":{"rendered":"<p>PASSION WOMAN AKKIE SET DISFRAZ ENFERMERA S\/M<\/p>","protected":false},"featured_media":50834,"comment_status":"open","ping_status":"closed","template":"","meta":{"_monsterinsights_skip_tracking":false,"_monsterinsights_sitenote_active":false,"_monsterinsights_sitenote_note":"","_monsterinsights_sitenote_category":0,"_joinchat":[]},"product_brand":[],"product_cat":[1262,1427,1426,1196,1199,1166],"product_tag":[],"class_list":{"0":"post-23655","1":"product","2":"type-product","3":"status-publish","4":"has-post-thumbnail","6":"product_cat-moda-lencerialenceria-mujerdisfraces-mujer","7":"product_cat-moda-lencerialenceria-mujerdisfraces-mujerenfermera","8":"product_cat-moda-lencerialenceria-mujerdisfraces-mujerhalloween","9":"product_cat-moda-lencerialenceria-mujer","10":"product_cat-moda-lencerialenceria-mujerlenceria-sexy","11":"product_cat-moda-lenceria","12":"yith_product_brand-passion","13":"yith_product_brand-passionpassion-woman","14":"yith_product_brand-passionpassion-womanpassion-woman-sets","16":"first","17":"instock","18":"taxable","19":"shipping-taxable","20":"purchasable","21":"product-type-variable"},"aioseo_notices":[],"_links":{"self":[{"href":"https:\/\/www.mysexualfantasy.eu\/en\/wp-json\/wp\/v2\/product\/23655","targetHints":{"allow":["GET"]}}],"collection":[{"href":"https:\/\/www.mysexualfantasy.eu\/en\/wp-json\/wp\/v2\/product"}],"about":[{"href":"https:\/\/www.mysexualfantasy.eu\/en\/wp-json\/wp\/v2\/types\/product"}],"replies":[{"embeddable":true,"href":"https:\/\/www.mysexualfantasy.eu\/en\/wp-json\/wp\/v2\/comments?post=23655"}],"wp:featuredmedia":[{"embeddable":true,"href":"https:\/\/www.mysexualfantasy.eu\/en\/wp-json\/wp\/v2\/media\/50834"}],"wp:attachment":[{"href":"https:\/\/www.mysexualfantasy.eu\/en\/wp-json\/wp\/v2\/media?parent=23655"}],"wp:term":[{"taxonomy":"product_brand","embeddable":true,"href":"https:\/\/www.mysexualfantasy.eu\/en\/wp-json\/wp\/v2\/product_brand?post=23655"},{"taxonomy":"product_cat","embeddable":true,"href":"https:\/\/www.mysexualfantasy.eu\/en\/wp-json\/wp\/v2\/product_cat?post=23655"},{"taxonomy":"product_tag","embeddable":true,"href":"https:\/\/www.mysexualfantasy.eu\/en\/wp-json\/wp\/v2\/product_tag?post=23655"}],"curies":[{"name":"wp","href":"https:\/\/api.w.org\/{rel}","templated":true}]}}