{"id":23839,"date":"2023-01-13T12:19:21","date_gmt":"2023-01-13T12:19:21","guid":{"rendered":"https:\/\/www.mysexualfantasy.eu\/?post_type=product&#038;p=23839"},"modified":"2023-12-06T17:26:30","modified_gmt":"2023-12-06T17:26:30","slug":"passion-woman-leila-teddy-negro-talla-s-m","status":"publish","type":"product","link":"https:\/\/www.mysexualfantasy.eu\/en\/product\/passion-woman-leila-teddy-negro-talla-s-m\/","title":{"rendered":"PASSION WOMAN LEILA TEDDY NEGRO TALLA S\/M"},"content":{"rendered":"<p>Leila\u00a0es un fabuloso teddy con un dise\u00f1o espectacularmente sexy con el que te convertir\u00e1s en una bomba de seducci\u00f3n,\u00a0fabricado por la prestigiosa marca de lencer\u00eda sexy Passion.<\/p>\n<ul>\n<li>Teddy colecci\u00f3n Leila<\/li>\n<li>Color Negro<\/li>\n<li>Composici\u00f3n: 75% poliester \/ 15% polyamida\u00a0\/ 10% elastano<\/li>\n<li>Presentaci\u00f3n en bonita caja illustrada.\u00a0<\/li>\n<li>Talla S\/M<\/li>\n<\/ul>\n<p><span style=\"line-height: 16.64px;\">Passion es lenceria fabricada en la Union Europea con estrictos controles de calidad, cuidando el maximo detalle tanto en la fabricacion como en sus elementos decorativos, pensado para el mundo actual, personas dinamicas con ganas de innovar y sentirse siempre al dia.<\/span><\/p>\n<p><span style=\"line-height: 16.64px;\"><img decoding=\"async\" alt=\"\" src=\"https:\/\/interno.dreamlove.es\/UserFiles\/images\/banderas.png\" style=\"width: 121px; height: 35px;\" \/><\/span><\/p>","protected":false},"excerpt":{"rendered":"<p>PASSION WOMAN LEILA TEDDY NEGRO TALLA S\/M<\/p>","protected":false},"featured_media":49079,"comment_status":"open","ping_status":"closed","template":"","meta":{"_monsterinsights_skip_tracking":false,"_monsterinsights_sitenote_active":false,"_monsterinsights_sitenote_note":"","_monsterinsights_sitenote_category":0,"_joinchat":[]},"product_brand":[],"product_cat":[1448,1196,1197,1166],"product_tag":[],"class_list":{"0":"post-23839","1":"product","2":"type-product","3":"status-publish","4":"has-post-thumbnail","6":"product_cat-moda-lencerialenceria-mujerlenceria-picantebodys-sin-entrepierna","7":"product_cat-moda-lencerialenceria-mujer","8":"product_cat-moda-lencerialenceria-mujerlenceria-picante","9":"product_cat-moda-lenceria","10":"yith_product_brand-passion","11":"yith_product_brand-passionpassion-woman","12":"yith_product_brand-passionpassion-womanpassion-woman-teddies","14":"first","15":"instock","16":"taxable","17":"shipping-taxable","18":"purchasable","19":"product-type-variable"},"aioseo_notices":[],"_links":{"self":[{"href":"https:\/\/www.mysexualfantasy.eu\/en\/wp-json\/wp\/v2\/product\/23839","targetHints":{"allow":["GET"]}}],"collection":[{"href":"https:\/\/www.mysexualfantasy.eu\/en\/wp-json\/wp\/v2\/product"}],"about":[{"href":"https:\/\/www.mysexualfantasy.eu\/en\/wp-json\/wp\/v2\/types\/product"}],"replies":[{"embeddable":true,"href":"https:\/\/www.mysexualfantasy.eu\/en\/wp-json\/wp\/v2\/comments?post=23839"}],"wp:featuredmedia":[{"embeddable":true,"href":"https:\/\/www.mysexualfantasy.eu\/en\/wp-json\/wp\/v2\/media\/49079"}],"wp:attachment":[{"href":"https:\/\/www.mysexualfantasy.eu\/en\/wp-json\/wp\/v2\/media?parent=23839"}],"wp:term":[{"taxonomy":"product_brand","embeddable":true,"href":"https:\/\/www.mysexualfantasy.eu\/en\/wp-json\/wp\/v2\/product_brand?post=23839"},{"taxonomy":"product_cat","embeddable":true,"href":"https:\/\/www.mysexualfantasy.eu\/en\/wp-json\/wp\/v2\/product_cat?post=23839"},{"taxonomy":"product_tag","embeddable":true,"href":"https:\/\/www.mysexualfantasy.eu\/en\/wp-json\/wp\/v2\/product_tag?post=23839"}],"curies":[{"name":"wp","href":"https:\/\/api.w.org\/{rel}","templated":true}]}}