{"id":23855,"date":"2023-01-13T14:30:21","date_gmt":"2023-01-13T14:30:21","guid":{"rendered":"https:\/\/www.mysexualfantasy.eu\/?post_type=product&#038;p=23855"},"modified":"2023-12-06T17:26:30","modified_gmt":"2023-12-06T17:26:30","slug":"passion-woman-ramona-set-talla-s-m","status":"publish","type":"product","link":"https:\/\/www.mysexualfantasy.eu\/en\/product\/passion-woman-ramona-set-talla-s-m\/","title":{"rendered":"PASSION WOMAN RAMONA SET TALLA S\/M"},"content":{"rendered":"<p>El set de la colecci\u00f3n Ramona\u00a0es un fabuloso conjunto de lencer\u00eda\u00a0de dise\u00f1o espectacularmente sexy con el que te convertir\u00e1s en una bomba de seducci\u00f3n,\u00a0fabricado por la prestigiosa marca de lencer\u00eda\u00a0Passion<\/p>\n<p>Caracter\u00edsticas:\u00a0<\/p>\n<ul>\n<li>Set colecci\u00f3n Ramona<\/li>\n<li style=\"line-height: 20.8px;\">Compuesto por sujetador + tanga + liguero<\/li>\n<li>Color Negro<\/li>\n<li>Composici\u00f3n: 75% poliester \/ 15% poliamida \/ 10% el\u00e1stano<\/li>\n<li>Talla S\/M<\/li>\n<\/ul>\n<p><span style=\"line-height: 16.64px;\">Passion es lenceria fabricada en la Union Europea con estrictos controles de calidad, cuidando el maximo detalle tanto en la fabricacion como en sus elementos decorativos, pensado para el mundo actual, personas dinamicas con ganas de innovar y sentirse siempre al dia.<\/span><\/p>\n<p><span style=\"line-height: 16.64px;\"><img decoding=\"async\" alt=\"\" src=\"https:\/\/interno.dreamlove.es\/UserFiles\/images\/banderas.png\" style=\"width: 121px; height: 35px;\" \/><\/span><\/p>","protected":false},"excerpt":{"rendered":"<p>PASSION WOMAN RAMONA SET TALLA S\/M<\/p>","protected":false},"featured_media":68391,"comment_status":"open","ping_status":"closed","template":"","meta":{"_monsterinsights_skip_tracking":false,"_monsterinsights_sitenote_active":false,"_monsterinsights_sitenote_note":"","_monsterinsights_sitenote_category":0,"_joinchat":[]},"product_brand":[],"product_cat":[1196,1197,1166,1445],"product_tag":[],"class_list":{"0":"post-23855","1":"product","2":"type-product","3":"status-publish","4":"has-post-thumbnail","6":"product_cat-moda-lencerialenceria-mujer","7":"product_cat-moda-lencerialenceria-mujerlenceria-picante","8":"product_cat-moda-lenceria","9":"product_cat-moda-lencerialenceria-mujerlenceria-picantesets-con-liguero","10":"yith_product_brand-passion","11":"yith_product_brand-passionpassion-woman","12":"yith_product_brand-passionpassion-womanpassion-woman-sets","14":"first","15":"outofstock","16":"taxable","17":"shipping-taxable","18":"product-type-variable"},"aioseo_notices":[],"_links":{"self":[{"href":"https:\/\/www.mysexualfantasy.eu\/en\/wp-json\/wp\/v2\/product\/23855","targetHints":{"allow":["GET"]}}],"collection":[{"href":"https:\/\/www.mysexualfantasy.eu\/en\/wp-json\/wp\/v2\/product"}],"about":[{"href":"https:\/\/www.mysexualfantasy.eu\/en\/wp-json\/wp\/v2\/types\/product"}],"replies":[{"embeddable":true,"href":"https:\/\/www.mysexualfantasy.eu\/en\/wp-json\/wp\/v2\/comments?post=23855"}],"wp:featuredmedia":[{"embeddable":true,"href":"https:\/\/www.mysexualfantasy.eu\/en\/wp-json\/wp\/v2\/media\/68391"}],"wp:attachment":[{"href":"https:\/\/www.mysexualfantasy.eu\/en\/wp-json\/wp\/v2\/media?parent=23855"}],"wp:term":[{"taxonomy":"product_brand","embeddable":true,"href":"https:\/\/www.mysexualfantasy.eu\/en\/wp-json\/wp\/v2\/product_brand?post=23855"},{"taxonomy":"product_cat","embeddable":true,"href":"https:\/\/www.mysexualfantasy.eu\/en\/wp-json\/wp\/v2\/product_cat?post=23855"},{"taxonomy":"product_tag","embeddable":true,"href":"https:\/\/www.mysexualfantasy.eu\/en\/wp-json\/wp\/v2\/product_tag?post=23855"}],"curies":[{"name":"wp","href":"https:\/\/api.w.org\/{rel}","templated":true}]}}