{"id":2390,"date":"2023-01-13T12:43:42","date_gmt":"2023-01-13T12:43:42","guid":{"rendered":"https:\/\/www.mysexualfantasy.eu\/?post_type=product&#038;p=2390"},"modified":"2023-12-06T15:05:56","modified_gmt":"2023-12-06T15:05:56","slug":"aquaglide-2-en-1-lubricante-masaje-125-ml","status":"publish","type":"product","link":"https:\/\/www.mysexualfantasy.eu\/en\/product\/aquaglide-2-en-1-lubricante-masaje-125-ml\/","title":{"rendered":"AQUAGLIDE 2 EN 1 LUBRICANTE + MASAJE 125 ML"},"content":{"rendered":"<p>Producto lubricante y para masajes, perfecto para ser aplicado en todo el cuerpo, este genio universal combina masajes seductores con una lubricaci\u00f3n efectiva de la zona \u00edntima.<\/p>\n<ul>\n<li>Base de Agua alta calidad.<\/li>\n<\/ul>\n<p>Especialmente bien tolerado por la piel (tolerancia dermatol\u00f3gica y c\u00ednicamente probada), apropiado para el uso con preservativos, pH \u00f3ptimo, soluble en agua y sin grasa.<\/p>\n<p>Envase de 125 ml.<\/p>\n<p><span style=\"line-height: 20.8px;\">Joydivision marca la diferencia!<\/span><\/p>","protected":false},"excerpt":{"rendered":"<p>PACKAGING DISPONIBLE EN: \/es\/en\/de\/<\/p>","protected":false},"featured_media":52961,"comment_status":"open","ping_status":"closed","template":"","meta":{"_monsterinsights_skip_tracking":false,"_monsterinsights_sitenote_active":false,"_monsterinsights_sitenote_note":"","_monsterinsights_sitenote_category":0,"_joinchat":[]},"product_brand":[],"product_cat":[1217,1207,1203,1206,1216],"product_tag":[],"class_list":{"0":"post-2390","1":"product","2":"type-product","3":"status-publish","4":"has-post-thumbnail","6":"product_cat-drogueria-para-masajesaceites-sin-sabores","7":"product_cat-drogueria-lubricantesbase-agua","8":"product_cat-drogueria","9":"product_cat-drogueria-lubricantes","10":"product_cat-drogueria-para-masajes","11":"yith_product_brand-joydivision","12":"yith_product_brand-joydivisionjoydivision-aquaglide","14":"first","15":"instock","16":"taxable","17":"shipping-taxable","18":"purchasable","19":"product-type-simple"},"aioseo_notices":[],"_links":{"self":[{"href":"https:\/\/www.mysexualfantasy.eu\/en\/wp-json\/wp\/v2\/product\/2390","targetHints":{"allow":["GET"]}}],"collection":[{"href":"https:\/\/www.mysexualfantasy.eu\/en\/wp-json\/wp\/v2\/product"}],"about":[{"href":"https:\/\/www.mysexualfantasy.eu\/en\/wp-json\/wp\/v2\/types\/product"}],"replies":[{"embeddable":true,"href":"https:\/\/www.mysexualfantasy.eu\/en\/wp-json\/wp\/v2\/comments?post=2390"}],"wp:featuredmedia":[{"embeddable":true,"href":"https:\/\/www.mysexualfantasy.eu\/en\/wp-json\/wp\/v2\/media\/52961"}],"wp:attachment":[{"href":"https:\/\/www.mysexualfantasy.eu\/en\/wp-json\/wp\/v2\/media?parent=2390"}],"wp:term":[{"taxonomy":"product_brand","embeddable":true,"href":"https:\/\/www.mysexualfantasy.eu\/en\/wp-json\/wp\/v2\/product_brand?post=2390"},{"taxonomy":"product_cat","embeddable":true,"href":"https:\/\/www.mysexualfantasy.eu\/en\/wp-json\/wp\/v2\/product_cat?post=2390"},{"taxonomy":"product_tag","embeddable":true,"href":"https:\/\/www.mysexualfantasy.eu\/en\/wp-json\/wp\/v2\/product_tag?post=2390"}],"curies":[{"name":"wp","href":"https:\/\/api.w.org\/{rel}","templated":true}]}}