{"id":23912,"date":"2023-01-13T13:06:44","date_gmt":"2023-01-13T13:06:44","guid":{"rendered":"https:\/\/www.mysexualfantasy.eu\/?post_type=product&#038;p=23912"},"modified":"2023-12-06T15:54:13","modified_gmt":"2023-12-06T15:54:13","slug":"perfect-fit-hump-gear-negro","status":"publish","type":"product","link":"https:\/\/www.mysexualfantasy.eu\/en\/product\/perfect-fit-hump-gear-negro\/","title":{"rendered":"PERFECT FIT HUMP GEAR NEGRO"},"content":{"rendered":"<p>Hump es el primer plug que se puede utilizar para la penetraci\u00f3n. Puedes usarlo como funda para el pene y despu\u00e9s lentamente insertarlo en la persona que est\u00e1 recibiendo.<\/p>\n<p>Hump Gear est\u00e1 hecho de SilaSkin, que es una mezcla perfecta de Silicona y TPR que lo hace incre\u00edblemente el\u00e1stico, suave pero fuerte por lo que los contornos se adaptan a la anatom\u00eda del receptor.<\/p>\n<p>El receptor disfruta de una circunferencia extra y una longitud extra sin fricci\u00f3n alguna. Su dise\u00f1o incorpora una textura interna que es agradable para ambos jugadores, y est\u00e1 dise\u00f1ado para disfrutar de largas sesiones.<\/p>\n<p>Limpieza: L\u00e1vese bien con jab\u00f3n suave y agua.<\/p>\n<ul>\n<li>Di\u00e1metro Interior: 3 cm<\/li>\n<li>Di\u00e1metro Exterior: 6 cm<\/li>\n<li>Longitud Total: 18.5 cm<\/li>\n<li>Longitud del Eje: 16 cm<\/li>\n<\/ul>","protected":false},"excerpt":{"rendered":"<p>PERFECT FIT HUMP GEAR BLACK<\/p>","protected":false},"featured_media":55627,"comment_status":"open","ping_status":"closed","template":"","meta":{"_monsterinsights_skip_tracking":false,"_monsterinsights_sitenote_active":false,"_monsterinsights_sitenote_note":"","_monsterinsights_sitenote_category":0,"_joinchat":[]},"product_brand":[],"product_cat":[1162,1306,1152,1189],"product_tag":[],"class_list":{"0":"post-23912","1":"product","2":"type-product","3":"status-publish","4":"has-post-thumbnail","6":"product_cat-juguetes-bienestar-anal","7":"product_cat-juguetes-bienestar-analdildos-anales","8":"product_cat-juguetes-bienestar","9":"product_cat-juguetes-bienestar-analplugs-anales","10":"yith_product_brand-perfectfitbrand","12":"first","13":"instock","14":"taxable","15":"shipping-taxable","16":"purchasable","17":"product-type-simple"},"aioseo_notices":[],"_links":{"self":[{"href":"https:\/\/www.mysexualfantasy.eu\/en\/wp-json\/wp\/v2\/product\/23912","targetHints":{"allow":["GET"]}}],"collection":[{"href":"https:\/\/www.mysexualfantasy.eu\/en\/wp-json\/wp\/v2\/product"}],"about":[{"href":"https:\/\/www.mysexualfantasy.eu\/en\/wp-json\/wp\/v2\/types\/product"}],"replies":[{"embeddable":true,"href":"https:\/\/www.mysexualfantasy.eu\/en\/wp-json\/wp\/v2\/comments?post=23912"}],"wp:featuredmedia":[{"embeddable":true,"href":"https:\/\/www.mysexualfantasy.eu\/en\/wp-json\/wp\/v2\/media\/55627"}],"wp:attachment":[{"href":"https:\/\/www.mysexualfantasy.eu\/en\/wp-json\/wp\/v2\/media?parent=23912"}],"wp:term":[{"taxonomy":"product_brand","embeddable":true,"href":"https:\/\/www.mysexualfantasy.eu\/en\/wp-json\/wp\/v2\/product_brand?post=23912"},{"taxonomy":"product_cat","embeddable":true,"href":"https:\/\/www.mysexualfantasy.eu\/en\/wp-json\/wp\/v2\/product_cat?post=23912"},{"taxonomy":"product_tag","embeddable":true,"href":"https:\/\/www.mysexualfantasy.eu\/en\/wp-json\/wp\/v2\/product_tag?post=23912"}],"curies":[{"name":"wp","href":"https:\/\/api.w.org\/{rel}","templated":true}]}}