{"id":23925,"date":"2023-01-13T11:44:05","date_gmt":"2023-01-13T11:44:05","guid":{"rendered":"https:\/\/www.mysexualfantasy.eu\/?post_type=product&#038;p=23925"},"modified":"2023-12-06T16:00:26","modified_gmt":"2023-12-06T16:00:26","slug":"b-vibe-trio-control-remoto-plug-anal-lila","status":"publish","type":"product","link":"https:\/\/www.mysexualfantasy.eu\/en\/product\/b-vibe-trio-control-remoto-plug-anal-lila\/","title":{"rendered":"B-VIBE TRIO CONTROL REMOTO PLUG ANAL LILA"},"content":{"rendered":"<p>Trio es otro bestseller de B-vibe, un plug anal que incorpora 3 potentes motores con 8 niveles de vibraci\u00f3n y 9 modos, sin lugar a dudas el plug anal de tama\u00f1o medio m\u00e1s potente que incorpora technolog\u00eda control remoto.<\/p>\n<ul>\n<li><strong>Vibraci\u00f3n para placer y relajaci\u00f3n\u00a0<\/strong>\u2014 El emocionante placer de la vibraci\u00f3n ayuda a la relajaci\u00f3n de los m\u00fasculos alrededor del ano. El Trio plug incluye 8\u00a0niveles de intensidad y 9\u00a0modos de rotaci\u00f3n<\/li>\n<li><strong>Medidas; 13.5 x 3.2 m<\/strong><\/li>\n<li><strong>100% Body Safe<\/strong>\u00a0\u2014 The Trio Plug est\u00e1 fabricado en silicona premium suave y sedosa, es 100 hipoalerg\u00e9nico, libre de phalatos, libre de latex y no poroso.<\/li>\n<li><strong>No solo para hombres Gays<\/strong>\u00a0\u2014 \u00a0El maravilloso mundo del placer anal no solo ha sido descubierto en la historia por hombres gays, millones de hombres heterosexuales han avanzado en su sexualidad para descubrir que el placer sexual tambi\u00e9n est\u00e1 en la zona anal.<\/li>\n<li><strong>\u00a0Control remoto<\/strong>\u00a0\u2014B-vibe control remoto inteligente,\u00a0este juguete viene dotado un control remoto f\u00e1cil de usar y que trabaja con hasta 30 formas diferentes. As\u00ed que experim\u00e9ntalo solo o en pareja, lo puedes usar en una relaci\u00f3n sexual o como juego en p\u00fablico. Oportunidades infinitas. \u00a0<\/li>\n<li><strong>USB Bateria recargable<\/strong>\u00a0\u2014 Accionado con la CR2032 Lithium , ofrece unas dos horas de juego anal con la bater\u00eda cargada. El indicador inteligente de bater\u00eda hace que la luz parpadee cuando necesita bater\u00eda. \u00a0<\/li>\n<li><strong>Sumergible a primer nivel<\/strong>\u00a0\u2014 El Trio\u00a0Plug est\u00e1 dise\u00f1ado para usar bajo la ducha, pero no es v\u00e1lido para sumergirlo bajo el agua.<\/li>\n<li><strong>Discreto para viajes\u00a0<\/strong>\u2014 El Trio Plug incorpora una bolsa discreta de viajes y adem\u00e1s el vibrador tiene un bloqueo que ayuda a que no se acciones por error en ninguna situaci\u00f3n.<\/li>\n<li><strong>1-a\u00f1o de garant\u00eda\u00a0<\/strong>\u2014 Nuestra garant\u00eda protege a tu juguete de defectos en materiales o mal funcionamiento por 1 a\u00f1o<\/li>\n<li><strong>Gratis gu\u00eda de juego anal\u00a0<\/strong>\u2014 Nosotros creemos que tu juego anal debe ser 100% satisfactorio. Por esto incluimos una peque\u00f1a gu\u00eda para jugar con B-vibe de la mejor forma y sacarle el m\u00e1ximo rendimiento.<\/li>\n<\/ul>\n<p>La revista Mens Health\u00a0 y Brides han nombrado a nuestros juguetes como el mejor sextoy .<\/p>\n<p style=\"text-align: center;\">\u00a0<\/p>","protected":false},"excerpt":{"rendered":"<p>B-VIBE TRIO REMOTE CONTROL PLUG PURPLE<\/p>","protected":false},"featured_media":42113,"comment_status":"open","ping_status":"closed","template":"","meta":{"_monsterinsights_skip_tracking":false,"_monsterinsights_sitenote_active":false,"_monsterinsights_sitenote_note":"","_monsterinsights_sitenote_category":0,"_joinchat":[]},"product_brand":[],"product_cat":[1162,1152,1155,1165,1189,1153,1305,1154],"product_tag":[],"class_list":{"0":"post-23925","1":"product","2":"type-product","3":"status-publish","4":"has-post-thumbnail","6":"product_cat-juguetes-bienestar-anal","7":"product_cat-juguetes-bienestar","8":"product_cat-juguetes-bienestar-juguetes-para-mujeres","9":"product_cat-juguetes-bienestar-juguetes-para-mujeresmasturbadores-para-ellas","10":"product_cat-juguetes-bienestar-analplugs-anales","11":"product_cat-juguetes-bienestar-vibradores","12":"product_cat-juguetes-bienestar-analvibradores-anales","13":"product_cat-juguetes-bienestar-vibradoresvibradores-control-remoto","14":"yith_product_brand-b-vibe","16":"first","17":"instock","18":"taxable","19":"shipping-taxable","20":"purchasable","21":"product-type-simple"},"aioseo_notices":[],"_links":{"self":[{"href":"https:\/\/www.mysexualfantasy.eu\/en\/wp-json\/wp\/v2\/product\/23925","targetHints":{"allow":["GET"]}}],"collection":[{"href":"https:\/\/www.mysexualfantasy.eu\/en\/wp-json\/wp\/v2\/product"}],"about":[{"href":"https:\/\/www.mysexualfantasy.eu\/en\/wp-json\/wp\/v2\/types\/product"}],"replies":[{"embeddable":true,"href":"https:\/\/www.mysexualfantasy.eu\/en\/wp-json\/wp\/v2\/comments?post=23925"}],"wp:featuredmedia":[{"embeddable":true,"href":"https:\/\/www.mysexualfantasy.eu\/en\/wp-json\/wp\/v2\/media\/42113"}],"wp:attachment":[{"href":"https:\/\/www.mysexualfantasy.eu\/en\/wp-json\/wp\/v2\/media?parent=23925"}],"wp:term":[{"taxonomy":"product_brand","embeddable":true,"href":"https:\/\/www.mysexualfantasy.eu\/en\/wp-json\/wp\/v2\/product_brand?post=23925"},{"taxonomy":"product_cat","embeddable":true,"href":"https:\/\/www.mysexualfantasy.eu\/en\/wp-json\/wp\/v2\/product_cat?post=23925"},{"taxonomy":"product_tag","embeddable":true,"href":"https:\/\/www.mysexualfantasy.eu\/en\/wp-json\/wp\/v2\/product_tag?post=23925"}],"curies":[{"name":"wp","href":"https:\/\/api.w.org\/{rel}","templated":true}]}}