{"id":23933,"date":"2023-01-13T11:44:09","date_gmt":"2023-01-13T11:44:09","guid":{"rendered":"https:\/\/www.mysexualfantasy.eu\/?post_type=product&#038;p=23933"},"modified":"2023-12-06T15:53:19","modified_gmt":"2023-12-06T15:53:19","slug":"b-vibe-snug-plug-anal-4-negro","status":"publish","type":"product","link":"https:\/\/www.mysexualfantasy.eu\/en\/product\/b-vibe-snug-plug-anal-4-negro\/","title":{"rendered":"B-VIBE  SNUG PLUG ANAL 4 NEGRO"},"content":{"rendered":"<p>El Snug plug 4\u00a0es ultra confortable con tan solo 257\u00a0gramos de peso este plug anal dise\u00f1ado para mejorar la sensacional anal.<\/p>\n<p>Puedes utilizarlo mientras la pareja penetra porque ayuda a potenciar la sensaci\u00f3n de placer a ambos. Fabricado en silicona suave y sedosa es respetuoso con tu cuerpo.<\/p>\n<ul>\n<li>Dise\u00f1ado para llevarlo vestido con ropa, es muy discreto.<\/li>\n<li>F\u00e1cil inserci\u00f3n<\/li>\n<li>Medidas; 14 X 4.3\u00a0cm<\/li>\n<li>100% Body Safe\u00a0\u2014 The Novice Plug est\u00e1 fabricado en silicona premium suave y sedosa, es 100 hipoalerg\u00e9nico, libre de phalatos, libre de latex y no poroso.<\/li>\n<li>Bolas interiores que mejoran la experiencia sexual.<\/li>\n<li>La cuerda de silicona de 1cm permite una f\u00e1cil extracci\u00f3n y c\u00f3modo a la hora del sexo<\/li>\n<li>Sumergible<\/li>\n<li>Incluye caja para viajes discreta.<\/li>\n<li>Incluye 1 copia con instrucciones de uso de Anal Play.<\/li>\n<li>1 A\u00f1o de garant\u00eda.<\/li>\n<\/ul>","protected":false},"excerpt":{"rendered":"<p>B-VIBE  SNUG PLUG 4 BLACK<\/p>","protected":false},"featured_media":42148,"comment_status":"open","ping_status":"closed","template":"","meta":{"_monsterinsights_skip_tracking":false,"_monsterinsights_sitenote_active":false,"_monsterinsights_sitenote_note":"","_monsterinsights_sitenote_category":0,"_joinchat":[]},"product_brand":[],"product_cat":[1162,1152,1189,1305],"product_tag":[],"class_list":{"0":"post-23933","1":"product","2":"type-product","3":"status-publish","4":"has-post-thumbnail","6":"product_cat-juguetes-bienestar-anal","7":"product_cat-juguetes-bienestar","8":"product_cat-juguetes-bienestar-analplugs-anales","9":"product_cat-juguetes-bienestar-analvibradores-anales","10":"yith_product_brand-b-vibe","12":"first","13":"instock","14":"taxable","15":"shipping-taxable","16":"purchasable","17":"product-type-simple"},"aioseo_notices":[],"_links":{"self":[{"href":"https:\/\/www.mysexualfantasy.eu\/en\/wp-json\/wp\/v2\/product\/23933","targetHints":{"allow":["GET"]}}],"collection":[{"href":"https:\/\/www.mysexualfantasy.eu\/en\/wp-json\/wp\/v2\/product"}],"about":[{"href":"https:\/\/www.mysexualfantasy.eu\/en\/wp-json\/wp\/v2\/types\/product"}],"replies":[{"embeddable":true,"href":"https:\/\/www.mysexualfantasy.eu\/en\/wp-json\/wp\/v2\/comments?post=23933"}],"wp:featuredmedia":[{"embeddable":true,"href":"https:\/\/www.mysexualfantasy.eu\/en\/wp-json\/wp\/v2\/media\/42148"}],"wp:attachment":[{"href":"https:\/\/www.mysexualfantasy.eu\/en\/wp-json\/wp\/v2\/media?parent=23933"}],"wp:term":[{"taxonomy":"product_brand","embeddable":true,"href":"https:\/\/www.mysexualfantasy.eu\/en\/wp-json\/wp\/v2\/product_brand?post=23933"},{"taxonomy":"product_cat","embeddable":true,"href":"https:\/\/www.mysexualfantasy.eu\/en\/wp-json\/wp\/v2\/product_cat?post=23933"},{"taxonomy":"product_tag","embeddable":true,"href":"https:\/\/www.mysexualfantasy.eu\/en\/wp-json\/wp\/v2\/product_tag?post=23933"}],"curies":[{"name":"wp","href":"https:\/\/api.w.org\/{rel}","templated":true}]}}