{"id":23948,"date":"2023-01-13T14:26:38","date_gmt":"2023-01-13T14:26:38","guid":{"rendered":"https:\/\/www.mysexualfantasy.eu\/?post_type=product&#038;p=23948"},"modified":"2023-12-06T16:00:20","modified_gmt":"2023-12-06T16:00:20","slug":"nalone-yoni-masajeador-doble-cabezal","status":"publish","type":"product","link":"https:\/\/www.mysexualfantasy.eu\/en\/product\/nalone-yoni-masajeador-doble-cabezal\/","title":{"rendered":"NALONE YONI MASAJEADOR DOBLE CABEZAL"},"content":{"rendered":"<p>Con un dise\u00f1o espectacular, Yoni te proporcionar\u00e1 profundas vibraciones para estimular tanto por dentro, como por fuera, sola o acompa\u00f1ada. Los 7 modos diferentes de vibraci\u00f3n te permiten que puedas escoger tu combinaci\u00f3n perfecta gracias a su doble cabezal, su largo eje y que puedas disfrutar por igual en cada uno de sus cabezales.\u00a0<\/p>\n<p>Caracter\u00edsticas:\u00a0<\/p>\n<ul>\n<li>Material: Silicona y metal<\/li>\n<li>Bater\u00eda: Litio<\/li>\n<li>Ru\u00eddo: Menos de 50 dB<\/li>\n<li>Modos de vibraci\u00f3n: 7<\/li>\n<li>Modos de wobbling: 7<\/li>\n<li>Longitud: 230 mm<\/li>\n<li>Ancho: 42 mm<\/li>\n<\/ul>\n<p>Ahora con Nalone, placer como nunca antes. No est\u00e1s sol@<\/p>","protected":false},"excerpt":{"rendered":"<p>NALONE YONI DOUBLE HEAD MASSAGER<\/p>","protected":false},"featured_media":67617,"comment_status":"open","ping_status":"closed","template":"","meta":{"_monsterinsights_skip_tracking":false,"_monsterinsights_sitenote_active":false,"_monsterinsights_sitenote_note":"","_monsterinsights_sitenote_category":0,"_joinchat":[]},"product_brand":[],"product_cat":[1152,1155,1310,1153],"product_tag":[],"class_list":{"0":"post-23948","1":"product","2":"type-product","3":"status-publish","4":"has-post-thumbnail","6":"product_cat-juguetes-bienestar","7":"product_cat-juguetes-bienestar-juguetes-para-mujeres","8":"product_cat-juguetes-bienestar-juguetes-para-mujeresmasajeadores","9":"product_cat-juguetes-bienestar-vibradores","10":"yith_product_brand-nalone","12":"first","13":"instock","14":"taxable","15":"shipping-taxable","16":"purchasable","17":"product-type-simple"},"aioseo_notices":[],"_links":{"self":[{"href":"https:\/\/www.mysexualfantasy.eu\/en\/wp-json\/wp\/v2\/product\/23948","targetHints":{"allow":["GET"]}}],"collection":[{"href":"https:\/\/www.mysexualfantasy.eu\/en\/wp-json\/wp\/v2\/product"}],"about":[{"href":"https:\/\/www.mysexualfantasy.eu\/en\/wp-json\/wp\/v2\/types\/product"}],"replies":[{"embeddable":true,"href":"https:\/\/www.mysexualfantasy.eu\/en\/wp-json\/wp\/v2\/comments?post=23948"}],"wp:featuredmedia":[{"embeddable":true,"href":"https:\/\/www.mysexualfantasy.eu\/en\/wp-json\/wp\/v2\/media\/67617"}],"wp:attachment":[{"href":"https:\/\/www.mysexualfantasy.eu\/en\/wp-json\/wp\/v2\/media?parent=23948"}],"wp:term":[{"taxonomy":"product_brand","embeddable":true,"href":"https:\/\/www.mysexualfantasy.eu\/en\/wp-json\/wp\/v2\/product_brand?post=23948"},{"taxonomy":"product_cat","embeddable":true,"href":"https:\/\/www.mysexualfantasy.eu\/en\/wp-json\/wp\/v2\/product_cat?post=23948"},{"taxonomy":"product_tag","embeddable":true,"href":"https:\/\/www.mysexualfantasy.eu\/en\/wp-json\/wp\/v2\/product_tag?post=23948"}],"curies":[{"name":"wp","href":"https:\/\/api.w.org\/{rel}","templated":true}]}}