{"id":23949,"date":"2023-01-13T12:02:22","date_gmt":"2023-01-13T12:02:22","guid":{"rendered":"https:\/\/www.mysexualfantasy.eu\/?post_type=product&#038;p=23949"},"modified":"2023-12-06T16:00:21","modified_gmt":"2023-12-06T16:00:21","slug":"nalone-vibrador-updown-y-rabbit-con-rotacion","status":"publish","type":"product","link":"https:\/\/www.mysexualfantasy.eu\/en\/product\/nalone-vibrador-updown-y-rabbit-con-rotacion\/","title":{"rendered":"NALONE VIBRADOR UPDOWN Y RABBIT CON ROTACION"},"content":{"rendered":"<p>Idol Plus es la versi\u00f3n mejorada del Idol que incorpora las funciones de vibraci\u00f3n, rotaci\u00f3n y batida. Todo lo que necesitas para cumplir tus deseos mas profundos. A la misma vez, el Idol Plus tiene funci\u00f3n calor. Permitete disfrutar de un inmenso placer con el vibrador mas completo y usalo sola o juega con tu pareja.\u00a0<\/p>\n<p>Caracter\u00edsticas:\u00a0<\/p>\n<ul>\n<li>Material: Silicona ABS<\/li>\n<li>Bater\u00eda: Litio<\/li>\n<li>Modos de vibraci\u00f3n: 7<\/li>\n<li>Modos de rotaci\u00f3n: 7<\/li>\n<li>Modos de batida: 3<\/li>\n<li>NIvel de impermeabilidad: IP65<\/li>\n<li>Tama\u00f1o: 270 x 75 x 45 mm<\/li>\n<\/ul>\n<p>Ahora con Nalone, placer como nunca antes. No est\u00e1s sol@<\/p>","protected":false},"excerpt":{"rendered":"<p>NALONE UPDOWN FUNCTION AND ROTATING RABBIT<\/p>","protected":false},"featured_media":44854,"comment_status":"open","ping_status":"closed","template":"","meta":{"_monsterinsights_skip_tracking":false,"_monsterinsights_sitenote_active":false,"_monsterinsights_sitenote_note":"","_monsterinsights_sitenote_category":0,"_joinchat":[]},"product_brand":[],"product_cat":[1152,1155,1165,1153,1192],"product_tag":[],"class_list":{"0":"post-23949","1":"product","2":"type-product","3":"status-publish","4":"has-post-thumbnail","6":"product_cat-juguetes-bienestar","7":"product_cat-juguetes-bienestar-juguetes-para-mujeres","8":"product_cat-juguetes-bienestar-juguetes-para-mujeresmasturbadores-para-ellas","9":"product_cat-juguetes-bienestar-vibradores","10":"product_cat-juguetes-bienestar-vibradoresvibradores-hi-tech","11":"yith_product_brand-nalone","13":"first","14":"instock","15":"taxable","16":"shipping-taxable","17":"purchasable","18":"product-type-simple"},"aioseo_notices":[],"_links":{"self":[{"href":"https:\/\/www.mysexualfantasy.eu\/en\/wp-json\/wp\/v2\/product\/23949","targetHints":{"allow":["GET"]}}],"collection":[{"href":"https:\/\/www.mysexualfantasy.eu\/en\/wp-json\/wp\/v2\/product"}],"about":[{"href":"https:\/\/www.mysexualfantasy.eu\/en\/wp-json\/wp\/v2\/types\/product"}],"replies":[{"embeddable":true,"href":"https:\/\/www.mysexualfantasy.eu\/en\/wp-json\/wp\/v2\/comments?post=23949"}],"wp:featuredmedia":[{"embeddable":true,"href":"https:\/\/www.mysexualfantasy.eu\/en\/wp-json\/wp\/v2\/media\/44854"}],"wp:attachment":[{"href":"https:\/\/www.mysexualfantasy.eu\/en\/wp-json\/wp\/v2\/media?parent=23949"}],"wp:term":[{"taxonomy":"product_brand","embeddable":true,"href":"https:\/\/www.mysexualfantasy.eu\/en\/wp-json\/wp\/v2\/product_brand?post=23949"},{"taxonomy":"product_cat","embeddable":true,"href":"https:\/\/www.mysexualfantasy.eu\/en\/wp-json\/wp\/v2\/product_cat?post=23949"},{"taxonomy":"product_tag","embeddable":true,"href":"https:\/\/www.mysexualfantasy.eu\/en\/wp-json\/wp\/v2\/product_tag?post=23949"}],"curies":[{"name":"wp","href":"https:\/\/api.w.org\/{rel}","templated":true}]}}