{"id":23950,"date":"2023-01-13T12:02:22","date_gmt":"2023-01-13T12:02:22","guid":{"rendered":"https:\/\/www.mysexualfantasy.eu\/?post_type=product&#038;p=23950"},"modified":"2023-12-06T16:00:21","modified_gmt":"2023-12-06T16:00:21","slug":"nalone-peri-vibrador-rabbit-y-modo-swing","status":"publish","type":"product","link":"https:\/\/www.mysexualfantasy.eu\/en\/product\/nalone-peri-vibrador-rabbit-y-modo-swing\/","title":{"rendered":"NALONE PERI VIBRADOR  RABBIT Y MODO SWING"},"content":{"rendered":"<p>Peri es un vibrador con lengua flexible. Con un dise\u00f1o muy simple, te permitir\u00e1 disfrutar de inmejorables momentos de placer. Su potente motor y modo oscilante estimular\u00e1 justo en tus puntos favoritos, adem\u00e1s su silicona es de alta calidad. Se avecinan grandes momentos de placer.\u00a0<\/p>\n<p>Caracter\u00edsticas:\u00a0<\/p>\n<ul>\n<li>Material: Silicona ABS<\/li>\n<li>Bater\u00eda: LItio<\/li>\n<li>Nivel de ru\u00eddo: Menos de 50 dB<\/li>\n<li>Modos de vibraci\u00f3n<\/li>\n<li>Modos de swing: 7<\/li>\n<li>Tama\u00f1o: 233 x 67 x 45 mm<\/li>\n<\/ul>\n<p>Ahora con Nalone, placer como nunca antes. No est\u00e1s sol@<\/p>\n<p>\u00a0<\/p>","protected":false},"excerpt":{"rendered":"<p>NALONE PERI VIBRADOR MASAJEADOR CON RABBIT Y MODO SWING<\/p>","protected":false},"featured_media":44859,"comment_status":"open","ping_status":"closed","template":"","meta":{"_monsterinsights_skip_tracking":false,"_monsterinsights_sitenote_active":false,"_monsterinsights_sitenote_note":"","_monsterinsights_sitenote_category":0,"_joinchat":[]},"product_brand":[],"product_cat":[1156,1152,1155,1309,1153,1195],"product_tag":[],"class_list":{"0":"post-23950","1":"product","2":"type-product","3":"status-publish","4":"has-post-thumbnail","6":"product_cat-juguetes-bienestar-juguetes-para-mujeresestimuladores","7":"product_cat-juguetes-bienestar","8":"product_cat-juguetes-bienestar-juguetes-para-mujeres","9":"product_cat-juguetes-bienestar-juguetes-para-mujerespunto-g","10":"product_cat-juguetes-bienestar-vibradores","11":"product_cat-juguetes-bienestar-vibradoresvibradores-rabbit","12":"yith_product_brand-nalone","14":"first","15":"instock","16":"taxable","17":"shipping-taxable","18":"purchasable","19":"product-type-simple"},"aioseo_notices":[],"_links":{"self":[{"href":"https:\/\/www.mysexualfantasy.eu\/en\/wp-json\/wp\/v2\/product\/23950","targetHints":{"allow":["GET"]}}],"collection":[{"href":"https:\/\/www.mysexualfantasy.eu\/en\/wp-json\/wp\/v2\/product"}],"about":[{"href":"https:\/\/www.mysexualfantasy.eu\/en\/wp-json\/wp\/v2\/types\/product"}],"replies":[{"embeddable":true,"href":"https:\/\/www.mysexualfantasy.eu\/en\/wp-json\/wp\/v2\/comments?post=23950"}],"wp:featuredmedia":[{"embeddable":true,"href":"https:\/\/www.mysexualfantasy.eu\/en\/wp-json\/wp\/v2\/media\/44859"}],"wp:attachment":[{"href":"https:\/\/www.mysexualfantasy.eu\/en\/wp-json\/wp\/v2\/media?parent=23950"}],"wp:term":[{"taxonomy":"product_brand","embeddable":true,"href":"https:\/\/www.mysexualfantasy.eu\/en\/wp-json\/wp\/v2\/product_brand?post=23950"},{"taxonomy":"product_cat","embeddable":true,"href":"https:\/\/www.mysexualfantasy.eu\/en\/wp-json\/wp\/v2\/product_cat?post=23950"},{"taxonomy":"product_tag","embeddable":true,"href":"https:\/\/www.mysexualfantasy.eu\/en\/wp-json\/wp\/v2\/product_tag?post=23950"}],"curies":[{"name":"wp","href":"https:\/\/api.w.org\/{rel}","templated":true}]}}