{"id":23951,"date":"2023-01-13T13:29:00","date_gmt":"2023-01-13T13:29:00","guid":{"rendered":"https:\/\/www.mysexualfantasy.eu\/?post_type=product&#038;p=23951"},"modified":"2023-12-06T15:36:57","modified_gmt":"2023-12-06T15:36:57","slug":"nalone-magician-masturbador-con-vibracion","status":"publish","type":"product","link":"https:\/\/www.mysexualfantasy.eu\/en\/product\/nalone-magician-masturbador-con-vibracion\/","title":{"rendered":"NALONE MAGICIAN MASTURBADOR CON VIBRACION"},"content":{"rendered":"<p>Magician es un mastubador masculino sin manos. Est\u00e1 fabricado de un material super suave que te porporcionar\u00e1 compactas sensaciones.<\/p>\n<p>Con 7 modos de vibraci\u00f3n, y multiples frecuencias podr\u00e1s disfrutar de una masturbaci\u00f3n sin manos como nunca antes, ya que gracias a su ventosa podr\u00e1 adherirse casi a cualquier superficie plana, adem\u00e1s podr\u00e1s regular la posici\u00f3n y adaptarlo a la que prefieras en cada momento. Adem\u00e1s tiene la opci\u00f3n de que suene al ritmo de tus batidas para hacer la experiencia\u00a0\u00a0mas real\u00edstica.\u00a0<\/p>\n<p>Characteristics:\u00a0<\/p>\n<ul>\n<li>Material: ABS y TPE<\/li>\n<li>Bater\u00eda: Pol\u00edmero y litio<\/li>\n<li>Ru\u00eddo: Menos de 50 dB<\/li>\n<li>Modos de vibraci\u00f3n: 7<\/li>\n<li>Tama\u00f1o : 320 x 85 mm<\/li>\n<\/ul>\n<p>Ahora con Nalone, placer como nunca antes. No est\u00e1s sol@<\/p>\n<p>\u00a0<\/p>","protected":false},"excerpt":{"rendered":"<p>NALONE MAGICIAN MASTURBATOR WITH VIBRATION<\/p>","protected":false},"featured_media":59822,"comment_status":"open","ping_status":"closed","template":"","meta":{"_monsterinsights_skip_tracking":false,"_monsterinsights_sitenote_active":false,"_monsterinsights_sitenote_note":"","_monsterinsights_sitenote_category":0,"_joinchat":[]},"product_brand":[],"product_cat":[1152,1160,1167],"product_tag":[],"class_list":{"0":"post-23951","1":"product","2":"type-product","3":"status-publish","4":"has-post-thumbnail","6":"product_cat-juguetes-bienestar","7":"product_cat-juguetes-bienestar-juguetes-para-hombres","8":"product_cat-juguetes-bienestar-juguetes-para-hombresmasturbadores-para-ellos","9":"yith_product_brand-nalone","11":"first","12":"instock","13":"taxable","14":"shipping-taxable","15":"purchasable","16":"product-type-simple"},"aioseo_notices":[],"_links":{"self":[{"href":"https:\/\/www.mysexualfantasy.eu\/en\/wp-json\/wp\/v2\/product\/23951","targetHints":{"allow":["GET"]}}],"collection":[{"href":"https:\/\/www.mysexualfantasy.eu\/en\/wp-json\/wp\/v2\/product"}],"about":[{"href":"https:\/\/www.mysexualfantasy.eu\/en\/wp-json\/wp\/v2\/types\/product"}],"replies":[{"embeddable":true,"href":"https:\/\/www.mysexualfantasy.eu\/en\/wp-json\/wp\/v2\/comments?post=23951"}],"wp:featuredmedia":[{"embeddable":true,"href":"https:\/\/www.mysexualfantasy.eu\/en\/wp-json\/wp\/v2\/media\/59822"}],"wp:attachment":[{"href":"https:\/\/www.mysexualfantasy.eu\/en\/wp-json\/wp\/v2\/media?parent=23951"}],"wp:term":[{"taxonomy":"product_brand","embeddable":true,"href":"https:\/\/www.mysexualfantasy.eu\/en\/wp-json\/wp\/v2\/product_brand?post=23951"},{"taxonomy":"product_cat","embeddable":true,"href":"https:\/\/www.mysexualfantasy.eu\/en\/wp-json\/wp\/v2\/product_cat?post=23951"},{"taxonomy":"product_tag","embeddable":true,"href":"https:\/\/www.mysexualfantasy.eu\/en\/wp-json\/wp\/v2\/product_tag?post=23951"}],"curies":[{"name":"wp","href":"https:\/\/api.w.org\/{rel}","templated":true}]}}