{"id":23955,"date":"2023-01-13T12:38:53","date_gmt":"2023-01-13T12:38:53","guid":{"rendered":"https:\/\/www.mysexualfantasy.eu\/?post_type=product&#038;p=23955"},"modified":"2023-12-06T15:02:45","modified_gmt":"2023-12-06T15:02:45","slug":"mixgliss-pretty-lubricante-silicona-flor-de-cereza-50-ml","status":"publish","type":"product","link":"https:\/\/www.mysexualfantasy.eu\/en\/product\/mixgliss-pretty-lubricante-silicona-flor-de-cereza-50-ml\/","title":{"rendered":"MIXGLISS &#8211; PRETTY LUBRICANTE SILICONA FLOR DE CEREZA 50 ML"},"content":{"rendered":"<p>Lubricante Mixgliss Pretty<\/p>\n<p>Esta gama de lubricantes de Mixgliss est\u00e1n fabricados en Francia reuniendo el saber hacer de un laboratorio totalmente especializado que crea fragancias in\u00e9ditas. Hechos a base de silicona, es la f\u00f3rmula sensual por excelencia.<\/p>\n<ul>\n<li>Estos productos son 2 en 1, lubricante y masajeador.<\/li>\n<li>Su duraci\u00f3n de eficacia es superior a los que est\u00e1n hechos a base de agua.<\/li>\n<li>Estos lubricantes no son grasos y dejan la piel lisa, satinada y totalmente perfumada.<\/li>\n<li>Perfecto para una ducha o un ba\u00f1o.<\/li>\n<\/ul>\n<p>Atenci\u00f3n: \u00a1una vez lo pruebes, no podr\u00e1s pasar sin ellos!<\/p>\n<p>Caracter\u00edsticas:<\/p>\n<ul>\n<li>Aroma a flor de cereza<\/li>\n<li>Fabricado en Francia.<\/li>\n<li>Cantidad: 50 ml.<\/li>\n<\/ul>","protected":false},"excerpt":{"rendered":"<p>PACKAGING DISPONIBLE EN: \/en\/fr\/<\/p>","protected":false},"featured_media":52434,"comment_status":"open","ping_status":"closed","template":"","meta":{"_monsterinsights_skip_tracking":false,"_monsterinsights_sitenote_active":false,"_monsterinsights_sitenote_note":"","_monsterinsights_sitenote_category":0,"_joinchat":[]},"product_brand":[],"product_cat":[1210,1212,1203,1206],"product_tag":[],"class_list":{"0":"post-23955","1":"product","2":"type-product","3":"status-publish","4":"has-post-thumbnail","6":"product_cat-drogueria-lubricantesbase-silicona","7":"product_cat-drogueria-lubricantescon-deliciosos-sabores","8":"product_cat-drogueria","9":"product_cat-drogueria-lubricantes","10":"yith_product_brand-mixgliss","12":"first","13":"instock","14":"taxable","15":"shipping-taxable","16":"purchasable","17":"product-type-simple"},"aioseo_notices":[],"_links":{"self":[{"href":"https:\/\/www.mysexualfantasy.eu\/en\/wp-json\/wp\/v2\/product\/23955","targetHints":{"allow":["GET"]}}],"collection":[{"href":"https:\/\/www.mysexualfantasy.eu\/en\/wp-json\/wp\/v2\/product"}],"about":[{"href":"https:\/\/www.mysexualfantasy.eu\/en\/wp-json\/wp\/v2\/types\/product"}],"replies":[{"embeddable":true,"href":"https:\/\/www.mysexualfantasy.eu\/en\/wp-json\/wp\/v2\/comments?post=23955"}],"wp:featuredmedia":[{"embeddable":true,"href":"https:\/\/www.mysexualfantasy.eu\/en\/wp-json\/wp\/v2\/media\/52434"}],"wp:attachment":[{"href":"https:\/\/www.mysexualfantasy.eu\/en\/wp-json\/wp\/v2\/media?parent=23955"}],"wp:term":[{"taxonomy":"product_brand","embeddable":true,"href":"https:\/\/www.mysexualfantasy.eu\/en\/wp-json\/wp\/v2\/product_brand?post=23955"},{"taxonomy":"product_cat","embeddable":true,"href":"https:\/\/www.mysexualfantasy.eu\/en\/wp-json\/wp\/v2\/product_cat?post=23955"},{"taxonomy":"product_tag","embeddable":true,"href":"https:\/\/www.mysexualfantasy.eu\/en\/wp-json\/wp\/v2\/product_tag?post=23955"}],"curies":[{"name":"wp","href":"https:\/\/api.w.org\/{rel}","templated":true}]}}