{"id":23999,"date":"2023-01-13T12:55:13","date_gmt":"2023-01-13T12:55:13","guid":{"rendered":"https:\/\/www.mysexualfantasy.eu\/?post_type=product&#038;p=23999"},"modified":"2023-12-06T15:55:32","modified_gmt":"2023-12-06T15:55:32","slug":"bathmate-hydromax-7-wide-boy-x30-wide-boy-transparente","status":"publish","type":"product","link":"https:\/\/www.mysexualfantasy.eu\/en\/product\/bathmate-hydromax-7-wide-boy-x30-wide-boy-transparente\/","title":{"rendered":"BATHMATE &#8211; HYDROMAX 7 WIDE BOY X30 WIDE BOY TRANSPARENTE"},"content":{"rendered":"<p>Debido al \u00e9xito de las bombas presi\u00f3n bathmathe hemos desarrollado este bathmathe x30wide. Muchos clientes han solicitado que han alcanzado el tama\u00f1o deseado con la bomba H\u00e9rcules o con el X30, sin embargo, quieren seguir creciendo en circunferencia y no en longitud.<\/p>\n<p>El HIDROMAX\u00a07 WIDE BOY (X30 WIDE BOY) est\u00e1 desarrollado para hacer crecer el ancho del pene porque utiliza la presi\u00f3n que necesita el pene para su desarrollo.<\/p>\n<ul>\n<li>Para obtener un resultado perfecto debe utilizar la bomba correcta acorde a su objetivo.<\/li>\n<\/ul>\n<p>Siempre aconsejamos a los clientes comprar nuestras bombas peque\u00f1as e ir incrementando de tama\u00f1o en funci\u00f3n a los resultados.<\/p>","protected":false},"excerpt":{"rendered":"<p>BATHMATE &#8211; HYDROMAX 7 WIDE BOY X30 WIDE BOY CLEAR<\/p>","protected":false},"featured_media":54443,"comment_status":"open","ping_status":"closed","template":"","meta":{"_monsterinsights_skip_tracking":false,"_monsterinsights_sitenote_active":false,"_monsterinsights_sitenote_note":"","_monsterinsights_sitenote_category":0,"_joinchat":[]},"product_brand":[],"product_cat":[1161,1152,1160,1245],"product_tag":[],"class_list":{"0":"post-23999","1":"product","2":"type-product","3":"status-publish","4":"has-post-thumbnail","6":"product_cat-juguetes-bienestar-juguetes-para-hombresbomba-alargadora-pene","7":"product_cat-juguetes-bienestar","8":"product_cat-juguetes-bienestar-juguetes-para-hombres","9":"product_cat-juguetes-bienestar-sistemas-alargamiento-pene","10":"yith_product_brand-bathmate","12":"first","13":"instock","14":"taxable","15":"shipping-taxable","16":"purchasable","17":"product-type-simple"},"aioseo_notices":[],"_links":{"self":[{"href":"https:\/\/www.mysexualfantasy.eu\/en\/wp-json\/wp\/v2\/product\/23999","targetHints":{"allow":["GET"]}}],"collection":[{"href":"https:\/\/www.mysexualfantasy.eu\/en\/wp-json\/wp\/v2\/product"}],"about":[{"href":"https:\/\/www.mysexualfantasy.eu\/en\/wp-json\/wp\/v2\/types\/product"}],"replies":[{"embeddable":true,"href":"https:\/\/www.mysexualfantasy.eu\/en\/wp-json\/wp\/v2\/comments?post=23999"}],"wp:featuredmedia":[{"embeddable":true,"href":"https:\/\/www.mysexualfantasy.eu\/en\/wp-json\/wp\/v2\/media\/54443"}],"wp:attachment":[{"href":"https:\/\/www.mysexualfantasy.eu\/en\/wp-json\/wp\/v2\/media?parent=23999"}],"wp:term":[{"taxonomy":"product_brand","embeddable":true,"href":"https:\/\/www.mysexualfantasy.eu\/en\/wp-json\/wp\/v2\/product_brand?post=23999"},{"taxonomy":"product_cat","embeddable":true,"href":"https:\/\/www.mysexualfantasy.eu\/en\/wp-json\/wp\/v2\/product_cat?post=23999"},{"taxonomy":"product_tag","embeddable":true,"href":"https:\/\/www.mysexualfantasy.eu\/en\/wp-json\/wp\/v2\/product_tag?post=23999"}],"curies":[{"name":"wp","href":"https:\/\/api.w.org\/{rel}","templated":true}]}}