{"id":24002,"date":"2023-01-13T14:20:55","date_gmt":"2023-01-13T14:20:55","guid":{"rendered":"https:\/\/www.mysexualfantasy.eu\/?post_type=product&#038;p=24002"},"modified":"2023-12-06T16:00:28","modified_gmt":"2023-12-06T16:00:28","slug":"bathmate-vibe-bala-vibradora-negro","status":"publish","type":"product","link":"https:\/\/www.mysexualfantasy.eu\/en\/product\/bathmate-vibe-bala-vibradora-negro\/","title":{"rendered":"BATHMATE &#8211; VIBE BALA VIBRADORA NEGRO"},"content":{"rendered":"<p>Potente bala vibradora le da al usuario la ventaja de la combinaci\u00f3n de 2 terapias naturales, hidroterapia y terapia de vibraci\u00f3n.<\/p>\n<ul>\n<li>Recargable con USB.<\/li>\n<li>Estimulaci\u00f3n cl\u00edtoris.<\/li>\n<li>Caja elegante para regalo.<\/li>\n<li>Medidas: 8 cm.<\/li>\n<li>Posee 10 patrones de vibraci\u00f3n de diferente intensidad.<\/li>\n<\/ul>\n<p>Sentir\u00e1s olas de placer a trav\u00e9s de tu cuerpo, ya sea en el dormitorio, en la ducha o en la ba\u00f1era.<\/p>\n<p>Los patrones de vibraci\u00f3n 1, 4 y 10 han sido espec\u00edficamente formulados para producir la frecuencia perfecta para el orgasmo intenso, la llamada \u00abzona m\u00e1gica\u00bb. Los patrones restantes est\u00e1n dise\u00f1ados alrededor del juego sensual.<\/p>","protected":false},"excerpt":{"rendered":"<p>BATHMATE &#8211; VIBE BLACK OS<\/p>","protected":false},"featured_media":66715,"comment_status":"open","ping_status":"closed","template":"","meta":{"_monsterinsights_skip_tracking":false,"_monsterinsights_sitenote_active":false,"_monsterinsights_sitenote_note":"","_monsterinsights_sitenote_category":0,"_joinchat":[]},"product_brand":[],"product_cat":[1311,1156,1152,1155],"product_tag":[],"class_list":{"0":"post-24002","1":"product","2":"type-product","3":"status-publish","4":"has-post-thumbnail","6":"product_cat-juguetes-bienestar-juguetes-para-mujeresestimuladoresbalas-vibradoras","7":"product_cat-juguetes-bienestar-juguetes-para-mujeresestimuladores","8":"product_cat-juguetes-bienestar","9":"product_cat-juguetes-bienestar-juguetes-para-mujeres","10":"yith_product_brand-bathmate","12":"first","13":"instock","14":"taxable","15":"shipping-taxable","16":"purchasable","17":"product-type-simple"},"aioseo_notices":[],"_links":{"self":[{"href":"https:\/\/www.mysexualfantasy.eu\/en\/wp-json\/wp\/v2\/product\/24002","targetHints":{"allow":["GET"]}}],"collection":[{"href":"https:\/\/www.mysexualfantasy.eu\/en\/wp-json\/wp\/v2\/product"}],"about":[{"href":"https:\/\/www.mysexualfantasy.eu\/en\/wp-json\/wp\/v2\/types\/product"}],"replies":[{"embeddable":true,"href":"https:\/\/www.mysexualfantasy.eu\/en\/wp-json\/wp\/v2\/comments?post=24002"}],"wp:featuredmedia":[{"embeddable":true,"href":"https:\/\/www.mysexualfantasy.eu\/en\/wp-json\/wp\/v2\/media\/66715"}],"wp:attachment":[{"href":"https:\/\/www.mysexualfantasy.eu\/en\/wp-json\/wp\/v2\/media?parent=24002"}],"wp:term":[{"taxonomy":"product_brand","embeddable":true,"href":"https:\/\/www.mysexualfantasy.eu\/en\/wp-json\/wp\/v2\/product_brand?post=24002"},{"taxonomy":"product_cat","embeddable":true,"href":"https:\/\/www.mysexualfantasy.eu\/en\/wp-json\/wp\/v2\/product_cat?post=24002"},{"taxonomy":"product_tag","embeddable":true,"href":"https:\/\/www.mysexualfantasy.eu\/en\/wp-json\/wp\/v2\/product_tag?post=24002"}],"curies":[{"name":"wp","href":"https:\/\/api.w.org\/{rel}","templated":true}]}}