{"id":24054,"date":"2023-01-13T13:03:15","date_gmt":"2023-01-13T13:03:15","guid":{"rendered":"https:\/\/www.mysexualfantasy.eu\/?post_type=product&#038;p=24054"},"modified":"2023-12-06T15:37:06","modified_gmt":"2023-12-06T15:37:06","slug":"casual-love-25-anillo-vibrador-lila","status":"publish","type":"product","link":"https:\/\/www.mysexualfantasy.eu\/en\/product\/casual-love-25-anillo-vibrador-lila\/","title":{"rendered":"CASUAL LOVE- 25 ANILLO VIBRADOR LILA"},"content":{"rendered":"<p>CASUAL LOVE RING 25 PINK es un anillo estimulador de cl\u00edtoris y excitador vaginal, con el que podr\u00e9is aumentar el placer en vuestras relaciones intimas, hasta l\u00edmites insospechados.<\/p>\n<p>Fabricado en silicona de primera calidad.<\/p>\n<ul>\n<li>Gracias a su gran flexibilidad, se adapta a cualquier tama\u00f1o de pene.<\/li>\n<li>Dispone de un peque\u00f1o interruptor, para poder encenderlo y pararlo en cualquier momento.<\/li>\n<\/ul>\n<p>Este anillo permite retardar la eyaculaci\u00f3n, mantener tu pene erecto mucho m\u00e1s tiempo y alargar el tiempo de las relaciones sexuales.<\/p>\n<p>Casual ring funciona con 1 pila L754F (Incluida)\u00a0 que\u00a0 adem\u00e1s tras su uso puedes encontrar en las secci\u00f3n Pilas.<\/p>\n<p>Se recomienda el uso de lubricante a base de agua waterfeel y para una perfecta conservaci\u00f3n limpiarlo con agua y finalizar con el esterilizador waterfeel toycleaner.<\/p>","protected":false},"excerpt":{"rendered":"<p>CASUAL LOVE-  RING 25 PURPLE<\/p>","protected":false},"featured_media":55083,"comment_status":"open","ping_status":"closed","template":"","meta":{"_monsterinsights_skip_tracking":false,"_monsterinsights_sitenote_active":false,"_monsterinsights_sitenote_note":"","_monsterinsights_sitenote_category":0,"_joinchat":[]},"product_brand":[],"product_cat":[1170,1172,1171,1152,1160],"product_tag":[],"class_list":{"0":"post-24054","1":"product","2":"type-product","3":"status-publish","4":"has-post-thumbnail","6":"product_cat-juguetes-bienestar-juguetes-para-hombresaccesorios-para-el-pene","7":"product_cat-juguetes-bienestar-juguetes-para-hombresaccesorios-para-el-peneanillos-peneanillos-con-vibracion","8":"product_cat-juguetes-bienestar-juguetes-para-hombresaccesorios-para-el-peneanillos-pene","9":"product_cat-juguetes-bienestar","10":"product_cat-juguetes-bienestar-juguetes-para-hombres","11":"yith_product_brand-casual-love","13":"first","14":"instock","15":"taxable","16":"shipping-taxable","17":"purchasable","18":"product-type-simple"},"aioseo_notices":[],"_links":{"self":[{"href":"https:\/\/www.mysexualfantasy.eu\/en\/wp-json\/wp\/v2\/product\/24054","targetHints":{"allow":["GET"]}}],"collection":[{"href":"https:\/\/www.mysexualfantasy.eu\/en\/wp-json\/wp\/v2\/product"}],"about":[{"href":"https:\/\/www.mysexualfantasy.eu\/en\/wp-json\/wp\/v2\/types\/product"}],"replies":[{"embeddable":true,"href":"https:\/\/www.mysexualfantasy.eu\/en\/wp-json\/wp\/v2\/comments?post=24054"}],"wp:featuredmedia":[{"embeddable":true,"href":"https:\/\/www.mysexualfantasy.eu\/en\/wp-json\/wp\/v2\/media\/55083"}],"wp:attachment":[{"href":"https:\/\/www.mysexualfantasy.eu\/en\/wp-json\/wp\/v2\/media?parent=24054"}],"wp:term":[{"taxonomy":"product_brand","embeddable":true,"href":"https:\/\/www.mysexualfantasy.eu\/en\/wp-json\/wp\/v2\/product_brand?post=24054"},{"taxonomy":"product_cat","embeddable":true,"href":"https:\/\/www.mysexualfantasy.eu\/en\/wp-json\/wp\/v2\/product_cat?post=24054"},{"taxonomy":"product_tag","embeddable":true,"href":"https:\/\/www.mysexualfantasy.eu\/en\/wp-json\/wp\/v2\/product_tag?post=24054"}],"curies":[{"name":"wp","href":"https:\/\/api.w.org\/{rel}","templated":true}]}}