{"id":24136,"date":"2023-01-13T14:50:47","date_gmt":"2023-01-13T14:50:47","guid":{"rendered":"https:\/\/www.mysexualfantasy.eu\/?post_type=product&#038;p=24136"},"modified":"2023-12-06T15:21:25","modified_gmt":"2023-12-06T15:21:25","slug":"dados-sexuales-brillo-oscuridad-es-en-fr-de","status":"publish","type":"product","link":"https:\/\/www.mysexualfantasy.eu\/en\/product\/dados-sexuales-brillo-oscuridad-es-en-fr-de\/","title":{"rendered":"DADOS SEXUALES BRILLO OSCURIDAD ES\/EN\/FR\/DE"},"content":{"rendered":"<p>Un juego muy seductor dise\u00f1ado espec\u00edficamente para jugar en pareja y a\u00f1adir picante a sus vidas sexuales. Se juega por turnos tirando los dados y entonces la acci\u00f3n comienza. El dado que brilla en la oscuridad hace que se pueda jugar a oscuras y mejora la experiencia.\u00a0<\/p>\n<p>Incluye:\u00a0<\/p>\n<ul>\n<li>1 dado rosa de posiciones<\/li>\n<li>1 dado azul de posiciones.\u00a0<\/li>\n<li>1 dado que muestra qui\u00e9n elige la posici\u00f3n as\u00ed como la duraci\u00f3n\u00a0<\/li>\n<\/ul>\n<p>\u00a0<\/p>\n<p>\u00a0<\/p>","protected":false},"excerpt":{"rendered":"<p>KHEPER GAMES DADOS SEXUALES BRILLO OSCURIDAD ES\/EN\/FR\/DE<\/p>","protected":false},"featured_media":71857,"comment_status":"open","ping_status":"closed","template":"","meta":{"_monsterinsights_skip_tracking":false,"_monsterinsights_sitenote_active":false,"_monsterinsights_sitenote_note":"","_monsterinsights_sitenote_category":0,"_joinchat":[]},"product_brand":[],"product_cat":[1237,616,1272,1267,1271,1236],"product_tag":[],"class_list":{"0":"post-24136","1":"product","2":"type-product","3":"status-publish","4":"has-post-thumbnail","6":"product_cat-juegos-juego-de-dados","7":"product_cat-juegos","8":"product_cat-juegos-juegos-en-aleman","9":"product_cat-juegos-juegos-en-espanol","10":"product_cat-juegos-juegos-en-frances","11":"product_cat-juegos-juegos-en-ingles","12":"yith_product_brand-kheper-games","14":"first","15":"instock","16":"taxable","17":"shipping-taxable","18":"purchasable","19":"product-type-simple"},"aioseo_notices":[],"_links":{"self":[{"href":"https:\/\/www.mysexualfantasy.eu\/en\/wp-json\/wp\/v2\/product\/24136","targetHints":{"allow":["GET"]}}],"collection":[{"href":"https:\/\/www.mysexualfantasy.eu\/en\/wp-json\/wp\/v2\/product"}],"about":[{"href":"https:\/\/www.mysexualfantasy.eu\/en\/wp-json\/wp\/v2\/types\/product"}],"replies":[{"embeddable":true,"href":"https:\/\/www.mysexualfantasy.eu\/en\/wp-json\/wp\/v2\/comments?post=24136"}],"wp:featuredmedia":[{"embeddable":true,"href":"https:\/\/www.mysexualfantasy.eu\/en\/wp-json\/wp\/v2\/media\/71857"}],"wp:attachment":[{"href":"https:\/\/www.mysexualfantasy.eu\/en\/wp-json\/wp\/v2\/media?parent=24136"}],"wp:term":[{"taxonomy":"product_brand","embeddable":true,"href":"https:\/\/www.mysexualfantasy.eu\/en\/wp-json\/wp\/v2\/product_brand?post=24136"},{"taxonomy":"product_cat","embeddable":true,"href":"https:\/\/www.mysexualfantasy.eu\/en\/wp-json\/wp\/v2\/product_cat?post=24136"},{"taxonomy":"product_tag","embeddable":true,"href":"https:\/\/www.mysexualfantasy.eu\/en\/wp-json\/wp\/v2\/product_tag?post=24136"}],"curies":[{"name":"wp","href":"https:\/\/api.w.org\/{rel}","templated":true}]}}