{"id":24173,"date":"2023-01-13T14:00:19","date_gmt":"2023-01-13T14:00:19","guid":{"rendered":"https:\/\/www.mysexualfantasy.eu\/?post_type=product&#038;p=24173"},"modified":"2023-12-06T16:15:10","modified_gmt":"2023-12-06T16:15:10","slug":"king-cock-dildo-realistico-uncut-natural-23-cm","status":"publish","type":"product","link":"https:\/\/www.mysexualfantasy.eu\/en\/product\/king-cock-dildo-realistico-uncut-natural-23-cm\/","title":{"rendered":"KING COCK DILDO REALISTICO UNCUT NATURAL 23 CM"},"content":{"rendered":"<p>En absoluto todos los dildos son iguales. Con lo \u00faltimo de King Cock, cumplir\u00e1s todas tus fantas\u00edas ya que se desliza la piel hacia adelante y detr\u00e1s, como en un pene de verdad.\u00a0<\/p>\n<p>Su eje es flexible y el hecho de que el prepucio se pueda mover proporciona sensaciones dificlmente m\u00e1s real\u00edsticas y placenteras . Ademas, su fuerte ventosa, har\u00e1 que pueda adherirse casi a cualquier superficie plana y a arneses compatibles.\u00a0<\/p>\n<p>Usando nuesta f\u00f3rmula propia de doble densidad , hemos creado el primer dildo sin l\u00e1tex con prepucio que se echa para adelante y detr\u00e1s. Como todos los King Cocks, esta nueva serie se caracteriza igualmente por estar pintados a mano para que no se pierda ni un detalle y que sigan siendo los dildos mas real\u00edsticos del mundo.\u00a0<\/p>\n<ul>\n<li>Sin ftalatos<\/li>\n<li>Sin l\u00e1tex\u00a0<\/li>\n<li>Bodysafe<\/li>\n<li>Hipoalerg\u00e9nicos.\u00a0<\/li>\n<li>Longitud: 23\u00a0cm<\/li>\n<li>Ancho: 5.4\u00a0cm<\/li>\n<li>Longitud insertable: 21\u00a0cm<\/li>\n<\/ul>\n<p>\u00a0<\/p>","protected":false},"excerpt":{"rendered":"<p>KING COCK DILDO REALISTICO UNCUT NATURAL 23 CM<\/p>","protected":false},"featured_media":64049,"comment_status":"open","ping_status":"closed","template":"","meta":{"_monsterinsights_skip_tracking":false,"_monsterinsights_sitenote_active":false,"_monsterinsights_sitenote_note":"","_monsterinsights_sitenote_category":0,"_joinchat":[]},"product_brand":[],"product_cat":[1182,1304,1152,1155,1165,1188],"product_tag":[],"class_list":{"0":"post-24173","1":"product","2":"type-product","3":"status-publish","4":"has-post-thumbnail","6":"product_cat-juguetes-bienestar-dildos","7":"product_cat-juguetes-bienestar-dildosdildos-para-arneses","8":"product_cat-juguetes-bienestar","9":"product_cat-juguetes-bienestar-juguetes-para-mujeres","10":"product_cat-juguetes-bienestar-juguetes-para-mujeresmasturbadores-para-ellas","11":"product_cat-juguetes-bienestar-dildospenes-realisticos","12":"yith_product_brand-pipedreamsking-cock","13":"yith_product_brand-pipedreams","15":"first","16":"instock","17":"taxable","18":"shipping-taxable","19":"purchasable","20":"product-type-simple"},"aioseo_notices":[],"_links":{"self":[{"href":"https:\/\/www.mysexualfantasy.eu\/en\/wp-json\/wp\/v2\/product\/24173","targetHints":{"allow":["GET"]}}],"collection":[{"href":"https:\/\/www.mysexualfantasy.eu\/en\/wp-json\/wp\/v2\/product"}],"about":[{"href":"https:\/\/www.mysexualfantasy.eu\/en\/wp-json\/wp\/v2\/types\/product"}],"replies":[{"embeddable":true,"href":"https:\/\/www.mysexualfantasy.eu\/en\/wp-json\/wp\/v2\/comments?post=24173"}],"wp:featuredmedia":[{"embeddable":true,"href":"https:\/\/www.mysexualfantasy.eu\/en\/wp-json\/wp\/v2\/media\/64049"}],"wp:attachment":[{"href":"https:\/\/www.mysexualfantasy.eu\/en\/wp-json\/wp\/v2\/media?parent=24173"}],"wp:term":[{"taxonomy":"product_brand","embeddable":true,"href":"https:\/\/www.mysexualfantasy.eu\/en\/wp-json\/wp\/v2\/product_brand?post=24173"},{"taxonomy":"product_cat","embeddable":true,"href":"https:\/\/www.mysexualfantasy.eu\/en\/wp-json\/wp\/v2\/product_cat?post=24173"},{"taxonomy":"product_tag","embeddable":true,"href":"https:\/\/www.mysexualfantasy.eu\/en\/wp-json\/wp\/v2\/product_tag?post=24173"}],"curies":[{"name":"wp","href":"https:\/\/api.w.org\/{rel}","templated":true}]}}