{"id":24200,"date":"2023-01-13T13:13:46","date_gmt":"2023-01-13T13:13:46","guid":{"rendered":"https:\/\/www.mysexualfantasy.eu\/?post_type=product&#038;p=24200"},"modified":"2023-12-06T15:14:00","modified_gmt":"2023-12-06T15:14:00","slug":"grupo-planeta-las-noches-en-las-que-el-cielo-era-de-color-naranja","status":"publish","type":"product","link":"https:\/\/www.mysexualfantasy.eu\/en\/product\/grupo-planeta-las-noches-en-las-que-el-cielo-era-de-color-naranja\/","title":{"rendered":"GRUPO PLANETA &#8211; LAS NOCHES EN LAS QUE EL CIELO ERA DE COLOR NARANJA"},"content":{"rendered":"<p>Disfruta de esta intensa y emotiva novela rom\u00e1ntico-er\u00f3tica de la mano de la autora revelaci\u00f3n m\u00e1s aclamada por las lectoras<\/p>\n<p>Sinopsis de Las noches en las que el cielo era de color naranja:<\/p>\n<p>Sophie Silver es una chica normal que lleva una vida de lo m\u00e1s normal. Trabaja como camarera, pero su ilusi\u00f3n es ver publicada su primera novela. Lo m\u00e1s emocionante de su d\u00eda a d\u00eda lo protagoniza su amiga Sarah, quien acaba de recibir una beca de periodismo para marcharse a Kosovo, un pa\u00eds que, en pleno 2008, tiene mucho que contar.<\/p>\n<p>Reese Montolivo, el chico del mill\u00f3n de d\u00f3lares de la cadena de televisi\u00f3n ABC, ha visto demasiadas cosas que le impiden sentirse bien consigo mismo. Es arisco, arrogante, exigente y est\u00e1 desencantado del mundo. \u00c9sa es su fachada y, aunque muchas chicas se empe\u00f1en en creer lo contrario, no hay nada m\u00e1s.<\/p>\n<p>Cuando las cosas se tuercen para Sophie en Nueva York, decide empezar de cero y viajar hasta Kosovo con Sarah, sin imaginar todo lo que encontrar\u00e1 all\u00ed.<\/p>\n<p>Sophie y Reese jam\u00e1s sospecharon cu\u00e1nto cambiar\u00edan sus vidas el d\u00eda en que se encontraron por casualidad en Bryant Park. Ambos luchar\u00e1n, sufrir\u00e1n, reir\u00e1n y tomar\u00e1n las decisiones m\u00e1s dif\u00edciles de sus vidas. Todo por el sexo m\u00e1s incre\u00edble, salvaje y adictivo que hayan experimentado jam\u00e1s. Todo por una historia de amor que los marcar\u00e1 para siempre. Todo en las noches en las que el cielo era de color naranja.<\/p>\n<ul>\n<li>N\u00famero de p\u00e1ginas: 408<\/li>\n<\/ul>\n<p>SOBRE EL AUTOR DE LAS NOCHES EN LAS QUE EL CIELO ERA DE COLOR NARANJA<\/p>\n<p>Cristina Prada vive en San Fernando, una peque\u00f1a localidad costera de C\u00e1diz. Casada y con un hijo, siempre ha sentido una especial predilecci\u00f3n por la novela rom\u00e1ntica, g\u00e9nero del cual devora todos los libros que caen en sus manos. Otras de sus pasiones son la escritura y la m\u00fasica.\u00a0<\/p>\n<p>Hasta el momento ha publicado las series: \u00abTodas las canciones de amor que suenan en la radio\u00bb, \u00abManhattan Love\u00bb, \u00abUna caja de discos viejos y unas gafas de sol de 1964\u00bb, as\u00ed como las novelas independientes Las noches en las que el cielo era de color naranja y La sexy caza a la chica Hitchcock.<\/p>","protected":false},"excerpt":{"rendered":"<p>GRUPO PLANETA &#8211; LAS NOCHES EN LAS QUE EL CIELO ERA DE COLOR NARANJA<\/p>","protected":false},"featured_media":56695,"comment_status":"open","ping_status":"closed","template":"","meta":{"_monsterinsights_skip_tracking":false,"_monsterinsights_sitenote_active":false,"_monsterinsights_sitenote_note":"","_monsterinsights_sitenote_category":0,"_joinchat":[]},"product_brand":[],"product_cat":[1240,1253],"product_tag":[],"class_list":{"0":"post-24200","1":"product","2":"type-product","3":"status-publish","4":"has-post-thumbnail","6":"product_cat-articulos-varios","7":"product_cat-articulos-varioslibreria-erotica","8":"yith_product_brand-grupo-planeta","10":"first","11":"instock","12":"taxable","13":"shipping-taxable","14":"purchasable","15":"product-type-simple"},"aioseo_notices":[],"_links":{"self":[{"href":"https:\/\/www.mysexualfantasy.eu\/en\/wp-json\/wp\/v2\/product\/24200","targetHints":{"allow":["GET"]}}],"collection":[{"href":"https:\/\/www.mysexualfantasy.eu\/en\/wp-json\/wp\/v2\/product"}],"about":[{"href":"https:\/\/www.mysexualfantasy.eu\/en\/wp-json\/wp\/v2\/types\/product"}],"replies":[{"embeddable":true,"href":"https:\/\/www.mysexualfantasy.eu\/en\/wp-json\/wp\/v2\/comments?post=24200"}],"wp:featuredmedia":[{"embeddable":true,"href":"https:\/\/www.mysexualfantasy.eu\/en\/wp-json\/wp\/v2\/media\/56695"}],"wp:attachment":[{"href":"https:\/\/www.mysexualfantasy.eu\/en\/wp-json\/wp\/v2\/media?parent=24200"}],"wp:term":[{"taxonomy":"product_brand","embeddable":true,"href":"https:\/\/www.mysexualfantasy.eu\/en\/wp-json\/wp\/v2\/product_brand?post=24200"},{"taxonomy":"product_cat","embeddable":true,"href":"https:\/\/www.mysexualfantasy.eu\/en\/wp-json\/wp\/v2\/product_cat?post=24200"},{"taxonomy":"product_tag","embeddable":true,"href":"https:\/\/www.mysexualfantasy.eu\/en\/wp-json\/wp\/v2\/product_tag?post=24200"}],"curies":[{"name":"wp","href":"https:\/\/api.w.org\/{rel}","templated":true}]}}