{"id":24288,"date":"2023-01-13T11:47:04","date_gmt":"2023-01-13T11:47:04","guid":{"rendered":"https:\/\/www.mysexualfantasy.eu\/?post_type=product&#038;p=24288"},"modified":"2023-12-06T15:37:16","modified_gmt":"2023-12-06T15:37:16","slug":"satisfyer-men-vibracion","status":"publish","type":"product","link":"https:\/\/www.mysexualfantasy.eu\/en\/product\/satisfyer-men-vibracion\/","title":{"rendered":"SATISFYER MEN VIBRACI\u00d3N"},"content":{"rendered":"<p>Satisfyer Men Vibration es un maravillo regalo para que tu mejor parte disfrute de la extraordinaria estimulaci\u00f3n que te mereces. Disfruta de un orgasmo tras otro con sus dos s\u00faper potentes motores: 11 programas de vibraci\u00f3n que te trasladan al s\u00e9ptimo cielo del sexo oral. \u00a1Un art\u00edculo que har\u00e1 las delicias de cualquier hombre!<\/p>\n<ul>\n<li>Silicona medica<\/li>\n<li>Dos potentes motores<\/li>\n<li>Sumergible<\/li>\n<li>11 programas de vibraci\u00f3n<\/li>\n<\/ul>\n<p>Recargable v\u00eda USB con el cable cargador incluido.<\/p>","protected":false},"excerpt":{"rendered":"<p>SATISFYER MEN VIBRATION<\/p>","protected":false},"featured_media":42950,"comment_status":"open","ping_status":"closed","template":"","meta":{"_monsterinsights_skip_tracking":false,"_monsterinsights_sitenote_active":false,"_monsterinsights_sitenote_note":"","_monsterinsights_sitenote_category":0,"_joinchat":[]},"product_brand":[],"product_cat":[1152,1160,1167,1168],"product_tag":[],"class_list":{"0":"post-24288","1":"product","2":"type-product","3":"status-publish","4":"has-post-thumbnail","6":"product_cat-juguetes-bienestar","7":"product_cat-juguetes-bienestar-juguetes-para-hombres","8":"product_cat-juguetes-bienestar-juguetes-para-hombresmasturbadores-para-ellos","9":"product_cat-juguetes-bienestar-juguetes-para-hombresvaginas-y-anos","10":"yith_product_brand-satisfyer","11":"yith_product_brand-satisfyer-satisfyer-men","13":"first","14":"instock","15":"taxable","16":"shipping-taxable","17":"purchasable","18":"product-type-simple"},"aioseo_notices":[],"_links":{"self":[{"href":"https:\/\/www.mysexualfantasy.eu\/en\/wp-json\/wp\/v2\/product\/24288","targetHints":{"allow":["GET"]}}],"collection":[{"href":"https:\/\/www.mysexualfantasy.eu\/en\/wp-json\/wp\/v2\/product"}],"about":[{"href":"https:\/\/www.mysexualfantasy.eu\/en\/wp-json\/wp\/v2\/types\/product"}],"replies":[{"embeddable":true,"href":"https:\/\/www.mysexualfantasy.eu\/en\/wp-json\/wp\/v2\/comments?post=24288"}],"wp:featuredmedia":[{"embeddable":true,"href":"https:\/\/www.mysexualfantasy.eu\/en\/wp-json\/wp\/v2\/media\/42950"}],"wp:attachment":[{"href":"https:\/\/www.mysexualfantasy.eu\/en\/wp-json\/wp\/v2\/media?parent=24288"}],"wp:term":[{"taxonomy":"product_brand","embeddable":true,"href":"https:\/\/www.mysexualfantasy.eu\/en\/wp-json\/wp\/v2\/product_brand?post=24288"},{"taxonomy":"product_cat","embeddable":true,"href":"https:\/\/www.mysexualfantasy.eu\/en\/wp-json\/wp\/v2\/product_cat?post=24288"},{"taxonomy":"product_tag","embeddable":true,"href":"https:\/\/www.mysexualfantasy.eu\/en\/wp-json\/wp\/v2\/product_tag?post=24288"}],"curies":[{"name":"wp","href":"https:\/\/api.w.org\/{rel}","templated":true}]}}