{"id":24366,"date":"2023-01-13T13:14:00","date_gmt":"2023-01-13T13:14:00","guid":{"rendered":"https:\/\/www.mysexualfantasy.eu\/?post_type=product&#038;p=24366"},"modified":"2023-12-06T15:14:16","modified_gmt":"2023-12-06T15:14:16","slug":"grupo-planeta-sexo-4-0-el-amor-en-los-tiempos-de-internet","status":"publish","type":"product","link":"https:\/\/www.mysexualfantasy.eu\/en\/product\/grupo-planeta-sexo-4-0-el-amor-en-los-tiempos-de-internet\/","title":{"rendered":"GRUPO PLANETA &#8211; SEXO 4.0 EL AMOR EN LOS TIEMPOS DE INTERNET"},"content":{"rendered":"<p>Un an\u00e1lisis revolucionario y absolutamente novedoso de la sexualidad.<\/p>\n<p>Sinopsis de Sexo 4.0:<\/p>\n<p>Val\u00e9rie Tasso analiza, con humor y descaro, pero sin perder de vista el objetivo principal que caracteriza este libro, a saber, la divulgaci\u00f3n, nuestra actual visi\u00f3n de la sexualidad y c\u00f3mo se manifi esta en este nuevo contexto. De la misma manera, se pregunta si las formas de relacionarnos han cambiado radicalmente con la conquista de las nuevas tecnolog\u00edas en nuestro devenir cotidiano y si existen otras formas de vivir en pareja.<\/p>\n<p>Pese a que nuestro futuro er\u00f3tico parece poco alentador, son las mujeres las grandes ganadoras de esta nueva era?, est\u00e1n m\u00e1s liberadas sexualmente que antes? A estas y muchas m\u00e1s preguntas responder\u00e1 Val\u00e9rie Tasso e intentar\u00e1 clarificarlo que nos est\u00e1 pasando vali\u00e9ndose de su experiencia como sex\u00f3loga y escritora especializada en sexualidad.<\/p>\n<ul>\n<li>N\u00famero de p\u00e1ginas: 224<\/li>\n<\/ul>\n<p>SOBRE EL AUTOR DE SEXO 4.0<\/p>\n<p>Val\u00e9rie Tasso naci\u00f3 en Francia, donde pas\u00f3 su infancia y adolescencia. Es licenciada en Direcci\u00f3n de Empresas yLenguas Extranjeras Aplicadas y tiene un doctorado en Interculturalidad. En 2006 obtuvo el posgrado en Sexolog\u00eda por el IN.CI.SEX, perteneciente a la Universidad de Alcal\u00e1 de Henares. Participa en programas de televisi\u00f3n y radio, y colabora en varias revistas.<\/p>","protected":false},"excerpt":{"rendered":"<p>GRUPO PLANETA &#8211; SEXO 4.0 EL AMOR EN LOS TIEMPOS DE INTERNET<\/p>","protected":false},"featured_media":56721,"comment_status":"open","ping_status":"closed","template":"","meta":{"_monsterinsights_skip_tracking":false,"_monsterinsights_sitenote_active":false,"_monsterinsights_sitenote_note":"","_monsterinsights_sitenote_category":0,"_joinchat":[]},"product_brand":[],"product_cat":[1240,1253],"product_tag":[],"class_list":{"0":"post-24366","1":"product","2":"type-product","3":"status-publish","4":"has-post-thumbnail","6":"product_cat-articulos-varios","7":"product_cat-articulos-varioslibreria-erotica","8":"yith_product_brand-grupo-planeta","10":"first","11":"instock","12":"taxable","13":"shipping-taxable","14":"purchasable","15":"product-type-simple"},"aioseo_notices":[],"_links":{"self":[{"href":"https:\/\/www.mysexualfantasy.eu\/en\/wp-json\/wp\/v2\/product\/24366","targetHints":{"allow":["GET"]}}],"collection":[{"href":"https:\/\/www.mysexualfantasy.eu\/en\/wp-json\/wp\/v2\/product"}],"about":[{"href":"https:\/\/www.mysexualfantasy.eu\/en\/wp-json\/wp\/v2\/types\/product"}],"replies":[{"embeddable":true,"href":"https:\/\/www.mysexualfantasy.eu\/en\/wp-json\/wp\/v2\/comments?post=24366"}],"wp:featuredmedia":[{"embeddable":true,"href":"https:\/\/www.mysexualfantasy.eu\/en\/wp-json\/wp\/v2\/media\/56721"}],"wp:attachment":[{"href":"https:\/\/www.mysexualfantasy.eu\/en\/wp-json\/wp\/v2\/media?parent=24366"}],"wp:term":[{"taxonomy":"product_brand","embeddable":true,"href":"https:\/\/www.mysexualfantasy.eu\/en\/wp-json\/wp\/v2\/product_brand?post=24366"},{"taxonomy":"product_cat","embeddable":true,"href":"https:\/\/www.mysexualfantasy.eu\/en\/wp-json\/wp\/v2\/product_cat?post=24366"},{"taxonomy":"product_tag","embeddable":true,"href":"https:\/\/www.mysexualfantasy.eu\/en\/wp-json\/wp\/v2\/product_tag?post=24366"}],"curies":[{"name":"wp","href":"https:\/\/api.w.org\/{rel}","templated":true}]}}