{"id":24533,"date":"2023-01-13T14:50:11","date_gmt":"2023-01-13T14:50:11","guid":{"rendered":"https:\/\/www.mysexualfantasy.eu\/?post_type=product&#038;p=24533"},"modified":"2023-12-06T15:20:59","modified_gmt":"2023-12-06T15:20:59","slug":"secretplay-out-of-routine-play-fr-pt","status":"publish","type":"product","link":"https:\/\/www.mysexualfantasy.eu\/en\/product\/secretplay-out-of-routine-play-fr-pt\/","title":{"rendered":"SECRETPLAY &#8211; OUT OF ROUTINE PLAY (FR \/ PT)"},"content":{"rendered":"<p>Rompe tu rutina con el nuevo juego de Secret Play: Out of Routine Play.<\/p>\n<p>C\u00f3mo jugar?<\/p>\n<p>\u00a1Sencillo! Empieza la persona que obtiene la puntuaci\u00f3n m\u00e1s alta en los dados numerados. Lanza los dados con los c\u00edrculos de colores para ver el color del tipo de prueba que tienes que realizar. En \u00abLONG LIVE ROMANCE\u00bb tienes pruebas de lo m\u00e1s rom\u00e1ntico, con \u00abHACEMOS PLANES\u00bb, vivir\u00e1s las aventuras m\u00e1s sensuales, \u00abLETS GO OUT\u00bb te permitir\u00e1 romper tu rutina diaria. Los actos m\u00e1s sexuales los experimentar\u00e1s en \u00abPREJUGAR\u00bb y \u00abVAMOS A HACERLO\u00bb y, finalmente, el que obtenga un \u00abPREMIO\u00bb disfrutar\u00e1 de la mejor de las recompensas.<\/p>\n<p>Para ver cu\u00e1l de las actividades tienes que hacer debes tirar los dados numerados y ver\u00e1s qu\u00e9 n\u00famero consigues. (Por ejemplo, si sacas un total de diez los dos dados y has ca\u00eddo en un \u00abPREMIO\u00bb, tendr\u00e1s que hacer el n\u00famero 10, Prueba \u00abTIEMPO DE COMIDA\u00bb. En \u00abHAGAMOS PLANES\u00bb y \u00bb VAMOS A SALIR \u00abes posible que no puedas hacer la prueba de inmediato. Pero, \u00a1no te preocupes! Mantienes las pruebas y tienes una semana para hacerlas.<\/p>\n<p>Contiene:<\/p>\n<ul>\n<li>72 desaf\u00edos<\/li>\n<li>3 dados<\/li>\n<\/ul>\n<p>Francia \/ portugu\u00e9s<\/p>","protected":false},"excerpt":{"rendered":"<p>SECRETPLAY &#8211; OUT OF ROUTINE PLAY (FR \/ PT)<\/p>","protected":false},"featured_media":71782,"comment_status":"open","ping_status":"closed","template":"","meta":{"_monsterinsights_skip_tracking":false,"_monsterinsights_sitenote_active":false,"_monsterinsights_sitenote_note":"","_monsterinsights_sitenote_category":0,"_joinchat":[]},"product_brand":[],"product_cat":[1237,616,1235,1232,1271,1273],"product_tag":[],"class_list":{"0":"post-24533","1":"product","2":"type-product","3":"status-publish","4":"has-post-thumbnail","6":"product_cat-juegos-juego-de-dados","7":"product_cat-juegos","8":"product_cat-juegos-juegos-de-cartas","9":"product_cat-juegos-juegos-de-pareja","10":"product_cat-juegos-juegos-en-frances","11":"product_cat-juegos-juegos-en-portugues","12":"yith_product_brand-secretplay","13":"yith_product_brand-secretplaysecretplay-100-games","15":"first","16":"instock","17":"taxable","18":"shipping-taxable","19":"purchasable","20":"product-type-simple"},"aioseo_notices":[],"_links":{"self":[{"href":"https:\/\/www.mysexualfantasy.eu\/en\/wp-json\/wp\/v2\/product\/24533","targetHints":{"allow":["GET"]}}],"collection":[{"href":"https:\/\/www.mysexualfantasy.eu\/en\/wp-json\/wp\/v2\/product"}],"about":[{"href":"https:\/\/www.mysexualfantasy.eu\/en\/wp-json\/wp\/v2\/types\/product"}],"replies":[{"embeddable":true,"href":"https:\/\/www.mysexualfantasy.eu\/en\/wp-json\/wp\/v2\/comments?post=24533"}],"wp:featuredmedia":[{"embeddable":true,"href":"https:\/\/www.mysexualfantasy.eu\/en\/wp-json\/wp\/v2\/media\/71782"}],"wp:attachment":[{"href":"https:\/\/www.mysexualfantasy.eu\/en\/wp-json\/wp\/v2\/media?parent=24533"}],"wp:term":[{"taxonomy":"product_brand","embeddable":true,"href":"https:\/\/www.mysexualfantasy.eu\/en\/wp-json\/wp\/v2\/product_brand?post=24533"},{"taxonomy":"product_cat","embeddable":true,"href":"https:\/\/www.mysexualfantasy.eu\/en\/wp-json\/wp\/v2\/product_cat?post=24533"},{"taxonomy":"product_tag","embeddable":true,"href":"https:\/\/www.mysexualfantasy.eu\/en\/wp-json\/wp\/v2\/product_tag?post=24533"}],"curies":[{"name":"wp","href":"https:\/\/api.w.org\/{rel}","templated":true}]}}