{"id":24535,"date":"2023-01-13T14:48:43","date_gmt":"2023-01-13T14:48:43","guid":{"rendered":"https:\/\/www.mysexualfantasy.eu\/?post_type=product&#038;p=24535"},"modified":"2023-12-06T15:19:45","modified_gmt":"2023-12-06T15:19:45","slug":"secretplay-juego-chronomasutra-play-hetero","status":"publish","type":"product","link":"https:\/\/www.mysexualfantasy.eu\/en\/product\/secretplay-juego-chronomasutra-play-hetero\/","title":{"rendered":"SECRETPLAY &#8211; JUEGO CHRONOMASUTRA PLAY HETERO"},"content":{"rendered":"<p>Tira el dado y realiza la postura Kamasutra indicada, usa el reloj de arena para cronometrarla. Debes hacer la posici\u00f3n indicada hasta que el tiempo se agote (1 minuto). Despu\u00e9s tu pareja lanzar\u00e1 el dado para practicar la siguiente posici\u00f3n. El jugador que llegue antes al orgasmo pierde el juego.<\/p>\n<p>Incluye:\u00a0<\/p>\n<ul>\n<li>Reloj de arena\u00a0<\/li>\n<li>Dado de Kamasutra<\/li>\n<\/ul>","protected":false},"excerpt":{"rendered":"<p>SECRETPLAY &#8211; GAME CHRONOMASUTRA GAME STRAIGHT<\/p>","protected":false},"featured_media":71599,"comment_status":"open","ping_status":"closed","template":"","meta":{"_monsterinsights_skip_tracking":false,"_monsterinsights_sitenote_active":false,"_monsterinsights_sitenote_note":"","_monsterinsights_sitenote_category":0,"_joinchat":[]},"product_brand":[],"product_cat":[1237,616,1232,1267],"product_tag":[],"class_list":{"0":"post-24535","1":"product","2":"type-product","3":"status-publish","4":"has-post-thumbnail","6":"product_cat-juegos-juego-de-dados","7":"product_cat-juegos","8":"product_cat-juegos-juegos-de-pareja","9":"product_cat-juegos-juegos-en-espanol","10":"yith_product_brand-secretplay","11":"yith_product_brand-secretplaysecretplay-100-games","13":"first","14":"instock","15":"taxable","16":"shipping-taxable","17":"purchasable","18":"product-type-simple"},"aioseo_notices":[],"_links":{"self":[{"href":"https:\/\/www.mysexualfantasy.eu\/en\/wp-json\/wp\/v2\/product\/24535","targetHints":{"allow":["GET"]}}],"collection":[{"href":"https:\/\/www.mysexualfantasy.eu\/en\/wp-json\/wp\/v2\/product"}],"about":[{"href":"https:\/\/www.mysexualfantasy.eu\/en\/wp-json\/wp\/v2\/types\/product"}],"replies":[{"embeddable":true,"href":"https:\/\/www.mysexualfantasy.eu\/en\/wp-json\/wp\/v2\/comments?post=24535"}],"wp:featuredmedia":[{"embeddable":true,"href":"https:\/\/www.mysexualfantasy.eu\/en\/wp-json\/wp\/v2\/media\/71599"}],"wp:attachment":[{"href":"https:\/\/www.mysexualfantasy.eu\/en\/wp-json\/wp\/v2\/media?parent=24535"}],"wp:term":[{"taxonomy":"product_brand","embeddable":true,"href":"https:\/\/www.mysexualfantasy.eu\/en\/wp-json\/wp\/v2\/product_brand?post=24535"},{"taxonomy":"product_cat","embeddable":true,"href":"https:\/\/www.mysexualfantasy.eu\/en\/wp-json\/wp\/v2\/product_cat?post=24535"},{"taxonomy":"product_tag","embeddable":true,"href":"https:\/\/www.mysexualfantasy.eu\/en\/wp-json\/wp\/v2\/product_tag?post=24535"}],"curies":[{"name":"wp","href":"https:\/\/api.w.org\/{rel}","templated":true}]}}