{"id":24551,"date":"2023-01-13T14:23:34","date_gmt":"2023-01-13T14:23:34","guid":{"rendered":"https:\/\/www.mysexualfantasy.eu\/?post_type=product&#038;p=24551"},"modified":"2023-12-06T15:31:37","modified_gmt":"2023-12-06T15:31:37","slug":"satisfyer-loveballs-training-set-1","status":"publish","type":"product","link":"https:\/\/www.mysexualfantasy.eu\/en\/product\/satisfyer-loveballs-training-set-1\/","title":{"rendered":"SATISFYER LOVEBALLS TRAINING SET 1"},"content":{"rendered":"<p style=\"line-height: 20.8px;\"><span style=\"line-height: 23.1111px;\">Satisfyer son juguetes con estilo!!<\/span><\/p>\n<p style=\"line-height: 20.8px;\">Satisfyer Balls Training set, es un set de 3 bolas con diferentes pesos que ayuda\u00a0a tonificar los m\u00fasculos del suelo p\u00e9lvico responsables de placer sexual, mientras que mantiene las paredes de la vagina el\u00e1stica y sensible a la estimulaci\u00f3n y el placer. Conjunto de bolas de Satisfyer\u00a0est\u00e1n perfectamente dise\u00f1adas para un uso personalizado, podr\u00e1s llevar las bolas de silicona liquida en cualquier lugar de una forma muy comoda.<\/p>\n<p style=\"line-height: 20.8px;\">El set incluye tres bolas con diferentes pesos.<\/p>\n<ul>\n<li>57 Gramos ,\u00a0 indicado para principiantes o al inicio del tratamiento.<\/li>\n<li>73 Gramos, indicado para la segunda fase del tratamiento o personas avanzadas.<\/li>\n<li>86 Gramos, indicado para un perfecto mantenimiento o el uso avanzado.<\/li>\n<\/ul>\n<p style=\"line-height: 20.8px;\">Gracias a su silicona liquida medica, suave y sedosa se deslizan perfectamente en su uso.<\/p>\n<ul style=\"line-height: 20.8px;\">\n<li>Una vez que las tengas dentro de ti, tus m\u00fasculos p\u00e9lvicos empezar\u00e1n a trabajar tratando de retener las bolas en su sitio.<\/li>\n<\/ul>\n<p style=\"line-height: 20.8px;\">Training set\u00a0 1 son tan incre\u00edblemente discretas, podr\u00e1s llevarlas sin que nadie se de cuenta, en secreto y de forma divertida.<\/p>\n<p style=\"line-height: 20.8px;\">Las bolas de satisfyer, son completamente respetuosas con tu piel, libres de ftalatos y muy higi\u00e9nicas, sin olvidar que son hipoalerg\u00e9nicas y perfectas para las pieles m\u00e1s sensibles.<\/p>\n<p style=\"line-height: 20.8px;\">Usar un buen lubricante a base de agua como la marca waterfeel o nina kik\u00ed\u00a0en su uso en caso de ser necesario ( evitar lubricantes de silicona )\u00a0<\/p>\n<p style=\"line-height: 20.8px;\">En Satisfyer buscamos la innovacion, dise\u00f1o y calidad para satisfacerte como nadie lo hace.<\/p>","protected":false},"excerpt":{"rendered":"<p>SATISFYER LOVEBALLS TRAINING SET 1<\/p>","protected":false},"featured_media":67145,"comment_status":"open","ping_status":"closed","template":"","meta":{"_monsterinsights_skip_tracking":false,"_monsterinsights_sitenote_active":false,"_monsterinsights_sitenote_note":"","_monsterinsights_sitenote_category":0,"_joinchat":[]},"product_brand":[],"product_cat":[1158,1264,1265,1152],"product_tag":[],"class_list":{"0":"post-24551","1":"product","2":"type-product","3":"status-publish","4":"has-post-thumbnail","6":"product_cat-juguetes-bienestar-bolas","7":"product_cat-juguetes-bienestar-bolasbolas-basicas","8":"product_cat-juguetes-bienestar-bolasbolas-silicona","9":"product_cat-juguetes-bienestar","10":"yith_product_brand-satisfyer","11":"yith_product_brand-satisfyer-satisfyer-balls","13":"first","14":"instock","15":"taxable","16":"shipping-taxable","17":"purchasable","18":"product-type-simple"},"aioseo_notices":[],"_links":{"self":[{"href":"https:\/\/www.mysexualfantasy.eu\/en\/wp-json\/wp\/v2\/product\/24551","targetHints":{"allow":["GET"]}}],"collection":[{"href":"https:\/\/www.mysexualfantasy.eu\/en\/wp-json\/wp\/v2\/product"}],"about":[{"href":"https:\/\/www.mysexualfantasy.eu\/en\/wp-json\/wp\/v2\/types\/product"}],"replies":[{"embeddable":true,"href":"https:\/\/www.mysexualfantasy.eu\/en\/wp-json\/wp\/v2\/comments?post=24551"}],"wp:featuredmedia":[{"embeddable":true,"href":"https:\/\/www.mysexualfantasy.eu\/en\/wp-json\/wp\/v2\/media\/67145"}],"wp:attachment":[{"href":"https:\/\/www.mysexualfantasy.eu\/en\/wp-json\/wp\/v2\/media?parent=24551"}],"wp:term":[{"taxonomy":"product_brand","embeddable":true,"href":"https:\/\/www.mysexualfantasy.eu\/en\/wp-json\/wp\/v2\/product_brand?post=24551"},{"taxonomy":"product_cat","embeddable":true,"href":"https:\/\/www.mysexualfantasy.eu\/en\/wp-json\/wp\/v2\/product_cat?post=24551"},{"taxonomy":"product_tag","embeddable":true,"href":"https:\/\/www.mysexualfantasy.eu\/en\/wp-json\/wp\/v2\/product_tag?post=24551"}],"curies":[{"name":"wp","href":"https:\/\/api.w.org\/{rel}","templated":true}]}}