{"id":24562,"date":"2023-01-13T14:43:05","date_gmt":"2023-01-13T14:43:05","guid":{"rendered":"https:\/\/www.mysexualfantasy.eu\/?post_type=product&#038;p=24562"},"modified":"2023-12-06T17:25:38","modified_gmt":"2023-12-06T17:25:38","slug":"obsessive-860-set-1-set-dos-piezas-negro-s-m","status":"publish","type":"product","link":"https:\/\/www.mysexualfantasy.eu\/en\/product\/obsessive-860-set-1-set-dos-piezas-negro-s-m\/","title":{"rendered":"OBSESSIVE &#8211; 860-SET-1 SET DOS PIEZAS NEGRO S\/M"},"content":{"rendered":"<p>Sabes como funciona este tentador set? Cambia de sexy a m\u00e1s sexy a\u00fan. Ahora deja que lo haga en t\u00ed. Preparada? Tus sue\u00f1os se har\u00e1n realidad muy pronto. Sue\u00f1os sobre noches tan excitantes con tu pareja. Hora de que paseis un gran momento juntos\u00a0<\/p>\n<p>Caracter\u00edsticas:\u00a0<\/p>\n<ul>\n<li>Set colecci\u00f3n 860\u00a0<\/li>\n<li>Compuesto por sujetador y tanga\u00a0<\/li>\n<li>Muy f\u00e1cil de ajustar con Did2Fit<\/li>\n<li>4 tirantas ajustables<\/li>\n<li>Sujetador con aro<\/li>\n<li>Joyita\u00a0con circulitos brillantes sin n\u00edquel\u00a0<\/li>\n<li>Materiales suaves y el\u00e1sticos\u00a0<\/li>\n<li>Composici\u00f3n: 90% poliamida \/ 10 % el\u00e1stano.<\/li>\n<li>Talla: S\/M<\/li>\n<li>Color: Negro<\/li>\n<\/ul>\n<p>Obsessive significa inspiraci\u00f3n en la mujer!\u00a0 Elegancia, sensualidad, amor a la costura&#8230;.significa mucho para la mujer, pocos son los adjetivos que pueden calificar a Obsessive, donde una labor de a\u00f1os han conseguido unir relacion Calidad \/ Precio,<\/p>\n<p>L\u00edderes mundial<\/p>\n<p style=\"text-align: center;\"><img decoding=\"async\" src=\"https:\/\/store.dreamlove.es\/UserFiles\/images\/SIZES.png\" \/><\/p>\n<p>\u00a0<\/p>","protected":false},"excerpt":{"rendered":"<p>OBSESSIVE &#8211; 860-SET-1 TWO PIECES SET BLACK S\/M<\/p>","protected":false},"featured_media":70501,"comment_status":"open","ping_status":"closed","template":"","meta":{"_monsterinsights_skip_tracking":false,"_monsterinsights_sitenote_active":false,"_monsterinsights_sitenote_note":"","_monsterinsights_sitenote_category":0,"_joinchat":[]},"product_brand":[],"product_cat":[1196,1199,1166,1200],"product_tag":[],"class_list":{"0":"post-24562","1":"product","2":"type-product","3":"status-publish","4":"has-post-thumbnail","6":"product_cat-moda-lencerialenceria-mujer","7":"product_cat-moda-lencerialenceria-mujerlenceria-sexy","8":"product_cat-moda-lenceria","9":"product_cat-moda-lencerialenceria-mujerlenceria-sexysujetador-y-parte-inferior","10":"yith_product_brand-obsessive","11":"yith_product_brand-obsessiveobsessive-sets","13":"first","14":"instock","15":"taxable","16":"shipping-taxable","17":"purchasable","18":"product-type-variable"},"aioseo_notices":[],"_links":{"self":[{"href":"https:\/\/www.mysexualfantasy.eu\/en\/wp-json\/wp\/v2\/product\/24562","targetHints":{"allow":["GET"]}}],"collection":[{"href":"https:\/\/www.mysexualfantasy.eu\/en\/wp-json\/wp\/v2\/product"}],"about":[{"href":"https:\/\/www.mysexualfantasy.eu\/en\/wp-json\/wp\/v2\/types\/product"}],"replies":[{"embeddable":true,"href":"https:\/\/www.mysexualfantasy.eu\/en\/wp-json\/wp\/v2\/comments?post=24562"}],"wp:featuredmedia":[{"embeddable":true,"href":"https:\/\/www.mysexualfantasy.eu\/en\/wp-json\/wp\/v2\/media\/70501"}],"wp:attachment":[{"href":"https:\/\/www.mysexualfantasy.eu\/en\/wp-json\/wp\/v2\/media?parent=24562"}],"wp:term":[{"taxonomy":"product_brand","embeddable":true,"href":"https:\/\/www.mysexualfantasy.eu\/en\/wp-json\/wp\/v2\/product_brand?post=24562"},{"taxonomy":"product_cat","embeddable":true,"href":"https:\/\/www.mysexualfantasy.eu\/en\/wp-json\/wp\/v2\/product_cat?post=24562"},{"taxonomy":"product_tag","embeddable":true,"href":"https:\/\/www.mysexualfantasy.eu\/en\/wp-json\/wp\/v2\/product_tag?post=24562"}],"curies":[{"name":"wp","href":"https:\/\/api.w.org\/{rel}","templated":true}]}}