{"id":24634,"date":"2023-01-13T14:23:37","date_gmt":"2023-01-13T14:23:37","guid":{"rendered":"https:\/\/www.mysexualfantasy.eu\/?post_type=product&#038;p=24634"},"modified":"2023-12-06T15:19:01","modified_gmt":"2023-12-06T15:19:01","slug":"metalhard-set-2-bolas-magneticas-10-mm","status":"publish","type":"product","link":"https:\/\/www.mysexualfantasy.eu\/en\/product\/metalhard-set-2-bolas-magneticas-10-mm\/","title":{"rendered":"METALHARD SET 2 BOLAS MAGNETICAS 10 MM"},"content":{"rendered":"<p>Este set de dos bolas ultra magn\u00e9ticas son de peque\u00f1o tama\u00f1o pero ofrece una presi\u00f3n super grande. Una vez colocadas en las zonas mas sensitivas estas bolas\u00a0 extremadamente potentes comienzan a ejercer una presi\u00f3n intensa sobre la zona. Haz juegos viendo cu\u00e1nto tiempo se puede mantener las bolas puestas<\/p>\n<ul>\n<li>Potentes Bolas Magn\u00e9ticas (Im\u00e1n)<\/li>\n<li>Medidas: 10 mm<\/li>\n<li>Pack dos unidades<\/li>\n<\/ul>\n<p>\u00a0<\/p>","protected":false},"excerpt":{"rendered":"<p>METALHARD 2 MAGNETIZED BALLS 10 MM<\/p>","protected":false},"featured_media":67150,"comment_status":"open","ping_status":"closed","template":"","meta":{"_monsterinsights_skip_tracking":false,"_monsterinsights_sitenote_active":false,"_monsterinsights_sitenote_note":"","_monsterinsights_sitenote_category":0,"_joinchat":[]},"product_brand":[],"product_cat":[1158,1264,1186,1152],"product_tag":[],"class_list":{"0":"post-24634","1":"product","2":"type-product","3":"status-publish","4":"has-post-thumbnail","6":"product_cat-juguetes-bienestar-bolas","7":"product_cat-juguetes-bienestar-bolasbolas-basicas","8":"product_cat-juguetes-bienestar-fabricado-con-metal","9":"product_cat-juguetes-bienestar","10":"yith_product_brand-metal-hard","12":"first","13":"instock","14":"taxable","15":"shipping-taxable","16":"purchasable","17":"product-type-simple"},"aioseo_notices":[],"_links":{"self":[{"href":"https:\/\/www.mysexualfantasy.eu\/en\/wp-json\/wp\/v2\/product\/24634","targetHints":{"allow":["GET"]}}],"collection":[{"href":"https:\/\/www.mysexualfantasy.eu\/en\/wp-json\/wp\/v2\/product"}],"about":[{"href":"https:\/\/www.mysexualfantasy.eu\/en\/wp-json\/wp\/v2\/types\/product"}],"replies":[{"embeddable":true,"href":"https:\/\/www.mysexualfantasy.eu\/en\/wp-json\/wp\/v2\/comments?post=24634"}],"wp:featuredmedia":[{"embeddable":true,"href":"https:\/\/www.mysexualfantasy.eu\/en\/wp-json\/wp\/v2\/media\/67150"}],"wp:attachment":[{"href":"https:\/\/www.mysexualfantasy.eu\/en\/wp-json\/wp\/v2\/media?parent=24634"}],"wp:term":[{"taxonomy":"product_brand","embeddable":true,"href":"https:\/\/www.mysexualfantasy.eu\/en\/wp-json\/wp\/v2\/product_brand?post=24634"},{"taxonomy":"product_cat","embeddable":true,"href":"https:\/\/www.mysexualfantasy.eu\/en\/wp-json\/wp\/v2\/product_cat?post=24634"},{"taxonomy":"product_tag","embeddable":true,"href":"https:\/\/www.mysexualfantasy.eu\/en\/wp-json\/wp\/v2\/product_tag?post=24634"}],"curies":[{"name":"wp","href":"https:\/\/api.w.org\/{rel}","templated":true}]}}