{"id":24651,"date":"2023-01-13T13:29:12","date_gmt":"2023-01-13T13:29:12","guid":{"rendered":"https:\/\/www.mysexualfantasy.eu\/?post_type=product&#038;p=24651"},"modified":"2023-12-06T15:53:20","modified_gmt":"2023-12-06T15:53:20","slug":"nalone-pearl-anal-control-remoto-lila","status":"publish","type":"product","link":"https:\/\/www.mysexualfantasy.eu\/en\/product\/nalone-pearl-anal-control-remoto-lila\/","title":{"rendered":"NALONE PEARL ANAL CONTROL REMOTO LILA"},"content":{"rendered":"<p>El Pearl es un vibrador anal controlado por control remoto. Fabricado con suave silicona y con 7 modos de vibraci\u00f3n y otros 7 de rotaci\u00f3n en la punta te asgurar\u00e1n unos orgasmos intensos y brillantes como una perla.\u00a0<\/p>\n<p>Caracter\u00edsticas:\u00a0<\/p>\n<ul>\n<li>Material: Silicona y ABS<\/li>\n<li>Recargable<\/li>\n<li>Carga magn\u00e9tica<\/li>\n<li>7 modos de vibraci\u00f3n<\/li>\n<li>7 modos de rotaci\u00f3n<\/li>\n<li>Longitud total: 125 mm<\/li>\n<li>Color: Lila<\/li>\n<\/ul>\n<p>\u00a0<\/p>","protected":false},"excerpt":{"rendered":"<p>NALONE PEARL ANAL REMOTE CONTROL LILAC<\/p>","protected":false},"featured_media":59864,"comment_status":"open","ping_status":"closed","template":"","meta":{"_monsterinsights_skip_tracking":false,"_monsterinsights_sitenote_active":false,"_monsterinsights_sitenote_note":"","_monsterinsights_sitenote_category":0,"_joinchat":[]},"product_brand":[],"product_cat":[1162,1152,1189,1153,1305,1154],"product_tag":[],"class_list":{"0":"post-24651","1":"product","2":"type-product","3":"status-publish","4":"has-post-thumbnail","6":"product_cat-juguetes-bienestar-anal","7":"product_cat-juguetes-bienestar","8":"product_cat-juguetes-bienestar-analplugs-anales","9":"product_cat-juguetes-bienestar-vibradores","10":"product_cat-juguetes-bienestar-analvibradores-anales","11":"product_cat-juguetes-bienestar-vibradoresvibradores-control-remoto","12":"yith_product_brand-nalone","14":"first","15":"instock","16":"taxable","17":"shipping-taxable","18":"purchasable","19":"product-type-simple"},"aioseo_notices":[],"_links":{"self":[{"href":"https:\/\/www.mysexualfantasy.eu\/en\/wp-json\/wp\/v2\/product\/24651","targetHints":{"allow":["GET"]}}],"collection":[{"href":"https:\/\/www.mysexualfantasy.eu\/en\/wp-json\/wp\/v2\/product"}],"about":[{"href":"https:\/\/www.mysexualfantasy.eu\/en\/wp-json\/wp\/v2\/types\/product"}],"replies":[{"embeddable":true,"href":"https:\/\/www.mysexualfantasy.eu\/en\/wp-json\/wp\/v2\/comments?post=24651"}],"wp:featuredmedia":[{"embeddable":true,"href":"https:\/\/www.mysexualfantasy.eu\/en\/wp-json\/wp\/v2\/media\/59864"}],"wp:attachment":[{"href":"https:\/\/www.mysexualfantasy.eu\/en\/wp-json\/wp\/v2\/media?parent=24651"}],"wp:term":[{"taxonomy":"product_brand","embeddable":true,"href":"https:\/\/www.mysexualfantasy.eu\/en\/wp-json\/wp\/v2\/product_brand?post=24651"},{"taxonomy":"product_cat","embeddable":true,"href":"https:\/\/www.mysexualfantasy.eu\/en\/wp-json\/wp\/v2\/product_cat?post=24651"},{"taxonomy":"product_tag","embeddable":true,"href":"https:\/\/www.mysexualfantasy.eu\/en\/wp-json\/wp\/v2\/product_tag?post=24651"}],"curies":[{"name":"wp","href":"https:\/\/api.w.org\/{rel}","templated":true}]}}