{"id":24815,"date":"2023-01-13T13:29:20","date_gmt":"2023-01-13T13:29:20","guid":{"rendered":"https:\/\/www.mysexualfantasy.eu\/?post_type=product&#038;p=24815"},"modified":"2023-12-06T15:37:30","modified_gmt":"2023-12-06T15:37:30","slug":"crazy-bull-jane-masturbador-vagina-13-5-cm","status":"publish","type":"product","link":"https:\/\/www.mysexualfantasy.eu\/en\/product\/crazy-bull-jane-masturbador-vagina-13-5-cm\/","title":{"rendered":"CRAZY BULL &#8211; JANE MASTURBADOR VAGINA 13.5 CM"},"content":{"rendered":"<p>Compacto, port\u00e1til e increiblemente real\u00edstico, este super masturbador con su superficie tan suave y fresca te har\u00e1 sentir sensaciones alucinantes y al ser tan peque\u00f1o podr\u00e1s llevarlo contigo vayas donde vayas. No importa donde est\u00e9s o qu\u00e9 est\u00e9s haciendo, ahora podr\u00e1s llevar este dulce masturbador con su canal tan placenteramente estrechito donde quiera que vayas.\u00a0\u00a0<\/p>\n<ul>\n<li>Masturbador para hombres Jane\u00a0<\/li>\n<li>Sumergible.\u00a0<\/li>\n<li>Material: TPR<\/li>\n<li>Dise\u00f1o Vagina<\/li>\n<li>Medidas: 135 x 60\u00a0mm<\/li>\n<li>Sin olor<\/li>\n<li>F\u00e1cil de usar\u00a0<\/li>\n<li>Se recomienda el uso de lubricantes\u00a0\u00a0<\/li>\n<\/ul>\n<p>Lo \u00faltimo y m\u00e1s placentero\u00a0en masturbaci\u00f3n para hombres ya est\u00e1 aqu\u00ed<\/p>","protected":false},"excerpt":{"rendered":"<p>CRAZY BULL &#8211; JANE VAGINA MASTURBATOR 13.5 CM<\/p>","protected":false},"featured_media":59891,"comment_status":"open","ping_status":"closed","template":"","meta":{"_monsterinsights_skip_tracking":false,"_monsterinsights_sitenote_active":false,"_monsterinsights_sitenote_note":"","_monsterinsights_sitenote_category":0,"_joinchat":[]},"product_brand":[],"product_cat":[1152,1160,1167,1168],"product_tag":[],"class_list":{"0":"post-24815","1":"product","2":"type-product","3":"status-publish","4":"has-post-thumbnail","6":"product_cat-juguetes-bienestar","7":"product_cat-juguetes-bienestar-juguetes-para-hombres","8":"product_cat-juguetes-bienestar-juguetes-para-hombresmasturbadores-para-ellos","9":"product_cat-juguetes-bienestar-juguetes-para-hombresvaginas-y-anos","10":"yith_product_brand-crazy-bull","12":"first","13":"instock","14":"taxable","15":"shipping-taxable","16":"purchasable","17":"product-type-simple"},"aioseo_notices":[],"_links":{"self":[{"href":"https:\/\/www.mysexualfantasy.eu\/en\/wp-json\/wp\/v2\/product\/24815","targetHints":{"allow":["GET"]}}],"collection":[{"href":"https:\/\/www.mysexualfantasy.eu\/en\/wp-json\/wp\/v2\/product"}],"about":[{"href":"https:\/\/www.mysexualfantasy.eu\/en\/wp-json\/wp\/v2\/types\/product"}],"replies":[{"embeddable":true,"href":"https:\/\/www.mysexualfantasy.eu\/en\/wp-json\/wp\/v2\/comments?post=24815"}],"wp:featuredmedia":[{"embeddable":true,"href":"https:\/\/www.mysexualfantasy.eu\/en\/wp-json\/wp\/v2\/media\/59891"}],"wp:attachment":[{"href":"https:\/\/www.mysexualfantasy.eu\/en\/wp-json\/wp\/v2\/media?parent=24815"}],"wp:term":[{"taxonomy":"product_brand","embeddable":true,"href":"https:\/\/www.mysexualfantasy.eu\/en\/wp-json\/wp\/v2\/product_brand?post=24815"},{"taxonomy":"product_cat","embeddable":true,"href":"https:\/\/www.mysexualfantasy.eu\/en\/wp-json\/wp\/v2\/product_cat?post=24815"},{"taxonomy":"product_tag","embeddable":true,"href":"https:\/\/www.mysexualfantasy.eu\/en\/wp-json\/wp\/v2\/product_tag?post=24815"}],"curies":[{"name":"wp","href":"https:\/\/api.w.org\/{rel}","templated":true}]}}