{"id":24817,"date":"2023-01-13T13:29:22","date_gmt":"2023-01-13T13:29:22","guid":{"rendered":"https:\/\/www.mysexualfantasy.eu\/?post_type=product&#038;p=24817"},"modified":"2023-12-06T15:37:32","modified_gmt":"2023-12-06T15:37:32","slug":"crazy-bull-anillo-silicona-super-suave","status":"publish","type":"product","link":"https:\/\/www.mysexualfantasy.eu\/en\/product\/crazy-bull-anillo-silicona-super-suave\/","title":{"rendered":"CRAZY BULL &#8211; ANILLO SILICONA SUPER SUAVE"},"content":{"rendered":"<p>Si no puedes resistirte al aumento del rendimiento que dan los anillos para el pene, entonces amar\u00e1s este.\u00a0<\/p>\n<p>Est\u00e1 fabricado con silicona super suave y mucho m\u00e1s desarrollada que las convencionales, es super el\u00e1stica para asegurar la comodidad de la mayor\u00eda de los hombres. Es adem\u00e1s muy discreto y f\u00e1cil de usar, desl\u00edzalo hasta colocarlo y disfruta de tu virilidad.\u00a0<\/p>\n<p>Conseguir\u00e1s erecciones mas potentes y duraderas, adem\u00e1s podr\u00e1s quit\u00e1rtelo f\u00e1cilmente cuando quieras y aumentar\u00e1s tu\u00a0rendimiento sexual, alcanzando grandes momentos de placer para\u00a0tu pareja. Perfecto como regalo de navidad o de san Valent\u00edn.\u00a0<\/p>\n<ul>\n<li>Silicona super suave\u00a0<\/li>\n<li>Di\u00e1metro interior (el\u00e1stico): 1.9 cm\u00a0<\/li>\n<li>Di\u00e1metro exterior: 5 cm<\/li>\n<li>Grosor: 1.3 cm\u00a0<\/li>\n<li>Super el\u00e1stico<\/li>\n<li>Aumenta el rendimiento<\/li>\n<li>F\u00e1cil de limpiar<\/li>\n<\/ul>\n<p>\u00a1Ya tienes aqu\u00ed con Crazy Bull lo \u00faltimo en juguetes y accesorios para hombres!<\/p>","protected":false},"excerpt":{"rendered":"<p>CRAZY BULL &#8211; SUPER SOFT SILICONE RING<\/p>","protected":false},"featured_media":59901,"comment_status":"open","ping_status":"closed","template":"","meta":{"_monsterinsights_skip_tracking":false,"_monsterinsights_sitenote_active":false,"_monsterinsights_sitenote_note":"","_monsterinsights_sitenote_category":0,"_joinchat":[]},"product_brand":[],"product_cat":[1170,1171,1297,1152,1160],"product_tag":[],"class_list":{"0":"post-24817","1":"product","2":"type-product","3":"status-publish","4":"has-post-thumbnail","6":"product_cat-juguetes-bienestar-juguetes-para-hombresaccesorios-para-el-pene","7":"product_cat-juguetes-bienestar-juguetes-para-hombresaccesorios-para-el-peneanillos-pene","8":"product_cat-juguetes-bienestar-juguetes-para-hombresaccesorios-para-el-peneanillos-peneanillos-sin-vibracion","9":"product_cat-juguetes-bienestar","10":"product_cat-juguetes-bienestar-juguetes-para-hombres","11":"yith_product_brand-crazy-bull","13":"first","14":"instock","15":"taxable","16":"shipping-taxable","17":"purchasable","18":"product-type-simple"},"aioseo_notices":[],"_links":{"self":[{"href":"https:\/\/www.mysexualfantasy.eu\/en\/wp-json\/wp\/v2\/product\/24817","targetHints":{"allow":["GET"]}}],"collection":[{"href":"https:\/\/www.mysexualfantasy.eu\/en\/wp-json\/wp\/v2\/product"}],"about":[{"href":"https:\/\/www.mysexualfantasy.eu\/en\/wp-json\/wp\/v2\/types\/product"}],"replies":[{"embeddable":true,"href":"https:\/\/www.mysexualfantasy.eu\/en\/wp-json\/wp\/v2\/comments?post=24817"}],"wp:featuredmedia":[{"embeddable":true,"href":"https:\/\/www.mysexualfantasy.eu\/en\/wp-json\/wp\/v2\/media\/59901"}],"wp:attachment":[{"href":"https:\/\/www.mysexualfantasy.eu\/en\/wp-json\/wp\/v2\/media?parent=24817"}],"wp:term":[{"taxonomy":"product_brand","embeddable":true,"href":"https:\/\/www.mysexualfantasy.eu\/en\/wp-json\/wp\/v2\/product_brand?post=24817"},{"taxonomy":"product_cat","embeddable":true,"href":"https:\/\/www.mysexualfantasy.eu\/en\/wp-json\/wp\/v2\/product_cat?post=24817"},{"taxonomy":"product_tag","embeddable":true,"href":"https:\/\/www.mysexualfantasy.eu\/en\/wp-json\/wp\/v2\/product_tag?post=24817"}],"curies":[{"name":"wp","href":"https:\/\/api.w.org\/{rel}","templated":true}]}}