{"id":24843,"date":"2023-01-13T13:50:50","date_gmt":"2023-01-13T13:50:50","guid":{"rendered":"https:\/\/www.mysexualfantasy.eu\/?post_type=product&#038;p=24843"},"modified":"2023-12-06T15:32:20","modified_gmt":"2023-12-06T15:32:20","slug":"waves-of-pleasure-vibrador-21-5-cm-principiantes","status":"publish","type":"product","link":"https:\/\/www.mysexualfantasy.eu\/en\/product\/waves-of-pleasure-vibrador-21-5-cm-principiantes\/","title":{"rendered":"WAVES OF PLEASURE VIBRADOR 21.5 CM PRINCIPIANTES"},"content":{"rendered":"<p>Este vibrador de color carne es la compa\u00f1ia perfecta para aquellos que buscan algo de sensual diversi\u00f3n. Adem\u00e1s puedes regular las vibraciones al gusto de forma forma muy f\u00e1cil, tan solo girando el controlador de la base. Es resistente a salpicaduras. Vive placenteras experiencias como nunca antes con este vibrador\u00a0real\u00edstico<\/p>\n<ul>\n<li>Perfecto para principiantes<\/li>\n<li>Longitud total: 21.5\u00a0cm\u00a0<\/li>\n<li>Di\u00e1metro: 4\u00a0cm<\/li>\n<li>Color: Carne<\/li>\n<li>Multivelocidad\u00a0<\/li>\n<li>Pilas: 2AA<\/li>\n<li>Material: PVC y ABS<\/li>\n<li>Real\u00edstico<\/li>\n<li>Se recomienda su uso con lubricante.\u00a0<\/li>\n<\/ul>","protected":false},"excerpt":{"rendered":"<p>WAVES OF PLEASURE VIBRATOR 21.5 CM BEGINNERS<\/p>","protected":false},"featured_media":62323,"comment_status":"open","ping_status":"closed","template":"","meta":{"_monsterinsights_skip_tracking":false,"_monsterinsights_sitenote_active":false,"_monsterinsights_sitenote_note":"","_monsterinsights_sitenote_category":0,"_joinchat":[]},"product_brand":[],"product_cat":[1152,1153,1295],"product_tag":[],"class_list":{"0":"post-24843","1":"product","2":"type-product","3":"status-publish","4":"has-post-thumbnail","6":"product_cat-juguetes-bienestar","7":"product_cat-juguetes-bienestar-vibradores","8":"product_cat-juguetes-bienestar-vibradoresvibradores-realisticos","9":"yith_product_brand-baile","10":"yith_product_brand-bailebaile-vibrators","12":"first","13":"instock","14":"taxable","15":"shipping-taxable","16":"purchasable","17":"product-type-simple"},"aioseo_notices":[],"_links":{"self":[{"href":"https:\/\/www.mysexualfantasy.eu\/en\/wp-json\/wp\/v2\/product\/24843","targetHints":{"allow":["GET"]}}],"collection":[{"href":"https:\/\/www.mysexualfantasy.eu\/en\/wp-json\/wp\/v2\/product"}],"about":[{"href":"https:\/\/www.mysexualfantasy.eu\/en\/wp-json\/wp\/v2\/types\/product"}],"replies":[{"embeddable":true,"href":"https:\/\/www.mysexualfantasy.eu\/en\/wp-json\/wp\/v2\/comments?post=24843"}],"wp:featuredmedia":[{"embeddable":true,"href":"https:\/\/www.mysexualfantasy.eu\/en\/wp-json\/wp\/v2\/media\/62323"}],"wp:attachment":[{"href":"https:\/\/www.mysexualfantasy.eu\/en\/wp-json\/wp\/v2\/media?parent=24843"}],"wp:term":[{"taxonomy":"product_brand","embeddable":true,"href":"https:\/\/www.mysexualfantasy.eu\/en\/wp-json\/wp\/v2\/product_brand?post=24843"},{"taxonomy":"product_cat","embeddable":true,"href":"https:\/\/www.mysexualfantasy.eu\/en\/wp-json\/wp\/v2\/product_cat?post=24843"},{"taxonomy":"product_tag","embeddable":true,"href":"https:\/\/www.mysexualfantasy.eu\/en\/wp-json\/wp\/v2\/product_tag?post=24843"}],"curies":[{"name":"wp","href":"https:\/\/api.w.org\/{rel}","templated":true}]}}