{"id":24844,"date":"2023-01-13T13:50:51","date_gmt":"2023-01-13T13:50:51","guid":{"rendered":"https:\/\/www.mysexualfantasy.eu\/?post_type=product&#038;p=24844"},"modified":"2023-12-06T15:32:21","modified_gmt":"2023-12-06T15:32:21","slug":"waves-of-pleasure-vibrador-23-cm-marron","status":"publish","type":"product","link":"https:\/\/www.mysexualfantasy.eu\/en\/product\/waves-of-pleasure-vibrador-23-cm-marron\/","title":{"rendered":"WAVES OF PLEASURE VIBRADOR 23 CM MARR\u00d3N"},"content":{"rendered":"<p>Este dildo vibrador color marr\u00f3n\u00a0es la compa\u00f1ia perfecta para aquellos que buscan algo de\u00a0diversi\u00f3n sensual. Adem\u00e1s puedes regular las vibraciones al gusto de forma forma muy f\u00e1cil, tan solo girando el controlador de la base a la vez que sientes sus real\u00edsticas venas a lo largo de todo el eje.\u00a0<\/p>\n<ul>\n<li>Perfecto para principiantes<\/li>\n<li>Longitud total: 23\u00a0cm\u00a0<\/li>\n<li><span style=\"font-size: 13px;\">Longitud insertable: 19.5 cm<\/span><\/li>\n<li>Di\u00e1metro: 3.9 cm<\/li>\n<li>Color: Marr\u00f3n<\/li>\n<li>Multivelocidad\u00a0<\/li>\n<li>Pilas: 2AA<\/li>\n<li>Material: PVC y ABS<\/li>\n<li>Real\u00edstico<\/li>\n<li>Se recomienda su uso con lubricante.\u00a0<\/li>\n<\/ul>","protected":false},"excerpt":{"rendered":"<p>WAVES OF PLEASURE VIBRATOR 23 CM BROWN<\/p>","protected":false},"featured_media":62328,"comment_status":"open","ping_status":"closed","template":"","meta":{"_monsterinsights_skip_tracking":false,"_monsterinsights_sitenote_active":false,"_monsterinsights_sitenote_note":"","_monsterinsights_sitenote_category":0,"_joinchat":[]},"product_brand":[],"product_cat":[1152,1153,1295],"product_tag":[],"class_list":{"0":"post-24844","1":"product","2":"type-product","3":"status-publish","4":"has-post-thumbnail","6":"product_cat-juguetes-bienestar","7":"product_cat-juguetes-bienestar-vibradores","8":"product_cat-juguetes-bienestar-vibradoresvibradores-realisticos","9":"yith_product_brand-baile","10":"yith_product_brand-bailebaile-vibrators","12":"first","13":"instock","14":"taxable","15":"shipping-taxable","16":"purchasable","17":"product-type-simple"},"aioseo_notices":[],"_links":{"self":[{"href":"https:\/\/www.mysexualfantasy.eu\/en\/wp-json\/wp\/v2\/product\/24844","targetHints":{"allow":["GET"]}}],"collection":[{"href":"https:\/\/www.mysexualfantasy.eu\/en\/wp-json\/wp\/v2\/product"}],"about":[{"href":"https:\/\/www.mysexualfantasy.eu\/en\/wp-json\/wp\/v2\/types\/product"}],"replies":[{"embeddable":true,"href":"https:\/\/www.mysexualfantasy.eu\/en\/wp-json\/wp\/v2\/comments?post=24844"}],"wp:featuredmedia":[{"embeddable":true,"href":"https:\/\/www.mysexualfantasy.eu\/en\/wp-json\/wp\/v2\/media\/62328"}],"wp:attachment":[{"href":"https:\/\/www.mysexualfantasy.eu\/en\/wp-json\/wp\/v2\/media?parent=24844"}],"wp:term":[{"taxonomy":"product_brand","embeddable":true,"href":"https:\/\/www.mysexualfantasy.eu\/en\/wp-json\/wp\/v2\/product_brand?post=24844"},{"taxonomy":"product_cat","embeddable":true,"href":"https:\/\/www.mysexualfantasy.eu\/en\/wp-json\/wp\/v2\/product_cat?post=24844"},{"taxonomy":"product_tag","embeddable":true,"href":"https:\/\/www.mysexualfantasy.eu\/en\/wp-json\/wp\/v2\/product_tag?post=24844"}],"curies":[{"name":"wp","href":"https:\/\/api.w.org\/{rel}","templated":true}]}}