{"id":24854,"date":"2023-01-13T12:02:34","date_gmt":"2023-01-13T12:02:34","guid":{"rendered":"https:\/\/www.mysexualfantasy.eu\/?post_type=product&#038;p=24854"},"modified":"2023-12-06T15:32:23","modified_gmt":"2023-12-06T15:32:23","slug":"vibrador-realistico-flexible-25-cm","status":"publish","type":"product","link":"https:\/\/www.mysexualfantasy.eu\/en\/product\/vibrador-realistico-flexible-25-cm\/","title":{"rendered":"VIBRADOR REALISTICO FLEXIBLE 25 CM"},"content":{"rendered":"<p>Perfectamente curvado y directo\u00a0hacia el punto G o para\u00a0hacerte disfrutar de la estimulaci\u00f3n prost\u00e1tica, este vibrador real\u00edstico fabricado con PVC es puro placer. Adem\u00e1s es unisex\u00a0y muy f\u00e1cil de usar. Perfecto para jugar solo o en pareja.\u00a0<\/p>\n<ul>\n<li>Vibrador real\u00edstico<\/li>\n<li>Unisex<\/li>\n<li>Longitud total: 25 cm\u00a0<\/li>\n<li>Di\u00e1metro: 4.3 cm\u00a0<\/li>\n<li>Real\u00edstico<\/li>\n<li>Vibraci\u00f3n multivelocidad<\/li>\n<li>Pilas: 2AA<\/li>\n<li>Material: PVC y ABS<\/li>\n<li>Se recomienda su uso con lubricante\u00a0<\/li>\n<\/ul>\n<p>\u00a0<\/p>\n<p>\u00a0<\/p>","protected":false},"excerpt":{"rendered":"<p>REALISTIC AND FLEXIBLE VIBRATOR 25 CM<\/p>","protected":false},"featured_media":44921,"comment_status":"open","ping_status":"closed","template":"","meta":{"_monsterinsights_skip_tracking":false,"_monsterinsights_sitenote_active":false,"_monsterinsights_sitenote_note":"","_monsterinsights_sitenote_category":0,"_joinchat":[]},"product_brand":[],"product_cat":[1152,1153,1295],"product_tag":[],"class_list":{"0":"post-24854","1":"product","2":"type-product","3":"status-publish","4":"has-post-thumbnail","6":"product_cat-juguetes-bienestar","7":"product_cat-juguetes-bienestar-vibradores","8":"product_cat-juguetes-bienestar-vibradoresvibradores-realisticos","9":"yith_product_brand-baile","10":"yith_product_brand-bailebaile-vibrators","12":"first","13":"instock","14":"taxable","15":"shipping-taxable","16":"purchasable","17":"product-type-simple"},"aioseo_notices":[],"_links":{"self":[{"href":"https:\/\/www.mysexualfantasy.eu\/en\/wp-json\/wp\/v2\/product\/24854","targetHints":{"allow":["GET"]}}],"collection":[{"href":"https:\/\/www.mysexualfantasy.eu\/en\/wp-json\/wp\/v2\/product"}],"about":[{"href":"https:\/\/www.mysexualfantasy.eu\/en\/wp-json\/wp\/v2\/types\/product"}],"replies":[{"embeddable":true,"href":"https:\/\/www.mysexualfantasy.eu\/en\/wp-json\/wp\/v2\/comments?post=24854"}],"wp:featuredmedia":[{"embeddable":true,"href":"https:\/\/www.mysexualfantasy.eu\/en\/wp-json\/wp\/v2\/media\/44921"}],"wp:attachment":[{"href":"https:\/\/www.mysexualfantasy.eu\/en\/wp-json\/wp\/v2\/media?parent=24854"}],"wp:term":[{"taxonomy":"product_brand","embeddable":true,"href":"https:\/\/www.mysexualfantasy.eu\/en\/wp-json\/wp\/v2\/product_brand?post=24854"},{"taxonomy":"product_cat","embeddable":true,"href":"https:\/\/www.mysexualfantasy.eu\/en\/wp-json\/wp\/v2\/product_cat?post=24854"},{"taxonomy":"product_tag","embeddable":true,"href":"https:\/\/www.mysexualfantasy.eu\/en\/wp-json\/wp\/v2\/product_tag?post=24854"}],"curies":[{"name":"wp","href":"https:\/\/api.w.org\/{rel}","templated":true}]}}