{"id":24866,"date":"2023-01-13T13:04:33","date_gmt":"2023-01-13T13:04:33","guid":{"rendered":"https:\/\/www.mysexualfantasy.eu\/?post_type=product&#038;p=24866"},"modified":"2023-12-06T16:01:01","modified_gmt":"2023-12-06T16:01:01","slug":"spirit-massage-wand-rosa","status":"publish","type":"product","link":"https:\/\/www.mysexualfantasy.eu\/en\/product\/spirit-massage-wand-rosa\/","title":{"rendered":"SPIRIT &#8211; MASAJEADOR WAND ROSA"},"content":{"rendered":"<p>Siente las vibraciones sensuales de este masajeador con 8 patrones diferentes. Dise\u00f1ado para sentir un intenso placer gracias a su potente y silencioso motor. La silicona supersuave se adaptar\u00e1 r\u00e1pidamente a tu temperatura corporal.<\/p>\n<p>Spirit masage wand es un completo vibrador wand fabricado en silicona con motor de bater\u00edas litio recargable y base en abs.<\/p>\n<p>Util\u00edzalo en la ducha o Spa, puedes jugar bajo el agua con Spirit Massage Wand, un completo vibrador perfecto para masajes o vibraciones intimas.<\/p>\n<ul>\n<li>8 Patrones de vibraci\u00f3n<\/li>\n<li>Resistente al agua<\/li>\n<li>Libre de Falatos<\/li>\n<li>Material seguro para el cuerpo, dermatol\u00f3gicamente testado.<\/li>\n<li>Ergon\u00f3mico<\/li>\n<li>Motor Potente<\/li>\n<li>Control Remoto<\/li>\n<li>\u00a1Recargable v\u00eda usb, cable incluido!<\/li>\n<li>100% Silicona suave y sedosa.<\/li>\n<li>Medidas; 21 x 4 cm<\/li>\n<li>Peso; 145 Gramos<\/li>\n<\/ul>\n<p>Descubre la nueva colecci\u00f3n de juguetes SPIRIT, un esp\u00edritu joven para un motor potente y fuerte. La potencia y energ\u00eda de Spirit se transmiten con sus motores resistentes de alta calidad. Reci\u00e9n lanzados en 2019 son juguetes aptos para todas las edades que buscan la juventud, el color y la vida en momentos \u00fanicos. Con Spirit es la garant\u00eda de un juguete seguro y fiable.<\/p>\n<p>Spirit tiene un a\u00f1o de garant\u00eda total.<\/p>","protected":false},"excerpt":{"rendered":"<p>SPIRIT &#8211; MASSAGE WAND PINK<\/p>","protected":false},"featured_media":55290,"comment_status":"open","ping_status":"closed","template":"","meta":{"_monsterinsights_skip_tracking":false,"_monsterinsights_sitenote_active":false,"_monsterinsights_sitenote_note":"","_monsterinsights_sitenote_category":0,"_joinchat":[]},"product_brand":[],"product_cat":[1156,1152,1155,1165,1309,1153,1292],"product_tag":[],"class_list":{"0":"post-24866","1":"product","2":"type-product","3":"status-publish","4":"has-post-thumbnail","6":"product_cat-juguetes-bienestar-juguetes-para-mujeresestimuladores","7":"product_cat-juguetes-bienestar","8":"product_cat-juguetes-bienestar-juguetes-para-mujeres","9":"product_cat-juguetes-bienestar-juguetes-para-mujeresmasturbadores-para-ellas","10":"product_cat-juguetes-bienestar-juguetes-para-mujerespunto-g","11":"product_cat-juguetes-bienestar-vibradores","12":"product_cat-juguetes-bienestar-vibradoresvibradores-clasicos-anales-o-vaginales","13":"yith_product_brand-spirit","15":"first","16":"instock","17":"taxable","18":"shipping-taxable","19":"purchasable","20":"product-type-simple"},"aioseo_notices":[],"_links":{"self":[{"href":"https:\/\/www.mysexualfantasy.eu\/en\/wp-json\/wp\/v2\/product\/24866","targetHints":{"allow":["GET"]}}],"collection":[{"href":"https:\/\/www.mysexualfantasy.eu\/en\/wp-json\/wp\/v2\/product"}],"about":[{"href":"https:\/\/www.mysexualfantasy.eu\/en\/wp-json\/wp\/v2\/types\/product"}],"replies":[{"embeddable":true,"href":"https:\/\/www.mysexualfantasy.eu\/en\/wp-json\/wp\/v2\/comments?post=24866"}],"wp:featuredmedia":[{"embeddable":true,"href":"https:\/\/www.mysexualfantasy.eu\/en\/wp-json\/wp\/v2\/media\/55290"}],"wp:attachment":[{"href":"https:\/\/www.mysexualfantasy.eu\/en\/wp-json\/wp\/v2\/media?parent=24866"}],"wp:term":[{"taxonomy":"product_brand","embeddable":true,"href":"https:\/\/www.mysexualfantasy.eu\/en\/wp-json\/wp\/v2\/product_brand?post=24866"},{"taxonomy":"product_cat","embeddable":true,"href":"https:\/\/www.mysexualfantasy.eu\/en\/wp-json\/wp\/v2\/product_cat?post=24866"},{"taxonomy":"product_tag","embeddable":true,"href":"https:\/\/www.mysexualfantasy.eu\/en\/wp-json\/wp\/v2\/product_tag?post=24866"}],"curies":[{"name":"wp","href":"https:\/\/api.w.org\/{rel}","templated":true}]}}