{"id":2487,"date":"2023-01-13T12:51:51","date_gmt":"2023-01-13T12:51:51","guid":{"rendered":"https:\/\/www.mysexualfantasy.eu\/?post_type=product&#038;p=2487"},"modified":"2023-12-06T15:10:56","modified_gmt":"2023-12-06T15:10:56","slug":"control-non-stop-retard-preservativos-12-unidades","status":"publish","type":"product","link":"https:\/\/www.mysexualfantasy.eu\/en\/product\/control-non-stop-retard-preservativos-12-unidades\/","title":{"rendered":"CONTROL &#8211; NON STOP RETARD PRESERVATIVOS 12 UNIDADES"},"content":{"rendered":"<p>Cond\u00f3n trasparente, de textura lisa y de ajuste anat\u00f3mico, fabricado de l\u00e1tex natural, lubricado con Benzoca\u00edna. Prolonga y retarda la relaci\u00f3n sexual, aumentando as\u00ed el placer.<\/p>\n<ul>\n<li>Dermatol\u00f3gicamente testados.<\/li>\n<li>Anchura nominal: 54mm.<\/li>\n<li>Caja 12 preservativos.<\/li>\n<\/ul>\n<p style=\"text-align: center;\"><img fetchpriority=\"high\" decoding=\"async\" alt=\"\" height=\"230\" src=\"https:\/\/interno.dreamlove.es\/UserFiles\/image\/homeGama.png\" width=\"505\" \/><\/p>","protected":false},"excerpt":{"rendered":"<p>CONTROL &#8211; NON STOP RETARD CONDOMS 12 UNITS<\/p>","protected":false},"featured_media":53914,"comment_status":"open","ping_status":"closed","template":"","meta":{"_monsterinsights_skip_tracking":false,"_monsterinsights_sitenote_active":false,"_monsterinsights_sitenote_note":"","_monsterinsights_sitenote_category":0,"_joinchat":[]},"product_brand":[],"product_cat":[1229,600],"product_tag":[],"class_list":{"0":"post-2487","1":"product","2":"type-product","3":"status-publish","4":"has-post-thumbnail","6":"product_cat-preservativos-gama-placer-prolongado","7":"product_cat-preservativos","8":"yith_product_brand-control","9":"yith_product_brand-controlcontrol-condoms","11":"first","12":"instock","13":"taxable","14":"shipping-taxable","15":"purchasable","16":"product-type-simple"},"aioseo_notices":[],"_links":{"self":[{"href":"https:\/\/www.mysexualfantasy.eu\/en\/wp-json\/wp\/v2\/product\/2487","targetHints":{"allow":["GET"]}}],"collection":[{"href":"https:\/\/www.mysexualfantasy.eu\/en\/wp-json\/wp\/v2\/product"}],"about":[{"href":"https:\/\/www.mysexualfantasy.eu\/en\/wp-json\/wp\/v2\/types\/product"}],"replies":[{"embeddable":true,"href":"https:\/\/www.mysexualfantasy.eu\/en\/wp-json\/wp\/v2\/comments?post=2487"}],"wp:featuredmedia":[{"embeddable":true,"href":"https:\/\/www.mysexualfantasy.eu\/en\/wp-json\/wp\/v2\/media\/53914"}],"wp:attachment":[{"href":"https:\/\/www.mysexualfantasy.eu\/en\/wp-json\/wp\/v2\/media?parent=2487"}],"wp:term":[{"taxonomy":"product_brand","embeddable":true,"href":"https:\/\/www.mysexualfantasy.eu\/en\/wp-json\/wp\/v2\/product_brand?post=2487"},{"taxonomy":"product_cat","embeddable":true,"href":"https:\/\/www.mysexualfantasy.eu\/en\/wp-json\/wp\/v2\/product_cat?post=2487"},{"taxonomy":"product_tag","embeddable":true,"href":"https:\/\/www.mysexualfantasy.eu\/en\/wp-json\/wp\/v2\/product_tag?post=2487"}],"curies":[{"name":"wp","href":"https:\/\/api.w.org\/{rel}","templated":true}]}}