{"id":24874,"date":"2023-01-13T13:04:38","date_gmt":"2023-01-13T13:04:38","guid":{"rendered":"https:\/\/www.mysexualfantasy.eu\/?post_type=product&#038;p=24874"},"modified":"2023-12-06T15:37:27","modified_gmt":"2023-12-06T15:37:27","slug":"spirit-anillo-vibrador-control-remoto-negro","status":"publish","type":"product","link":"https:\/\/www.mysexualfantasy.eu\/en\/product\/spirit-anillo-vibrador-control-remoto-negro\/","title":{"rendered":"SPIRIT &#8211; ANILLO VIBRADOR CONTROL REMOTO NEGRO"},"content":{"rendered":"<p>Lo mejor de los plugs anales, las balas vibradoras y los controles remotos unidos en un solo\u00a0 juguete. Disfruta sin cables de este magnifico plug con 10 modos de vibraci\u00f3n.<\/p>\n<p>Deja volar tu imaginaci\u00f3n en solitario o en pareja y en cualquier sitio, ya sea en una cena o en la ducha. Con recubrimiento en efecto sedoso y un potente control con alcance hasta 20 metros.<\/p>\n<ul>\n<li>10 modos de vibraci\u00f3n.<\/li>\n<li>Resistente al agua<\/li>\n<li>Libre de Falatos<\/li>\n<li>Material seguro para el cuerpo, dermatol\u00f3gicamente testado.<\/li>\n<li>Ergon\u00f3mico<\/li>\n<li>Motor Potente<\/li>\n<li>Control Remoto<\/li>\n<li>Silicona suave y sedosa.<\/li>\n<li>Medidas plug anal ; 11.5 x 3 cm<\/li>\n<li>Peso; 60 Gramos<\/li>\n<\/ul>\n<p>Este producto\u00a0utiliza 3 pilas LR44 y el mando 1 pila LR828 que puedes encontrar en la secci\u00f3n pilas.<\/p>\n<p>Descubre la nueva colecci\u00f3n de juguetes SPIRIT, un esp\u00edritu joven para un motor potente y fuerte. La potencia y energ\u00eda de Spirit se transmiten con sus motores resistentes de alta calidad. Reci\u00e9n lanzados en 2019 son juguetes aptos para todas las edades que buscan la juventud, el color y la vida en momentos \u00fanicos. Con Spirit es la garant\u00eda de un juguete seguro y fiable.<\/p>\n<p>Spirit tiene un a\u00f1o de garant\u00eda total.<\/p>","protected":false},"excerpt":{"rendered":"<p>SPIRIT &#8211; VIBRATING REMOTE CONTROL COCK RING BLACK<\/p>","protected":false},"featured_media":55301,"comment_status":"open","ping_status":"closed","template":"","meta":{"_monsterinsights_skip_tracking":false,"_monsterinsights_sitenote_active":false,"_monsterinsights_sitenote_note":"","_monsterinsights_sitenote_category":0,"_joinchat":[]},"product_brand":[],"product_cat":[1170,1172,1171,1152,1160,1153,1154],"product_tag":[],"class_list":{"0":"post-24874","1":"product","2":"type-product","3":"status-publish","4":"has-post-thumbnail","6":"product_cat-juguetes-bienestar-juguetes-para-hombresaccesorios-para-el-pene","7":"product_cat-juguetes-bienestar-juguetes-para-hombresaccesorios-para-el-peneanillos-peneanillos-con-vibracion","8":"product_cat-juguetes-bienestar-juguetes-para-hombresaccesorios-para-el-peneanillos-pene","9":"product_cat-juguetes-bienestar","10":"product_cat-juguetes-bienestar-juguetes-para-hombres","11":"product_cat-juguetes-bienestar-vibradores","12":"product_cat-juguetes-bienestar-vibradoresvibradores-control-remoto","13":"yith_product_brand-spirit","15":"first","16":"instock","17":"taxable","18":"shipping-taxable","19":"purchasable","20":"product-type-simple"},"aioseo_notices":[],"_links":{"self":[{"href":"https:\/\/www.mysexualfantasy.eu\/en\/wp-json\/wp\/v2\/product\/24874","targetHints":{"allow":["GET"]}}],"collection":[{"href":"https:\/\/www.mysexualfantasy.eu\/en\/wp-json\/wp\/v2\/product"}],"about":[{"href":"https:\/\/www.mysexualfantasy.eu\/en\/wp-json\/wp\/v2\/types\/product"}],"replies":[{"embeddable":true,"href":"https:\/\/www.mysexualfantasy.eu\/en\/wp-json\/wp\/v2\/comments?post=24874"}],"wp:featuredmedia":[{"embeddable":true,"href":"https:\/\/www.mysexualfantasy.eu\/en\/wp-json\/wp\/v2\/media\/55301"}],"wp:attachment":[{"href":"https:\/\/www.mysexualfantasy.eu\/en\/wp-json\/wp\/v2\/media?parent=24874"}],"wp:term":[{"taxonomy":"product_brand","embeddable":true,"href":"https:\/\/www.mysexualfantasy.eu\/en\/wp-json\/wp\/v2\/product_brand?post=24874"},{"taxonomy":"product_cat","embeddable":true,"href":"https:\/\/www.mysexualfantasy.eu\/en\/wp-json\/wp\/v2\/product_cat?post=24874"},{"taxonomy":"product_tag","embeddable":true,"href":"https:\/\/www.mysexualfantasy.eu\/en\/wp-json\/wp\/v2\/product_tag?post=24874"}],"curies":[{"name":"wp","href":"https:\/\/api.w.org\/{rel}","templated":true}]}}