{"id":24921,"date":"2023-01-13T14:43:08","date_gmt":"2023-01-13T14:43:08","guid":{"rendered":"https:\/\/www.mysexualfantasy.eu\/?post_type=product&#038;p=24921"},"modified":"2023-12-06T17:26:31","modified_gmt":"2023-12-06T17:26:31","slug":"obsessive-870-sec-1-set-dos-piezas-con-abertura-s-m","status":"publish","type":"product","link":"https:\/\/www.mysexualfantasy.eu\/en\/product\/obsessive-870-sec-1-set-dos-piezas-con-abertura-s-m\/","title":{"rendered":"OBSESSIVE &#8211; 870-SEC-1 SET DOS PIEZAS CON ABERTURA S\/M"},"content":{"rendered":"<p>Oyes como cruje la puerta de tu habitaci\u00f3n? El placer viene hacia ti y tu pareja. Ahora puedes sorprender y est\u00e1s lista para hacerlo. Con este set rojo, la noche entera ser\u00e1 tan excitante&#8230;\u00a0<\/p>\n<p>Caracter\u00edsticas.\u00a0<\/p>\n<ul>\n<li>Set dos piezas con abertura colecci\u00f3n 870<\/li>\n<li>Set compuesto por sujetador y tanga, ambos con abertura\u00a0<\/li>\n<li>El Sujetador expone los pechos<\/li>\n<li>Tirantas ajustables y cierre ajustable en la espalda<\/li>\n<li>Ajuste perfecto con Did2Fit solution<\/li>\n<li>Se engancha por detr\u00e1s del cuello\u00a0<\/li>\n<li>Lazos y joyita brillante decorativos<\/li>\n<li>Tanga con abertura\u00a0<\/li>\n<li>Talla: S\/M<\/li>\n<\/ul>\n<p>Obsessive significa inspiraci\u00f3n en la mujer!\u00a0 Elegancia, sensualidad, amor a la costura&#8230;.significa mucho para la mujer, pocos son los adjetivos que pueden calificar a Obsessive, donde una labor de a\u00f1os han conseguido unir relacion Calidad \/ Precio,<\/p>\n<p>L\u00edderes mundial<\/p>\n<p style=\"text-align: center;\"><img decoding=\"async\" src=\"https:\/\/store.dreamlove.es\/UserFiles\/images\/SIZES.png\" \/><\/p>\n<p>\u00a0<\/p>\n<p>\u00a0<\/p>","protected":false},"excerpt":{"rendered":"<p>OBSESSIVE &#8211; 870-SEC-1 PADDED BRA AND CROTHLESS THONG S\/M<\/p>","protected":false},"featured_media":70514,"comment_status":"open","ping_status":"closed","template":"","meta":{"_monsterinsights_skip_tracking":false,"_monsterinsights_sitenote_active":false,"_monsterinsights_sitenote_note":"","_monsterinsights_sitenote_category":0,"_joinchat":[]},"product_brand":[],"product_cat":[1198,1196,1197,1199,1166,1200],"product_tag":[],"class_list":{"0":"post-24921","1":"product","2":"type-product","3":"status-publish","4":"has-post-thumbnail","6":"product_cat-moda-lencerialenceria-mujerlenceria-picanteconjunto-de-lenceria-sexy","7":"product_cat-moda-lencerialenceria-mujer","8":"product_cat-moda-lencerialenceria-mujerlenceria-picante","9":"product_cat-moda-lencerialenceria-mujerlenceria-sexy","10":"product_cat-moda-lenceria","11":"product_cat-moda-lencerialenceria-mujerlenceria-sexysujetador-y-parte-inferior","12":"yith_product_brand-obsessive","13":"yith_product_brand-obsessiveobsessive-sets","15":"first","16":"instock","17":"taxable","18":"shipping-taxable","19":"purchasable","20":"product-type-variable"},"aioseo_notices":[],"_links":{"self":[{"href":"https:\/\/www.mysexualfantasy.eu\/en\/wp-json\/wp\/v2\/product\/24921","targetHints":{"allow":["GET"]}}],"collection":[{"href":"https:\/\/www.mysexualfantasy.eu\/en\/wp-json\/wp\/v2\/product"}],"about":[{"href":"https:\/\/www.mysexualfantasy.eu\/en\/wp-json\/wp\/v2\/types\/product"}],"replies":[{"embeddable":true,"href":"https:\/\/www.mysexualfantasy.eu\/en\/wp-json\/wp\/v2\/comments?post=24921"}],"wp:featuredmedia":[{"embeddable":true,"href":"https:\/\/www.mysexualfantasy.eu\/en\/wp-json\/wp\/v2\/media\/70514"}],"wp:attachment":[{"href":"https:\/\/www.mysexualfantasy.eu\/en\/wp-json\/wp\/v2\/media?parent=24921"}],"wp:term":[{"taxonomy":"product_brand","embeddable":true,"href":"https:\/\/www.mysexualfantasy.eu\/en\/wp-json\/wp\/v2\/product_brand?post=24921"},{"taxonomy":"product_cat","embeddable":true,"href":"https:\/\/www.mysexualfantasy.eu\/en\/wp-json\/wp\/v2\/product_cat?post=24921"},{"taxonomy":"product_tag","embeddable":true,"href":"https:\/\/www.mysexualfantasy.eu\/en\/wp-json\/wp\/v2\/product_tag?post=24921"}],"curies":[{"name":"wp","href":"https:\/\/api.w.org\/{rel}","templated":true}]}}