{"id":2494,"date":"2023-01-13T12:51:55","date_gmt":"2023-01-13T12:51:55","guid":{"rendered":"https:\/\/www.mysexualfantasy.eu\/?post_type=product&#038;p=2494"},"modified":"2023-12-06T17:24:06","modified_gmt":"2023-12-06T17:24:06","slug":"control-nonstop-puntos-y-estrias-preservativos-12-unidades","status":"publish","type":"product","link":"https:\/\/www.mysexualfantasy.eu\/en\/product\/control-nonstop-puntos-y-estrias-preservativos-12-unidades\/","title":{"rendered":"CONTROL NONSTOP PUNTOS Y ESTRIAS PRESERVATIVOS 12 UNIDADES"},"content":{"rendered":"<p><span id=\"ctl12_UpdatePanel2\">Cond\u00f3n estriado fabricado trasparente de l\u00e1tex natural, lubricado y de ajuste anat\u00f3mico, con efecto retardante a base de Benzoca\u00edna. <\/span><\/p>\n<p><span>Su superficie estriada, por dentro y por fuera, a base de puntos y su efecto retardante prolongan la estimulaci\u00f3n y el placer al m\u00e1ximo. <\/span><\/p>\n<ul>\n<li>Efecto retardante\u00a0<\/li>\n<li>Puntos y estr\u00edas<\/li>\n<li>Medidas: Ancho 53 mm.<\/li>\n<li>Dermatol\u00f3gicamente testados.<\/li>\n<li>Caja 12 preservativos.<\/li>\n<\/ul>\n<p style=\"text-align: center;\"><img fetchpriority=\"high\" decoding=\"async\" alt=\"\" height=\"230\" src=\"https:\/\/interno.dreamlove.es\/UserFiles\/image\/homeGama.png\" width=\"505\" \/><\/p>","protected":false},"excerpt":{"rendered":"<p>CONTROL NONSTOP DOTS AND LINES CONDOMS 12 UNITS<\/p>","protected":false},"featured_media":53925,"comment_status":"open","ping_status":"closed","template":"","meta":{"_monsterinsights_skip_tracking":false,"_monsterinsights_sitenote_active":false,"_monsterinsights_sitenote_note":"","_monsterinsights_sitenote_category":0,"_joinchat":[]},"product_brand":[],"product_cat":[1464,1229,600,1466,1459],"product_tag":[],"class_list":{"0":"post-2494","1":"product","2":"type-product","3":"status-publish","4":"has-post-thumbnail","6":"product_cat-preservativos-todos-los-tamanos-de-cajascajas-de-4-a-24","7":"product_cat-preservativos-gama-placer-prolongado","8":"product_cat-preservativos","9":"product_cat-preservativos-puntos-y-estrias","10":"product_cat-preservativos-todos-los-tamanos-de-cajas","11":"yith_product_brand-control","12":"yith_product_brand-controlcontrol-condoms","14":"first","15":"instock","16":"taxable","17":"shipping-taxable","18":"purchasable","19":"product-type-simple"},"aioseo_notices":[],"_links":{"self":[{"href":"https:\/\/www.mysexualfantasy.eu\/en\/wp-json\/wp\/v2\/product\/2494","targetHints":{"allow":["GET"]}}],"collection":[{"href":"https:\/\/www.mysexualfantasy.eu\/en\/wp-json\/wp\/v2\/product"}],"about":[{"href":"https:\/\/www.mysexualfantasy.eu\/en\/wp-json\/wp\/v2\/types\/product"}],"replies":[{"embeddable":true,"href":"https:\/\/www.mysexualfantasy.eu\/en\/wp-json\/wp\/v2\/comments?post=2494"}],"wp:featuredmedia":[{"embeddable":true,"href":"https:\/\/www.mysexualfantasy.eu\/en\/wp-json\/wp\/v2\/media\/53925"}],"wp:attachment":[{"href":"https:\/\/www.mysexualfantasy.eu\/en\/wp-json\/wp\/v2\/media?parent=2494"}],"wp:term":[{"taxonomy":"product_brand","embeddable":true,"href":"https:\/\/www.mysexualfantasy.eu\/en\/wp-json\/wp\/v2\/product_brand?post=2494"},{"taxonomy":"product_cat","embeddable":true,"href":"https:\/\/www.mysexualfantasy.eu\/en\/wp-json\/wp\/v2\/product_cat?post=2494"},{"taxonomy":"product_tag","embeddable":true,"href":"https:\/\/www.mysexualfantasy.eu\/en\/wp-json\/wp\/v2\/product_tag?post=2494"}],"curies":[{"name":"wp","href":"https:\/\/api.w.org\/{rel}","templated":true}]}}