{"id":24948,"date":"2023-01-13T13:51:15","date_gmt":"2023-01-13T13:51:15","guid":{"rendered":"https:\/\/www.mysexualfantasy.eu\/?post_type=product&#038;p=24948"},"modified":"2023-12-06T14:52:57","modified_gmt":"2023-12-06T14:52:57","slug":"inflatable-realistic-cock-dildo-hinchable-realistico-con-ventosa","status":"publish","type":"product","link":"https:\/\/www.mysexualfantasy.eu\/en\/product\/inflatable-realistic-cock-dildo-hinchable-realistico-con-ventosa\/","title":{"rendered":"INFLATABLE REALISTIC COCK DILDO HINCHABLE REALISTICO CON VENTOSA"},"content":{"rendered":"<p>Si te gusta aumentar la intensidad de la penetraci\u00f3n de forma r\u00e1pida y sencilla, el\u00a0fant\u00e1stico\u00a0consolador hinchable del material TPR imitando la piel\u00a0es lo que necesitas.<\/p>\n<p>Este largo dildo se infla enseguida con una bomba\u00a0manual. La pr\u00e1ctica v\u00e1lvula te garantiza que tu dildo se queda inflado durante el juego y cuando termines se desinfla r\u00e1pido. Te recomendamos que introduzca el dildo antes de inflarlo.<\/p>\n<ul>\n<li>Dildo hinchable<\/li>\n<li>Material: TPR<\/li>\n<li>Medidas: ver foto\u00a0<\/li>\n<li>Venoso y texturado<\/li>\n<li>Sistema de liberaci\u00f3n\u00a0r\u00e1pida de aire\u00a0<\/li>\n<li>Ventosa fuerte<\/li>\n<li>Se recomienda introducir\u00a0antes de inflar<\/li>\n<li>Se recomienda el uso de lubricante\u00a0<\/li>\n<\/ul>","protected":false},"excerpt":{"rendered":"<p>INFLATABLE REALISTIC DILDO WITH SUCTION CUP<\/p>","protected":false},"featured_media":62412,"comment_status":"open","ping_status":"closed","template":"","meta":{"_monsterinsights_skip_tracking":false,"_monsterinsights_sitenote_active":false,"_monsterinsights_sitenote_note":"","_monsterinsights_sitenote_category":0,"_joinchat":[]},"product_brand":[],"product_cat":[1182,1152,1188],"product_tag":[],"class_list":{"0":"post-24948","1":"product","2":"type-product","3":"status-publish","4":"has-post-thumbnail","6":"product_cat-juguetes-bienestar-dildos","7":"product_cat-juguetes-bienestar","8":"product_cat-juguetes-bienestar-dildospenes-realisticos","9":"yith_product_brand-baile","10":"yith_product_brand-bailebaile-stimulating","12":"first","13":"instock","14":"taxable","15":"shipping-taxable","16":"purchasable","17":"product-type-simple"},"aioseo_notices":[],"_links":{"self":[{"href":"https:\/\/www.mysexualfantasy.eu\/en\/wp-json\/wp\/v2\/product\/24948","targetHints":{"allow":["GET"]}}],"collection":[{"href":"https:\/\/www.mysexualfantasy.eu\/en\/wp-json\/wp\/v2\/product"}],"about":[{"href":"https:\/\/www.mysexualfantasy.eu\/en\/wp-json\/wp\/v2\/types\/product"}],"replies":[{"embeddable":true,"href":"https:\/\/www.mysexualfantasy.eu\/en\/wp-json\/wp\/v2\/comments?post=24948"}],"wp:featuredmedia":[{"embeddable":true,"href":"https:\/\/www.mysexualfantasy.eu\/en\/wp-json\/wp\/v2\/media\/62412"}],"wp:attachment":[{"href":"https:\/\/www.mysexualfantasy.eu\/en\/wp-json\/wp\/v2\/media?parent=24948"}],"wp:term":[{"taxonomy":"product_brand","embeddable":true,"href":"https:\/\/www.mysexualfantasy.eu\/en\/wp-json\/wp\/v2\/product_brand?post=24948"},{"taxonomy":"product_cat","embeddable":true,"href":"https:\/\/www.mysexualfantasy.eu\/en\/wp-json\/wp\/v2\/product_cat?post=24948"},{"taxonomy":"product_tag","embeddable":true,"href":"https:\/\/www.mysexualfantasy.eu\/en\/wp-json\/wp\/v2\/product_tag?post=24948"}],"curies":[{"name":"wp","href":"https:\/\/api.w.org\/{rel}","templated":true}]}}