{"id":2495,"date":"2023-01-13T12:52:27","date_gmt":"2023-01-13T12:52:27","guid":{"rendered":"https:\/\/www.mysexualfantasy.eu\/?post_type=product&#038;p=2495"},"modified":"2023-12-06T17:24:06","modified_gmt":"2023-12-06T17:24:06","slug":"control-fussion-preservativos-12-unidades","status":"publish","type":"product","link":"https:\/\/www.mysexualfantasy.eu\/en\/product\/control-fussion-preservativos-12-unidades\/","title":{"rendered":"CONTROL FUSSION PRESERVATIVOS 12 UNIDADES"},"content":{"rendered":"<p>Una explosi\u00f3n de aromas afrodis\u00edacos.<\/p>\n<p>Cuando quieres a\u00f1adir un toque de fantas\u00eda a los momentos de pasi\u00f3n, Fussion es la elecci\u00f3n ideal: cada estuche contiene preservativos con 3 aromas distintos: chocolate, melocot\u00f3n y fresa. Ideales para darle una dosis extra a la relaci\u00f3n y despertar los sentidos con colores y aromas siempre nuevos.<\/p>\n<ul>\n<li>Formato: 12 preservativos<\/li>\n<li>Material: L\u00e1tex natural<\/li>\n<li>Color: Marr\u00f3n \/ Verde \/ Amarillo<\/li>\n<li>Caracter\u00edsticas: Surtido de aromas (chocolate\/menta\/melocot\u00f3n)<\/li>\n<li>Forma: Anat\u00f3mica Adapta<\/li>\n<li>Lubricaci\u00f3n: Est\u00e1ndar con base de silicona, aromatizada. Grosor: 0,070 mm<\/li>\n<li>Longitud: 190 mm<\/li>\n<li>Anchura nominal: 54 mm<\/li>\n<\/ul>\n<p style=\"text-align: center;\"><img fetchpriority=\"high\" decoding=\"async\" alt=\"\" height=\"230\" src=\"https:\/\/interno.dreamlove.es\/UserFiles\/image\/homeGama.png\" width=\"505\" \/><\/p>","protected":false},"excerpt":{"rendered":"<p>CONTROL FUSSION CONDOMS 12 UNITS<\/p>","protected":false},"featured_media":54045,"comment_status":"open","ping_status":"closed","template":"","meta":{"_monsterinsights_skip_tracking":false,"_monsterinsights_sitenote_active":false,"_monsterinsights_sitenote_note":"","_monsterinsights_sitenote_category":0,"_joinchat":[]},"product_brand":[],"product_cat":[1464,600,1230,1459],"product_tag":[],"class_list":{"0":"post-2495","1":"product","2":"type-product","3":"status-publish","4":"has-post-thumbnail","6":"product_cat-preservativos-todos-los-tamanos-de-cajascajas-de-4-a-24","7":"product_cat-preservativos","8":"product_cat-preservativos-sabores","9":"product_cat-preservativos-todos-los-tamanos-de-cajas","10":"yith_product_brand-control","11":"yith_product_brand-controlcontrol-condoms","13":"first","14":"instock","15":"taxable","16":"shipping-taxable","17":"purchasable","18":"product-type-simple"},"aioseo_notices":[],"_links":{"self":[{"href":"https:\/\/www.mysexualfantasy.eu\/en\/wp-json\/wp\/v2\/product\/2495","targetHints":{"allow":["GET"]}}],"collection":[{"href":"https:\/\/www.mysexualfantasy.eu\/en\/wp-json\/wp\/v2\/product"}],"about":[{"href":"https:\/\/www.mysexualfantasy.eu\/en\/wp-json\/wp\/v2\/types\/product"}],"replies":[{"embeddable":true,"href":"https:\/\/www.mysexualfantasy.eu\/en\/wp-json\/wp\/v2\/comments?post=2495"}],"wp:featuredmedia":[{"embeddable":true,"href":"https:\/\/www.mysexualfantasy.eu\/en\/wp-json\/wp\/v2\/media\/54045"}],"wp:attachment":[{"href":"https:\/\/www.mysexualfantasy.eu\/en\/wp-json\/wp\/v2\/media?parent=2495"}],"wp:term":[{"taxonomy":"product_brand","embeddable":true,"href":"https:\/\/www.mysexualfantasy.eu\/en\/wp-json\/wp\/v2\/product_brand?post=2495"},{"taxonomy":"product_cat","embeddable":true,"href":"https:\/\/www.mysexualfantasy.eu\/en\/wp-json\/wp\/v2\/product_cat?post=2495"},{"taxonomy":"product_tag","embeddable":true,"href":"https:\/\/www.mysexualfantasy.eu\/en\/wp-json\/wp\/v2\/product_tag?post=2495"}],"curies":[{"name":"wp","href":"https:\/\/api.w.org\/{rel}","templated":true}]}}