{"id":24991,"date":"2023-01-13T14:04:03","date_gmt":"2023-01-13T14:04:03","guid":{"rendered":"https:\/\/www.mysexualfantasy.eu\/?post_type=product&#038;p=24991"},"modified":"2023-12-06T16:56:31","modified_gmt":"2023-12-06T16:56:31","slug":"me-seduce-guantes-negro-xxl-xxxl","status":"publish","type":"product","link":"https:\/\/www.mysexualfantasy.eu\/en\/product\/me-seduce-guantes-negro-xxl-xxxl\/","title":{"rendered":"ME-SEDUCE GUANTES NEGRO XXL\/XXXL"},"content":{"rendered":"<p>Presentamos Black Diamond, la nueva colecci\u00f3n de la prestigiosa marca de lencer\u00eda Europea Me-Seduce y sus exclusivas piezas y complementos:\u00a0<\/p>\n<ul>\n<li>Guante\u00a0modelo 01<\/li>\n<li>Guante mano derecha\u00a0<\/li>\n<li>Extravagante guante\u00a0con\u00a0con detalles met\u00e1licos y hebillas<\/li>\n<li>Composici\u00f3n: 95% poliester \/ 5% algod\u00f3n\u00a0<\/li>\n<li>Dise\u00f1o exclusivo para usar en juegos o en tu d\u00eda a d\u00eda\u00a0<\/li>\n<li>Composici\u00f3n: 95% poliester 5% algod\u00f3n<\/li>\n<li>Color: Negro\u00a0<\/li>\n<li>Talla: XXL\/XXXL<\/li>\n<\/ul>\n<p>Me-Seduce fue creada en 2013 y se dedica al dise\u00f1o y fabricaci\u00f3n de\u00a0lencer\u00eda er\u00f3tica para mujeres y hombres. En Oto\u00f1o de 2018 la marca fue galardonada con el XBIZ Europe y le dieron el premio a la Mejor empresa de lencer\u00eda del a\u00f1o 2018. Era la primera edici\u00f3n europea y la \u00fanica marca polaca nominada. Ahora en este 2019, ha sido nominada en la edicion americana de los premios XBIZ de 2019 en dos categor\u00edas: La mejor empresa de Lencer\u00eda (2019) y La mejor colecci\u00f3n del a\u00f1o (2019)<\/p>\n<p>\u00a0<\/p>\n<p style=\"text-align: center;\"><img decoding=\"async\" alt=\"\" src=\"https:\/\/interno.dreamlove.es\/UserFiles\/images\/TALLAS%20ME%20SEDUCE%281%29.jpg\" style=\"width: 577px; height: 519px;\" \/><\/p>","protected":false},"excerpt":{"rendered":"<p>ME-SEDUCE GLOVES BLACK XXL\/XXXL<\/p>","protected":false},"featured_media":64525,"comment_status":"open","ping_status":"closed","template":"","meta":{"_monsterinsights_skip_tracking":false,"_monsterinsights_sitenote_active":false,"_monsterinsights_sitenote_note":"","_monsterinsights_sitenote_category":0,"_joinchat":[]},"product_brand":[],"product_cat":[1323,1175,1433,1196,1166],"product_tag":[],"class_list":{"0":"post-24991","1":"product","2":"type-product","3":"status-publish","4":"has-post-thumbnail","6":"product_cat-moda-lencerialenceria-mujeraccesorios","7":"product_cat-bdsm-bondage","8":"product_cat-moda-lencerialenceria-mujeraccesoriosguantes-para-lenceria","9":"product_cat-moda-lencerialenceria-mujer","10":"product_cat-moda-lenceria","11":"yith_product_brand-me-seduce","12":"yith_product_brand-me-seduce-me-seduce-accessories","14":"first","15":"instock","16":"taxable","17":"shipping-taxable","18":"purchasable","19":"product-type-simple"},"aioseo_notices":[],"_links":{"self":[{"href":"https:\/\/www.mysexualfantasy.eu\/en\/wp-json\/wp\/v2\/product\/24991","targetHints":{"allow":["GET"]}}],"collection":[{"href":"https:\/\/www.mysexualfantasy.eu\/en\/wp-json\/wp\/v2\/product"}],"about":[{"href":"https:\/\/www.mysexualfantasy.eu\/en\/wp-json\/wp\/v2\/types\/product"}],"replies":[{"embeddable":true,"href":"https:\/\/www.mysexualfantasy.eu\/en\/wp-json\/wp\/v2\/comments?post=24991"}],"wp:featuredmedia":[{"embeddable":true,"href":"https:\/\/www.mysexualfantasy.eu\/en\/wp-json\/wp\/v2\/media\/64525"}],"wp:attachment":[{"href":"https:\/\/www.mysexualfantasy.eu\/en\/wp-json\/wp\/v2\/media?parent=24991"}],"wp:term":[{"taxonomy":"product_brand","embeddable":true,"href":"https:\/\/www.mysexualfantasy.eu\/en\/wp-json\/wp\/v2\/product_brand?post=24991"},{"taxonomy":"product_cat","embeddable":true,"href":"https:\/\/www.mysexualfantasy.eu\/en\/wp-json\/wp\/v2\/product_cat?post=24991"},{"taxonomy":"product_tag","embeddable":true,"href":"https:\/\/www.mysexualfantasy.eu\/en\/wp-json\/wp\/v2\/product_tag?post=24991"}],"curies":[{"name":"wp","href":"https:\/\/api.w.org\/{rel}","templated":true}]}}