{"id":25018,"date":"2023-01-13T13:18:56","date_gmt":"2023-01-13T13:18:56","guid":{"rendered":"https:\/\/www.mysexualfantasy.eu\/?post_type=product&#038;p=25018"},"modified":"2023-12-06T16:22:02","modified_gmt":"2023-12-06T16:22:02","slug":"fetish-submissive-barra-separadora-bondage-con-forro-de-nopreno","status":"publish","type":"product","link":"https:\/\/www.mysexualfantasy.eu\/en\/product\/fetish-submissive-barra-separadora-bondage-con-forro-de-nopreno\/","title":{"rendered":"FETISH SUBMISSIVE &#8211; BARRA SEPARADORA BONDAGE CON FORRO DE NOPRENO"},"content":{"rendered":"<div>\u00a0<\/div>\n<div>Juegos <strong>BDSM <\/strong>avanzados con la barra separadora ajustable, inmoviliza y goza. Esta barra separadora permite la retenci\u00f3n de mu\u00f1ecas y pies, juntos o por separado en todas las posturas que seas capaz de imaginar.<\/div>\n<div>\u00a0<\/div>\n<div style=\"text-align: center;\">\n<p style=\"text-align: left;\">Hechas con neopreno e interior de <strong>cuero vegano<\/strong>, ligeramente acolchadas, se ajustan con velcros. R\u00e1pidas de poner, y r\u00e1pidas de quitar, siempre contemplando una sexualidad segura sana.<\/p>\n<p style=\"text-align: left;\">No pierdas tiempo haciendo nudos o buscando herramientas para emular lo que estas esposas hacen pr\u00e1cticamente solas. Invierte tu tiempo en disfrutar de la experiencia, tu amante y t\u00fa obtendr\u00e9is m\u00e1s.<\/p>\n<p style=\"text-align: left;\">La colecci\u00f3n <strong>Fetish Submisive<\/strong> es la perfecta para el BDSM, calidad y resistencia aptas para cualquier juego.<\/p>\n<\/div>","protected":false},"excerpt":{"rendered":"<p>FETISH SUBMISSIVE &#8211; SPREADER BAR WITH NEOPRENE LINING<\/p>","protected":false},"featured_media":57952,"comment_status":"open","ping_status":"closed","template":"","meta":{"_monsterinsights_skip_tracking":false,"_monsterinsights_sitenote_active":false,"_monsterinsights_sitenote_note":"","_monsterinsights_sitenote_category":0,"_joinchat":[]},"product_brand":[],"product_cat":[1175,1178,1397,1152,1247],"product_tag":[],"class_list":{"0":"post-25018","1":"product","2":"type-product","3":"status-publish","4":"has-post-thumbnail","6":"product_cat-bdsm-bondage","7":"product_cat-bdsm-bondage-bondage","8":"product_cat-bdsm-bondage-bondageesposas-de-fijacion","9":"product_cat-juguetes-bienestar","10":"product_cat-juguetes-bienestar-mascaras-y-esposas","11":"yith_product_brand-fetish-submissive","12":"yith_product_brand-fetish-submissivefetish-submissive-bondage","14":"first","15":"instock","16":"taxable","17":"shipping-taxable","18":"purchasable","19":"product-type-simple"},"aioseo_notices":[],"_links":{"self":[{"href":"https:\/\/www.mysexualfantasy.eu\/en\/wp-json\/wp\/v2\/product\/25018","targetHints":{"allow":["GET"]}}],"collection":[{"href":"https:\/\/www.mysexualfantasy.eu\/en\/wp-json\/wp\/v2\/product"}],"about":[{"href":"https:\/\/www.mysexualfantasy.eu\/en\/wp-json\/wp\/v2\/types\/product"}],"replies":[{"embeddable":true,"href":"https:\/\/www.mysexualfantasy.eu\/en\/wp-json\/wp\/v2\/comments?post=25018"}],"wp:featuredmedia":[{"embeddable":true,"href":"https:\/\/www.mysexualfantasy.eu\/en\/wp-json\/wp\/v2\/media\/57952"}],"wp:attachment":[{"href":"https:\/\/www.mysexualfantasy.eu\/en\/wp-json\/wp\/v2\/media?parent=25018"}],"wp:term":[{"taxonomy":"product_brand","embeddable":true,"href":"https:\/\/www.mysexualfantasy.eu\/en\/wp-json\/wp\/v2\/product_brand?post=25018"},{"taxonomy":"product_cat","embeddable":true,"href":"https:\/\/www.mysexualfantasy.eu\/en\/wp-json\/wp\/v2\/product_cat?post=25018"},{"taxonomy":"product_tag","embeddable":true,"href":"https:\/\/www.mysexualfantasy.eu\/en\/wp-json\/wp\/v2\/product_tag?post=25018"}],"curies":[{"name":"wp","href":"https:\/\/api.w.org\/{rel}","templated":true}]}}