{"id":25020,"date":"2023-01-13T13:24:15","date_gmt":"2023-01-13T13:24:15","guid":{"rendered":"https:\/\/www.mysexualfantasy.eu\/?post_type=product&#038;p=25020"},"modified":"2023-12-06T16:23:46","modified_gmt":"2023-12-06T16:23:46","slug":"fetish-submissive-union-esposas-cuero-vegano","status":"publish","type":"product","link":"https:\/\/www.mysexualfantasy.eu\/en\/product\/fetish-submissive-union-esposas-cuero-vegano\/","title":{"rendered":"FETISH SUBMISSIVE &#8211; UNI\u00d3N ESPOSAS CUERO VEGANO"},"content":{"rendered":"<div>FETISH SUBMISIVE Presenta la uni\u00f3n de ataduras de la colecci\u00f3n Submisive, fabricado en cuero vegano.<\/div>\n<div>\u00a0<\/div>\n<div>Perfecto para compaginar con esposas de la colecci\u00f3n submisive y unir tobillos con mu\u00f1equeras para una completa sumisi\u00f3n.\u00a0<\/div>\n<div>El mejor complemento para tus juegos de bondage.<\/div>\n<ul>\n<li>Fabricado en material; Neopreno, Metal libre de niquel y Cuero vegano.<\/li>\n<li>Posibilidades infinitas.<\/li>\n<\/ul>\n<div>\u00a1La colecci\u00f3n Fetish Submisive es la perfecta para el BDSM, calidad y resistencia aptas para cualquier juego!<\/div>\n<div>100% Ajustable.<\/div>\n<div>\u00a0<\/div>\n<div style=\"text-align: center;\">\u00a0<\/div>","protected":false},"excerpt":{"rendered":"<p>FETISH SUBMISSIVE &#8211; HOG TIE VEGAN LEATHER<\/p>","protected":false},"featured_media":58835,"comment_status":"open","ping_status":"closed","template":"","meta":{"_monsterinsights_skip_tracking":false,"_monsterinsights_sitenote_active":false,"_monsterinsights_sitenote_note":"","_monsterinsights_sitenote_category":0,"_joinchat":[]},"product_brand":[],"product_cat":[1176,1175,1178,1397,1152,1247],"product_tag":[],"class_list":{"0":"post-25020","1":"product","2":"type-product","3":"status-publish","4":"has-post-thumbnail","6":"product_cat-bdsm-bondage-articulos-bdsm","7":"product_cat-bdsm-bondage","8":"product_cat-bdsm-bondage-bondage","9":"product_cat-bdsm-bondage-bondageesposas-de-fijacion","10":"product_cat-juguetes-bienestar","11":"product_cat-juguetes-bienestar-mascaras-y-esposas","12":"yith_product_brand-fetish-submissive","13":"yith_product_brand-fetish-submissivefetish-submissive-bondage","15":"first","16":"instock","17":"taxable","18":"shipping-taxable","19":"purchasable","20":"product-type-simple"},"aioseo_notices":[],"_links":{"self":[{"href":"https:\/\/www.mysexualfantasy.eu\/en\/wp-json\/wp\/v2\/product\/25020","targetHints":{"allow":["GET"]}}],"collection":[{"href":"https:\/\/www.mysexualfantasy.eu\/en\/wp-json\/wp\/v2\/product"}],"about":[{"href":"https:\/\/www.mysexualfantasy.eu\/en\/wp-json\/wp\/v2\/types\/product"}],"replies":[{"embeddable":true,"href":"https:\/\/www.mysexualfantasy.eu\/en\/wp-json\/wp\/v2\/comments?post=25020"}],"wp:featuredmedia":[{"embeddable":true,"href":"https:\/\/www.mysexualfantasy.eu\/en\/wp-json\/wp\/v2\/media\/58835"}],"wp:attachment":[{"href":"https:\/\/www.mysexualfantasy.eu\/en\/wp-json\/wp\/v2\/media?parent=25020"}],"wp:term":[{"taxonomy":"product_brand","embeddable":true,"href":"https:\/\/www.mysexualfantasy.eu\/en\/wp-json\/wp\/v2\/product_brand?post=25020"},{"taxonomy":"product_cat","embeddable":true,"href":"https:\/\/www.mysexualfantasy.eu\/en\/wp-json\/wp\/v2\/product_cat?post=25020"},{"taxonomy":"product_tag","embeddable":true,"href":"https:\/\/www.mysexualfantasy.eu\/en\/wp-json\/wp\/v2\/product_tag?post=25020"}],"curies":[{"name":"wp","href":"https:\/\/api.w.org\/{rel}","templated":true}]}}