{"id":25137,"date":"2023-01-13T14:04:45","date_gmt":"2023-01-13T14:04:45","guid":{"rendered":"https:\/\/www.mysexualfantasy.eu\/?post_type=product&#038;p=25137"},"modified":"2023-12-06T17:26:37","modified_gmt":"2023-12-06T17:26:37","slug":"me-seduce-taylor-set-negro-s-m","status":"publish","type":"product","link":"https:\/\/www.mysexualfantasy.eu\/en\/product\/me-seduce-taylor-set-negro-s-m\/","title":{"rendered":"ME-SEDUCE TAYLOR SET NEGRO S\/M"},"content":{"rendered":"<p>Presentamos Black Diamond, la nueva colecci\u00f3n de la prestigiosa marca de lencer\u00eda Europea Me-Seduce y sus exclusivas piezas y complementos:\u00a0<\/p>\n<ul>\n<li>Taylor\u00a0set<\/li>\n<li>Fant\u00e1stico arn\u00e9s con esposas incluidas\u00a0<\/li>\n<li>Con anillas y dos correas con un peque\u00f1o engance que te permitir\u00e1 hacer una\u00a0incontable oportunidades de juegos\u00a0<\/li>\n<li>Fabricado con cuero sint\u00e9tico y anillas y corchetes met\u00e1licos\u00a0<\/li>\n<li>Composici\u00f3n:\u00a095% poliester 5% algod\u00f3n\u00a0<\/li>\n<li>Color: Negro<\/li>\n<li>Talla: S\/M<\/li>\n<\/ul>\n<p>Me-Seduce fue creada en 2013 y se dedica al dise\u00f1o y fabricaci\u00f3n de\u00a0lencer\u00eda er\u00f3tica para mujeres y hombres. En Oto\u00f1o de 2018 la marca fue galardonada con el XBIZ Europe y le dieron el premio a la Mejor empresa de lencer\u00eda del a\u00f1o 2018. Era la primera edici\u00f3n europea y la \u00fanica marca polaca nominada. Ahora en este 2019, ha sido nominada en la edicion americana de los premios XBIZ de 2019 en dos categor\u00edas: La mejor empresa de Lencer\u00eda (2019) y La mejor colecci\u00f3n del a\u00f1o (2019)<\/p>\n<p>\u00a0<\/p>\n<p style=\"text-align: center;\"><img decoding=\"async\" alt=\"\" src=\"https:\/\/interno.dreamlove.es\/UserFiles\/images\/TALLAS%20ME%20SEDUCE%281%29.jpg\" style=\"width: 577px; height: 519px;\" \/><\/p>","protected":false},"excerpt":{"rendered":"<p>ME-SEDUCE TAYLOR SET BLACK S\/M<\/p>","protected":false},"featured_media":64603,"comment_status":"open","ping_status":"closed","template":"","meta":{"_monsterinsights_skip_tracking":false,"_monsterinsights_sitenote_active":false,"_monsterinsights_sitenote_note":"","_monsterinsights_sitenote_category":0,"_joinchat":[]},"product_brand":[],"product_cat":[1176,1175,1178,1397,1452,1196,1197,1199,1411,1166],"product_tag":[],"class_list":{"0":"post-25137","1":"product","2":"type-product","3":"status-publish","4":"has-post-thumbnail","6":"product_cat-bdsm-bondage-articulos-bdsm","7":"product_cat-bdsm-bondage","8":"product_cat-bdsm-bondage-bondage","9":"product_cat-bdsm-bondage-bondageesposas-de-fijacion","10":"product_cat-moda-lencerialenceria-mujerlenceria-picanteestilo-fetish","11":"product_cat-moda-lencerialenceria-mujer","12":"product_cat-moda-lencerialenceria-mujerlenceria-picante","13":"product_cat-moda-lencerialenceria-mujerlenceria-sexy","14":"product_cat-bdsm-bondage-articulos-bdsmmoda-bdsm","15":"product_cat-moda-lenceria","16":"yith_product_brand-me-seduce","17":"yith_product_brand-me-seduce-me-seduce-set","19":"first","20":"instock","21":"taxable","22":"shipping-taxable","23":"purchasable","24":"product-type-variable"},"aioseo_notices":[],"_links":{"self":[{"href":"https:\/\/www.mysexualfantasy.eu\/en\/wp-json\/wp\/v2\/product\/25137","targetHints":{"allow":["GET"]}}],"collection":[{"href":"https:\/\/www.mysexualfantasy.eu\/en\/wp-json\/wp\/v2\/product"}],"about":[{"href":"https:\/\/www.mysexualfantasy.eu\/en\/wp-json\/wp\/v2\/types\/product"}],"replies":[{"embeddable":true,"href":"https:\/\/www.mysexualfantasy.eu\/en\/wp-json\/wp\/v2\/comments?post=25137"}],"wp:featuredmedia":[{"embeddable":true,"href":"https:\/\/www.mysexualfantasy.eu\/en\/wp-json\/wp\/v2\/media\/64603"}],"wp:attachment":[{"href":"https:\/\/www.mysexualfantasy.eu\/en\/wp-json\/wp\/v2\/media?parent=25137"}],"wp:term":[{"taxonomy":"product_brand","embeddable":true,"href":"https:\/\/www.mysexualfantasy.eu\/en\/wp-json\/wp\/v2\/product_brand?post=25137"},{"taxonomy":"product_cat","embeddable":true,"href":"https:\/\/www.mysexualfantasy.eu\/en\/wp-json\/wp\/v2\/product_cat?post=25137"},{"taxonomy":"product_tag","embeddable":true,"href":"https:\/\/www.mysexualfantasy.eu\/en\/wp-json\/wp\/v2\/product_tag?post=25137"}],"curies":[{"name":"wp","href":"https:\/\/api.w.org\/{rel}","templated":true}]}}