{"id":2519,"date":"2023-01-13T14:22:14","date_gmt":"2023-01-13T14:22:14","guid":{"rendered":"https:\/\/www.mysexualfantasy.eu\/?post_type=product&#038;p=2519"},"modified":"2023-12-06T15:30:17","modified_gmt":"2023-12-06T15:30:17","slug":"lelo-luna-bolas-chinas","status":"publish","type":"product","link":"https:\/\/www.mysexualfantasy.eu\/en\/product\/lelo-luna-bolas-chinas\/","title":{"rendered":"LELO LUNA BOLAS CHINAS"},"content":{"rendered":"<p>Ejercicios de kegel l\u00edderes para la salud y el placer.<\/p>\n<ul>\n<li>Las LUNA Beads\u2122 son el sistema de ejercicios de Kegel n\u00famero uno mundial en ventas.<\/li>\n<\/ul>\n<p>Est\u00e1n disponibles en 2 tama\u00f1os Classic y Mini, permitiendo a todas las mujeres encontrar el tama\u00f1o adecuado para practicar el entrenamiento p\u00e9lvico m\u00e1s eficaz.<\/p>\n<p>La elegante versi\u00f3n de LELO de las cl\u00e1sicas bolas &#8216;ben wa&#8217; proporciona a las usuarias orgasmos m\u00e1s duraderos, m\u00e1s intensos y m\u00e1s f\u00e1cilmente alcanzables, una reducci\u00f3n del riesgo de padecer incontinencia y otros problemas del suelo p\u00e9lvico, as\u00ed como una r\u00e1pida recuperaci\u00f3n del tono y de la elasticidad tras el parto. Asimismo, son el \u00fanico sistema de ejercicios de Kegel que permite mezclar y combinar los pesos.<\/p>\n<ul>\n<li>Cada set incluye dos bolas de 28 g. y dos de 37 g. que pueden combinarse gracias al conector de silicona para crear rutinas de ejercicios personalizadas.<\/li>\n<li>LUNA Beads\u2122: Recomendadas para las mujeres mayores de 30 a\u00f1os y\/o aquellas que han dado a luz. Di\u00e1metro: 35 mm.<\/li>\n<li>LUNA Beads\u2122 Mini: Recomendadas para las mujeres menores de 30 a\u00f1os que nunca han dado a luz. Di\u00e1metro: 29 mm.<\/li>\n<\/ul>\n<p>Como ocurre con todos los objetos de placer LELO, LUNA est\u00e1 dise\u00f1ado para proporcionar total tranquilidad en cualquier situaci\u00f3n y bajo cualquier circunstancia.<\/p>\n<p>Fabricado con pl\u00e1stico ABS\/silicona aprobados por la FDA y libres de ftalato, este juego de cuatro bolas (dos de 28 gramos y dos de 37) est\u00e1 dise\u00f1ado para aumentar la fuerza y la resistencia de los m\u00fasculos de la vagina y del suelo p\u00e9lvico.<\/p>\n<p>El sistema de bolas LUNA se presenta en una elegante caja de regalo que contiene una lujosa bolsita de sat\u00e9n para guardarlo, adem\u00e1s de un cord\u00f3n higi\u00e9nico de extracci\u00f3n, el manual de usuario y la garant\u00eda completa LELO de 1 a\u00f1o.<\/p>\n<p style=\"text-align: center;\"><iframe allowfullscreen=\"\" frameborder=\"0\" height=\"300\" scrolling=\"no\" src=\"https:\/\/www.youtube-nocookie.com\/embed\/ja2mYCc2IPc?rel=0controls=0showinfo=0\" width=\"800\"><\/iframe><\/p>","protected":false},"excerpt":{"rendered":"<p>LELO LUNA BEADS<\/p>","protected":false},"featured_media":66930,"comment_status":"open","ping_status":"closed","template":"","meta":{"_monsterinsights_skip_tracking":false,"_monsterinsights_sitenote_active":false,"_monsterinsights_sitenote_note":"","_monsterinsights_sitenote_category":0,"_joinchat":[]},"product_brand":[],"product_cat":[1158,1264,1152],"product_tag":[],"class_list":{"0":"post-2519","1":"product","2":"type-product","3":"status-publish","4":"has-post-thumbnail","6":"product_cat-juguetes-bienestar-bolas","7":"product_cat-juguetes-bienestar-bolasbolas-basicas","8":"product_cat-juguetes-bienestar","9":"yith_product_brand-lelo","11":"first","12":"instock","13":"taxable","14":"shipping-taxable","15":"purchasable","16":"product-type-simple"},"aioseo_notices":[],"_links":{"self":[{"href":"https:\/\/www.mysexualfantasy.eu\/en\/wp-json\/wp\/v2\/product\/2519","targetHints":{"allow":["GET"]}}],"collection":[{"href":"https:\/\/www.mysexualfantasy.eu\/en\/wp-json\/wp\/v2\/product"}],"about":[{"href":"https:\/\/www.mysexualfantasy.eu\/en\/wp-json\/wp\/v2\/types\/product"}],"replies":[{"embeddable":true,"href":"https:\/\/www.mysexualfantasy.eu\/en\/wp-json\/wp\/v2\/comments?post=2519"}],"wp:featuredmedia":[{"embeddable":true,"href":"https:\/\/www.mysexualfantasy.eu\/en\/wp-json\/wp\/v2\/media\/66930"}],"wp:attachment":[{"href":"https:\/\/www.mysexualfantasy.eu\/en\/wp-json\/wp\/v2\/media?parent=2519"}],"wp:term":[{"taxonomy":"product_brand","embeddable":true,"href":"https:\/\/www.mysexualfantasy.eu\/en\/wp-json\/wp\/v2\/product_brand?post=2519"},{"taxonomy":"product_cat","embeddable":true,"href":"https:\/\/www.mysexualfantasy.eu\/en\/wp-json\/wp\/v2\/product_cat?post=2519"},{"taxonomy":"product_tag","embeddable":true,"href":"https:\/\/www.mysexualfantasy.eu\/en\/wp-json\/wp\/v2\/product_tag?post=2519"}],"curies":[{"name":"wp","href":"https:\/\/api.w.org\/{rel}","templated":true}]}}