{"id":25280,"date":"2023-01-13T11:44:11","date_gmt":"2023-01-13T11:44:11","guid":{"rendered":"https:\/\/www.mysexualfantasy.eu\/?post_type=product&#038;p=25280"},"modified":"2023-12-06T15:53:21","modified_gmt":"2023-12-06T15:53:21","slug":"pretty-love-bottom-plug-con-vibracion-y-rotacion","status":"publish","type":"product","link":"https:\/\/www.mysexualfantasy.eu\/en\/product\/pretty-love-bottom-plug-con-vibracion-y-rotacion\/","title":{"rendered":"PRETTY LOVE BOTTOM &#8211; PLUG CON VIBRACION Y ROTACION"},"content":{"rendered":"<p>Disfruta\u00a0del incre\u00edble placer anal\u00a0con el plug anal de\u00a0Pretty Love.\u00a0Con sus 4 modos de vibraci\u00f3n y 4 modos de rotaci\u00f3n, le garantizamos que le encantar\u00e1\u00a0este juguete anal. Descubre nuevas sensaciones que te proporciona este plug.\u00a0Bonito y elegante dise\u00f1o,\u00a0recargable con el cable\u00a0USB y es totalmente sumergible para una mayor libertad de juego y una limpieza m\u00e1s f\u00e1cil.<\/p>\n<p>\u00a0<\/p>\n<p>Caracter\u00edsticas:\u00a0<\/p>\n<ul>\n<li>4 modos de vibraci\u00f3n\u00a0<\/li>\n<li>4 modos\u00a0de rotaci\u00f3n\u00a0<\/li>\n<li>Con el mando a distancia\u00a0<\/li>\n<li>Fuerte base de succi\u00f3n<\/li>\n<li>Silicona suave de alta calidad<\/li>\n<li>Sumergible\u00a0<\/li>\n<li>Recargable USB<\/li>\n<li>Medida:Ver imagen\u00a0<\/li>\n<li>Color. Negro\u00a0<\/li>\n<\/ul>\n<p>Pretty Love fabrica productos con altos est\u00e1ndares de calidad. Todos sus productos est\u00e1 dise\u00f1ados en EEUU y tienen 1 a\u00f1o de garant\u00eda por defecto t\u00e9cnico.<\/p>\n<p>\u00a1El placer asegurado!<\/p>","protected":false},"excerpt":{"rendered":"<p>PRETTY LOVE BOTTOM &#8211; PLUG VIBRATION AND ROTATION FUNCTION<\/p>","protected":false},"featured_media":42162,"comment_status":"open","ping_status":"closed","template":"","meta":{"_monsterinsights_skip_tracking":false,"_monsterinsights_sitenote_active":false,"_monsterinsights_sitenote_note":"","_monsterinsights_sitenote_category":0,"_joinchat":[]},"product_brand":[],"product_cat":[1162,1152,1189,1153,1305,1154],"product_tag":[],"class_list":{"0":"post-25280","1":"product","2":"type-product","3":"status-publish","4":"has-post-thumbnail","6":"product_cat-juguetes-bienestar-anal","7":"product_cat-juguetes-bienestar","8":"product_cat-juguetes-bienestar-analplugs-anales","9":"product_cat-juguetes-bienestar-vibradores","10":"product_cat-juguetes-bienestar-analvibradores-anales","11":"product_cat-juguetes-bienestar-vibradoresvibradores-control-remoto","12":"yith_product_brand-pretty-love","13":"yith_product_brand-pretty-lovepretty-love-bottom","15":"first","16":"instock","17":"taxable","18":"shipping-taxable","19":"purchasable","20":"product-type-simple"},"aioseo_notices":[],"_links":{"self":[{"href":"https:\/\/www.mysexualfantasy.eu\/en\/wp-json\/wp\/v2\/product\/25280","targetHints":{"allow":["GET"]}}],"collection":[{"href":"https:\/\/www.mysexualfantasy.eu\/en\/wp-json\/wp\/v2\/product"}],"about":[{"href":"https:\/\/www.mysexualfantasy.eu\/en\/wp-json\/wp\/v2\/types\/product"}],"replies":[{"embeddable":true,"href":"https:\/\/www.mysexualfantasy.eu\/en\/wp-json\/wp\/v2\/comments?post=25280"}],"wp:featuredmedia":[{"embeddable":true,"href":"https:\/\/www.mysexualfantasy.eu\/en\/wp-json\/wp\/v2\/media\/42162"}],"wp:attachment":[{"href":"https:\/\/www.mysexualfantasy.eu\/en\/wp-json\/wp\/v2\/media?parent=25280"}],"wp:term":[{"taxonomy":"product_brand","embeddable":true,"href":"https:\/\/www.mysexualfantasy.eu\/en\/wp-json\/wp\/v2\/product_brand?post=25280"},{"taxonomy":"product_cat","embeddable":true,"href":"https:\/\/www.mysexualfantasy.eu\/en\/wp-json\/wp\/v2\/product_cat?post=25280"},{"taxonomy":"product_tag","embeddable":true,"href":"https:\/\/www.mysexualfantasy.eu\/en\/wp-json\/wp\/v2\/product_tag?post=25280"}],"curies":[{"name":"wp","href":"https:\/\/api.w.org\/{rel}","templated":true}]}}