{"id":25281,"date":"2023-01-13T14:51:41","date_gmt":"2023-01-13T14:51:41","guid":{"rendered":"https:\/\/www.mysexualfantasy.eu\/?post_type=product&#038;p=25281"},"modified":"2023-12-06T16:01:20","modified_gmt":"2023-12-06T16:01:20","slug":"pretty-love-smart-otis-estimulador-succionador","status":"publish","type":"product","link":"https:\/\/www.mysexualfantasy.eu\/en\/product\/pretty-love-smart-otis-estimulador-succionador\/","title":{"rendered":"PRETTY LOVE SMART &#8211; OTIS ESTIMULADOR SUCCIONADOR"},"content":{"rendered":"<p>Este estimulador succionador tiene 7 diferentes modos de succi\u00f3n. Viene con un cargador, es muy c\u00f3modo para que lo lleves contigo donde quieras. Tiene funci\u00f3n de auto limpieza aunque sea\u00a0muy f\u00e1cil de limpiar. Destaca con su dise\u00f1o gracias a su ergon\u00f3mica forma y es muy silencioso.<\/p>\n<p>Caracter\u00edsticas:\u00a0<\/p>\n<ul>\n<li>7 modos de succi\u00f3n<\/li>\n<li>Silicona suave de primera calidad<\/li>\n<li>Sumergible<\/li>\n<li>Funci\u00f3n de auto limpieza\u00a0<\/li>\n<li>Recargable USB<\/li>\n<li>Medida: Ver imagen\u00a0<\/li>\n<li>Color. Negro y dorado<\/li>\n<\/ul>\n<p>Pretty Love fabrica los productos,\u00a0dise\u00f1ados en Estados Unidos y tienen 1 a\u00f1o de garant\u00eda en defectos t\u00e9cnicos.<\/p>","protected":false},"excerpt":{"rendered":"<p>PRETTY LOVE SMART &#8211; OTIS RECHARGEABLE SUCKER<\/p>","protected":false},"featured_media":71998,"comment_status":"open","ping_status":"closed","template":"","meta":{"_monsterinsights_skip_tracking":false,"_monsterinsights_sitenote_active":false,"_monsterinsights_sitenote_note":"","_monsterinsights_sitenote_category":0,"_joinchat":[]},"product_brand":[],"product_cat":[1156,1152,1155,1314],"product_tag":[],"class_list":{"0":"post-25281","1":"product","2":"type-product","3":"status-publish","4":"has-post-thumbnail","6":"product_cat-juguetes-bienestar-juguetes-para-mujeresestimuladores","7":"product_cat-juguetes-bienestar","8":"product_cat-juguetes-bienestar-juguetes-para-mujeres","9":"product_cat-juguetes-bienestar-juguetes-para-mujeressuccionadores","10":"yith_product_brand-pretty-love","11":"yith_product_brand-pretty-lovepretty-love-smart","13":"first","14":"instock","15":"taxable","16":"shipping-taxable","17":"purchasable","18":"product-type-simple"},"aioseo_notices":[],"_links":{"self":[{"href":"https:\/\/www.mysexualfantasy.eu\/en\/wp-json\/wp\/v2\/product\/25281","targetHints":{"allow":["GET"]}}],"collection":[{"href":"https:\/\/www.mysexualfantasy.eu\/en\/wp-json\/wp\/v2\/product"}],"about":[{"href":"https:\/\/www.mysexualfantasy.eu\/en\/wp-json\/wp\/v2\/types\/product"}],"replies":[{"embeddable":true,"href":"https:\/\/www.mysexualfantasy.eu\/en\/wp-json\/wp\/v2\/comments?post=25281"}],"wp:featuredmedia":[{"embeddable":true,"href":"https:\/\/www.mysexualfantasy.eu\/en\/wp-json\/wp\/v2\/media\/71998"}],"wp:attachment":[{"href":"https:\/\/www.mysexualfantasy.eu\/en\/wp-json\/wp\/v2\/media?parent=25281"}],"wp:term":[{"taxonomy":"product_brand","embeddable":true,"href":"https:\/\/www.mysexualfantasy.eu\/en\/wp-json\/wp\/v2\/product_brand?post=25281"},{"taxonomy":"product_cat","embeddable":true,"href":"https:\/\/www.mysexualfantasy.eu\/en\/wp-json\/wp\/v2\/product_cat?post=25281"},{"taxonomy":"product_tag","embeddable":true,"href":"https:\/\/www.mysexualfantasy.eu\/en\/wp-json\/wp\/v2\/product_tag?post=25281"}],"curies":[{"name":"wp","href":"https:\/\/api.w.org\/{rel}","templated":true}]}}