{"id":25330,"date":"2023-01-13T12:02:57","date_gmt":"2023-01-13T12:02:57","guid":{"rendered":"https:\/\/www.mysexualfantasy.eu\/?post_type=product&#038;p=25330"},"modified":"2023-12-06T16:01:27","modified_gmt":"2023-12-06T16:01:27","slug":"super-vibrator-huevo-vibrador-con-estimulador","status":"publish","type":"product","link":"https:\/\/www.mysexualfantasy.eu\/en\/product\/super-vibrator-huevo-vibrador-con-estimulador\/","title":{"rendered":"SUPER VIBRATOR HUEVO VIBRADOR CON ESTIMULADOR"},"content":{"rendered":"<p>El huevo\u00a0vibrador\u00a0con un dise\u00f1o especial, manejable\u00a0y con intensas vibraciones.\u00a0Gana a\u00a0un huevo cl\u00e1sico, aport\u00e1ndole m\u00e1s textura y\u00a0vibraciones en la parte superior.<\/p>\n<p>Muy manejable, ideal para estimular el cl\u00edtoris, los pezones o el glande del pene, puedes usarlo a solas o con tu pareja.\u00a0El tama\u00f1o m\u00e1s peque\u00f1o es perfecto para los principiantes para empezar a experimentar los juguetes er\u00f3ticos.<\/p>\n<p>Un mando a distancia elegante te permite cambiar la intensidad de las vibraciones. Las vibraciones son muy\u00a0silenciosas y discretas para disfrutar sin preocupaciones. Es f\u00e1cil de\u00a0limpiar y mantener, simplemente usando agua con\u00a0jab\u00f3n o un producto limpiador para los juguetes er\u00f3ticos.<\/p>\n<ul>\n<li>Compatible con lubricantes a base de agua y silicona<\/li>\n<li>Funciona con 2 pilas AA.<\/li>\n<li>No se recomienda su uso en el agua.<\/li>\n<\/ul>\n<p>\u00a0<\/p>","protected":false},"excerpt":{"rendered":"<p>SUPER VIBRATOR VIBRATING EGG WITH STIMULATOR<\/p>","protected":false},"featured_media":45055,"comment_status":"open","ping_status":"closed","template":"","meta":{"_monsterinsights_skip_tracking":false,"_monsterinsights_sitenote_active":false,"_monsterinsights_sitenote_note":"","_monsterinsights_sitenote_category":0,"_joinchat":[]},"product_brand":[],"product_cat":[1193,1156,1152,1155,1165,1153],"product_tag":[],"class_list":{"0":"post-25330","1":"product","2":"type-product","3":"status-publish","4":"has-post-thumbnail","6":"product_cat-juguetes-bienestar-vibradores100-sumergible","7":"product_cat-juguetes-bienestar-juguetes-para-mujeresestimuladores","8":"product_cat-juguetes-bienestar","9":"product_cat-juguetes-bienestar-juguetes-para-mujeres","10":"product_cat-juguetes-bienestar-juguetes-para-mujeresmasturbadores-para-ellas","11":"product_cat-juguetes-bienestar-vibradores","12":"yith_product_brand-baile","13":"yith_product_brand-bailebaile-stimulating","15":"first","16":"instock","17":"taxable","18":"shipping-taxable","19":"purchasable","20":"product-type-simple"},"aioseo_notices":[],"_links":{"self":[{"href":"https:\/\/www.mysexualfantasy.eu\/en\/wp-json\/wp\/v2\/product\/25330","targetHints":{"allow":["GET"]}}],"collection":[{"href":"https:\/\/www.mysexualfantasy.eu\/en\/wp-json\/wp\/v2\/product"}],"about":[{"href":"https:\/\/www.mysexualfantasy.eu\/en\/wp-json\/wp\/v2\/types\/product"}],"replies":[{"embeddable":true,"href":"https:\/\/www.mysexualfantasy.eu\/en\/wp-json\/wp\/v2\/comments?post=25330"}],"wp:featuredmedia":[{"embeddable":true,"href":"https:\/\/www.mysexualfantasy.eu\/en\/wp-json\/wp\/v2\/media\/45055"}],"wp:attachment":[{"href":"https:\/\/www.mysexualfantasy.eu\/en\/wp-json\/wp\/v2\/media?parent=25330"}],"wp:term":[{"taxonomy":"product_brand","embeddable":true,"href":"https:\/\/www.mysexualfantasy.eu\/en\/wp-json\/wp\/v2\/product_brand?post=25330"},{"taxonomy":"product_cat","embeddable":true,"href":"https:\/\/www.mysexualfantasy.eu\/en\/wp-json\/wp\/v2\/product_cat?post=25330"},{"taxonomy":"product_tag","embeddable":true,"href":"https:\/\/www.mysexualfantasy.eu\/en\/wp-json\/wp\/v2\/product_tag?post=25330"}],"curies":[{"name":"wp","href":"https:\/\/api.w.org\/{rel}","templated":true}]}}