{"id":25339,"date":"2023-01-13T12:02:58","date_gmt":"2023-01-13T12:02:58","guid":{"rendered":"https:\/\/www.mysexualfantasy.eu\/?post_type=product&#038;p=25339"},"modified":"2023-12-06T16:01:27","modified_gmt":"2023-12-06T16:01:27","slug":"vibro-finger-dedal-estimulador","status":"publish","type":"product","link":"https:\/\/www.mysexualfantasy.eu\/en\/product\/vibro-finger-dedal-estimulador\/","title":{"rendered":"VIBRO FINGER DEDAL ESTIMULADOR"},"content":{"rendered":"<p>A\u00f1ade un poco de chispa a tus juegos a solas o disfruta de este dedal vibrador jugando con tu pareja y descubres sensaciones nuevas durante el sexo oral o vaginal.<\/p>\n<p>Es muy discreto, se desliza en el dedo como un anillo, puedes usarlo donde t\u00fa quieras. Es peque\u00f1o y cabe perfectamente en el bolsillo, bolso o en tu mesita de noche. A pesar de su tama\u00f1o compacto, tiene fuertes vibraciones y es s\u00faper suave.<\/p>\n<ul>\n<li>Material: TPR y ABS <\/li>\n<li>10 modos de vibraci\u00f3n<\/li>\n<li>F\u00e1cil de usar. <\/li>\n<li>Pilas: 3xLR44 <\/li>\n<li>Texturizado para una mayor estimulaci\u00f3n<\/li>\n<li>Suave <\/li>\n<li>Super el\u00e1stico <\/li>\n<\/ul>","protected":false},"excerpt":{"rendered":"<p>VIBRO FINGER FINGER TIP STIMULATING<\/p>","protected":false},"featured_media":45060,"comment_status":"open","ping_status":"closed","template":"","meta":{"_monsterinsights_skip_tracking":false,"_monsterinsights_sitenote_active":false,"_monsterinsights_sitenote_note":"","_monsterinsights_sitenote_category":0,"_joinchat":[]},"product_brand":[],"product_cat":[1156,1152,1155,1153,1312],"product_tag":[],"class_list":{"0":"post-25339","1":"product","2":"type-product","3":"status-publish","4":"has-post-thumbnail","6":"product_cat-juguetes-bienestar-juguetes-para-mujeresestimuladores","7":"product_cat-juguetes-bienestar","8":"product_cat-juguetes-bienestar-juguetes-para-mujeres","9":"product_cat-juguetes-bienestar-vibradores","10":"product_cat-juguetes-bienestar-vibradoresvibradores-dedo","11":"yith_product_brand-baile","12":"yith_product_brand-bailebaile-stimulating","14":"first","15":"instock","16":"taxable","17":"shipping-taxable","18":"purchasable","19":"product-type-simple"},"aioseo_notices":[],"_links":{"self":[{"href":"https:\/\/www.mysexualfantasy.eu\/en\/wp-json\/wp\/v2\/product\/25339","targetHints":{"allow":["GET"]}}],"collection":[{"href":"https:\/\/www.mysexualfantasy.eu\/en\/wp-json\/wp\/v2\/product"}],"about":[{"href":"https:\/\/www.mysexualfantasy.eu\/en\/wp-json\/wp\/v2\/types\/product"}],"replies":[{"embeddable":true,"href":"https:\/\/www.mysexualfantasy.eu\/en\/wp-json\/wp\/v2\/comments?post=25339"}],"wp:featuredmedia":[{"embeddable":true,"href":"https:\/\/www.mysexualfantasy.eu\/en\/wp-json\/wp\/v2\/media\/45060"}],"wp:attachment":[{"href":"https:\/\/www.mysexualfantasy.eu\/en\/wp-json\/wp\/v2\/media?parent=25339"}],"wp:term":[{"taxonomy":"product_brand","embeddable":true,"href":"https:\/\/www.mysexualfantasy.eu\/en\/wp-json\/wp\/v2\/product_brand?post=25339"},{"taxonomy":"product_cat","embeddable":true,"href":"https:\/\/www.mysexualfantasy.eu\/en\/wp-json\/wp\/v2\/product_cat?post=25339"},{"taxonomy":"product_tag","embeddable":true,"href":"https:\/\/www.mysexualfantasy.eu\/en\/wp-json\/wp\/v2\/product_tag?post=25339"}],"curies":[{"name":"wp","href":"https:\/\/api.w.org\/{rel}","templated":true}]}}